{"id":1039,"date":"2020-06-30T19:55:47","date_gmt":"2020-06-30T19:55:47","guid":{"rendered":"https:\/\/sissi3sd.fr\/?page_id=1039"},"modified":"2020-07-09T07:50:19","modified_gmt":"2020-07-09T07:50:19","slug":"contrat-dentretien-desinsectisation","status":"publish","type":"page","link":"https:\/\/sissi3sd.fr\/?page_id=1039","title":{"rendered":"Contrat d&rsquo;entretien d\u00e9sinsectisation"},"content":{"rendered":"\t\t<div data-elementor-type=\"wp-page\" data-elementor-id=\"1039\" class=\"elementor elementor-1039\">\n\t\t\t\t\t\t<div class=\"elementor-inner\">\n\t\t\t\t<div class=\"elementor-section-wrap\">\n\t\t\t\t\t\t\t\t\t<section class=\"elementor-section elementor-top-section elementor-element elementor-element-1591518 elementor-section-boxed elementor-section-height-default elementor-section-height-default\" data-id=\"1591518\" data-element_type=\"section\">\n\t\t\t\t\t\t<div class=\"elementor-container elementor-column-gap-default\">\n\t\t\t\t\t\t\t<div class=\"elementor-row\">\n\t\t\t\t\t<div class=\"elementor-column elementor-col-100 elementor-top-column elementor-element elementor-element-b3f5ddd\" data-id=\"b3f5ddd\" data-element_type=\"column\">\n\t\t\t<div class=\"elementor-column-wrap elementor-element-populated\">\n\t\t\t\t\t\t\t<div class=\"elementor-widget-wrap\">\n\t\t\t\t\t\t<div class=\"elementor-element elementor-element-8c3dbe5 elementor-widget elementor-widget-text-editor\" data-id=\"8c3dbe5\" data-element_type=\"widget\" data-widget_type=\"text-editor.default\">\n\t\t\t\t<div class=\"elementor-widget-container\">\n\t\t\t\t\t\t\t\t<div class=\"elementor-text-editor elementor-clearfix\">\n\t\t\t\t<p>Nous mettons en place un contrat annuel d\u2019hygi\u00e8ne de d\u00e9ratisation et d\u00e9sinsectisation destin\u00e9 aux professionnels du secteur alimentaire (boucheries, boulangeries, restaurants, supermarch\u00e9s\u2026) ainsi qu\u2019aux h\u00f4tels, EHPAD, entrep\u00f4t de stockage, bureaux, campings, cr\u00e8ches, locaux commerciaux etc\u2026pr\u00e9sentant des risques de nuisibles.<\/p><p>La pr\u00e9sence de rongeurs et d\u2019insectes ne peut \u00eatre accept\u00e9e pour des raisons de s\u00e9curit\u00e9, de nuisances et de risques \u00e9pid\u00e9miologiques.<\/p><p>L\u2019efficacit\u00e9 d\u2019une d\u00e9ratisation ou d\u2019une d\u00e9sinsectisation repose sur\u00a0<strong>4 crit\u00e8res :<\/strong><\/p><ol><li><strong>L\u2019analyse de l\u2019infection<\/strong><\/li><li><strong>L\u2019\u00e9tude des sites infect\u00e9s<\/strong><\/li><li><strong>Le choix du rodenticide ou insecticide<\/strong><\/li><li><strong>La mise en \u0153uvre d\u2019une m\u00e9trologie appropri\u00e9e<\/strong><\/li><\/ol>\t\t\t\t\t<\/div>\n\t\t\t\t\t\t<\/div>\n\t\t\t\t<\/div>\n\t\t\t\t\t\t<\/div>\n\t\t\t\t\t<\/div>\n\t\t<\/div>\n\t\t\t\t\t\t\t\t<\/div>\n\t\t\t\t\t<\/div>\n\t\t<\/section>\n\t\t\t\t<section class=\"elementor-section elementor-top-section elementor-element elementor-element-c25d828 elementor-section-boxed elementor-section-height-default elementor-section-height-default\" data-id=\"c25d828\" data-element_type=\"section\">\n\t\t\t\t\t\t<div class=\"elementor-container elementor-column-gap-default\">\n\t\t\t\t\t\t\t<div class=\"elementor-row\">\n\t\t\t\t\t<div class=\"elementor-column elementor-col-100 elementor-top-column elementor-element elementor-element-b669da9\" data-id=\"b669da9\" data-element_type=\"column\">\n\t\t\t<div class=\"elementor-column-wrap elementor-element-populated\">\n\t\t\t\t\t\t\t<div class=\"elementor-widget-wrap\">\n\t\t\t\t\t\t<div class=\"elementor-element elementor-element-a7a2bba elementor-widget elementor-widget-text-editor\" data-id=\"a7a2bba\" data-element_type=\"widget\" data-widget_type=\"text-editor.default\">\n\t\t\t\t<div class=\"elementor-widget-container\">\n\t\t\t\t\t\t\t\t<div class=\"elementor-text-editor elementor-clearfix\">\n\t\t\t\t<h3><a class=\"blog-article-title\" href=\"https:\/\/www.deratisation-paris-75.fr\/derat-blog\/articles\/l-importance-d-avoir-un-contrat-annuel-de-desinsectisation\">L\u2019importance d\u2019avoir un contrat annuel de d\u00e9sinsectisation<\/a><\/h3><p>Vous avez des insectes dans votre logement ou sur votre lieu de travail et vous voulez vous en d\u00e9barrasser\u00a0? L\u2019exterminateur d\u2019insectes peut alors vous proposer ses services et mettre plusieurs sortes de contrats \u00e0 votre disposition, dont celui qui a une p\u00e9riode de validit\u00e9 12 mois.<\/p><div id=\"container_10237355\" class=\" sb-bloc sb-bloc-level-3 bloc-element-title  \"><div class=\"element element-title theme-skin\"><h3><span class=\"element-title-inner\">Description du contrat annuel de d\u00e9sinsectisation<\/span><\/h3><\/div><\/div><div id=\"container_10237358\" class=\" sb-bloc sb-bloc-level-3 bloc-element-text  \"><div class=\"element element-text displayed_in_1_column\" spellcheck=\"true\"><h6>Le\u00a0contrat annuel de d\u00e9sinsectisation\u00a0est un accord qui permet aux victimes d\u2019invasion d\u2019insectes de b\u00e9n\u00e9ficier d\u2019un traitement continu de leur bureau ou de leur maison sur une dur\u00e9e de 12 mois. Il est destin\u00e9 aux particuliers, aux restaurateurs, aux pharmaciens, aux boulangers, aux commer\u00e7ants en tous genres, aux \u00e9coles, aux h\u00f4pitaux et aux cliniques ainsi qu\u2019aux propri\u00e9taires des logements en location. Il concerne tous les types d\u2019insectes dont les mites, les puces et les punaises de lit, les fourmis ainsi que les moustiques. Il contient des clauses sur les\u00a0<a href=\"https:\/\/www.deratisation-paris-75.fr\/tarif-nuisibles-paris\" target=\"_blank\" rel=\"noopener\"><span class=\"color-c-2\">tarifs d\u2019extermination de nuisibles<\/span><\/a>\u00a0et sur les \u00e9quipements \u00e0 utiliser lors de l\u2019intervention, la dur\u00e9e et la fr\u00e9quence de traitement ainsi les offres de couverture. Effectivement, gr\u00e2ce \u00e0 lui tous les clients qui ont besoin de l\u2019aide d\u2019un exterminateur professionnel b\u00e9n\u00e9ficient de plusieurs avantages.<\/h6><div id=\"container_10237361\" class=\" sb-bloc sb-bloc-level-3 bloc-element-title  \"><div class=\"element element-title theme-skin\"><h3><span class=\"element-title-inner\">Ses avantages sur la r\u00e9alisation des travaux<\/span><\/h3><\/div><\/div><div id=\"container_10237364\" class=\" sb-bloc sb-bloc-level-3 bloc-element-text  \"><div class=\"element element-text displayed_in_1_column\" spellcheck=\"true\"><p>Lors de ses op\u00e9rations, un expert en extermination d\u2019insectes proc\u00e8de en plusieurs \u00e9tapes \u00e0 savoir\u00a0: l\u2019identification des insectes, le traitement proprement dit et le suivi de l\u2019\u00e9volution de la situation. Effectivement, cela est n\u00e9cessaire pour des r\u00e9sultats garantis. Cependant, avec les contrats de courte dur\u00e9e une telle intervention n\u2019est pas efficace. C\u2019est le\u00a0<strong>contrat annuel de d\u00e9sinsectisation<\/strong>\u00a0qui permet alors \u00e0 l\u2019exterminateur de r\u00e9aliser correctement ses travaux. Gr\u00e2ce \u00e0 lui, il dispose d\u2019une p\u00e9riode assez longue pour mettre ses connaissances en application. En effet, apr\u00e8s un premier passage, s\u2019il constate que les nuisibles continuent \u00e0 faire des ravages, il peut d\u00e9cider de remplacer tous les dispositifs ainsi que les insecticides qu\u2019il a install\u00e9s. Il r\u00e9p\u00e8te la m\u00eame op\u00e9ration jusqu\u2019\u00e0 ce que toute la maison ou le bureau retrouve sa salubrit\u00e9. De cette qualit\u00e9 de l\u2019intervention d\u00e9coule un autre avantage\u00a0: l\u2019inexistence de d\u00e9penses superflues.<\/p><\/div><\/div><div id=\"container_10237367\" class=\" sb-bloc sb-bloc-level-3 bloc-element-title  \"><div class=\"element element-title theme-skin\"><h3><span class=\"element-title-inner\">Ses apports au niveau du budget<\/span><\/h3><\/div><\/div><div id=\"container_10237370\" class=\" sb-bloc sb-bloc-level-3 bloc-element-text  \"><div class=\"element element-text displayed_in_1_column\" spellcheck=\"true\"><p>En choisissant le\u00a0<strong>contrat annuel de d\u00e9sinsectisation<\/strong>, les particuliers et les professionnels n\u2019ont pas de soucis budg\u00e9taires. Le prestataire qui prend en charge les travaux d\u2019extermination \u00e9tablit un travail pr\u00e9alable avant son intervention pour d\u00e9terminer \u00e0 l\u2019avance le montant qu\u2019ils doivent payer. Il \u00e9tudie alors le niveau d\u2019infestation, l\u2019\u00e9loignement du chantier par rapport \u00e0 son si\u00e8ge, les mat\u00e9riels qu\u2019il doit apporter ainsi que le nombre de passages. En effet, tous ceux qui font appel \u00e0 lui peuvent pr\u00e9voir les d\u00e9penses \u00e0 r\u00e9aliser. Un contrat qui s\u2019\u00e9tend sur 12 mois permet \u00e9galement d\u2019\u00e9viter les interventions suppl\u00e9mentaires et, par cons\u00e9quent, les frais de travaux en plus. Outre les avantages aux niveaux financiers et techniques, tous ceux qui collaborent avec un exterminateur sont \u00e0 l\u2019abri des incidents.<\/p><div id=\"container_10237373\" class=\" sb-bloc sb-bloc-level-3 bloc-element-title  \"><div class=\"element element-title theme-skin\"><h4><span class=\"element-title-inner\">Ses avantages sur la s\u00e9curisation<\/span><\/h4><\/div><\/div><div id=\"container_10237376\" class=\" sb-bloc sb-bloc-level-3 bloc-element-text  \"><div class=\"element element-text displayed_in_1_column\" spellcheck=\"true\"><p>Avec un\u00a0<strong>contrat annuel de d\u00e9sinsectisation<\/strong>, l\u2019exterminateur peut assurer la s\u00e9curit\u00e9 de ceux qui font appel \u00e0 lui. Lors de son intervention, il met en application toutes les connaissances qu\u2019il a acquises lors de ses formations afin de prot\u00e9ger les occupants de son lieu de travail. Effectivement, c\u2019est un expert certifi\u00e9 dans la manipulation de produits phytosanitaires. S\u2019ajoutant \u00e0 cela, il a \u00e9galement la possibilit\u00e9 de venir \u00e0 l\u2019aide de ses clients \u00e0 n\u2019importe quel moment si ceux-ci ont des soucis avec les dispositifs install\u00e9s. S\u2019ajoutant \u00e0 cela, il peut leur offrir une assistance \u00e0 distance.\u00a0<\/p><\/div><\/div><div id=\"container_10237379\" class=\" sb-bloc sb-bloc-level-3 bloc-element-title  \"><div class=\"element element-title theme-skin\"><h4><span class=\"element-title-inner\">Respect de l\u2019obligation de d\u00e9sinsectisation<\/span><\/h4><\/div><\/div><div id=\"container_10237382\" class=\" sb-bloc sb-bloc-level-3 bloc-element-text  \"><div class=\"element element-text displayed_in_1_column\" spellcheck=\"true\"><p>Selon les normes sanitaires impos\u00e9es par les d\u00e9partements depuis le 09 ao\u00fbt 1978, \u00e0 leur article 130.5 et 125.1, tous les \u00e9tablissements qui commercialisent de la nourriture doivent effectuer une d\u00e9sinsectisation r\u00e9guli\u00e8re de leur local. Cette obligation concerne alors les restaurants, les h\u00f4tels ainsi que les entreprises de distribution et de production d\u2019aliments. L\u2019<a href=\"https:\/\/www.deratisation-paris-75.fr\/derat-blog\/articles\/pourquoi-l-extermination-de-nuisibles-doit-passer-par-un-deratiseur-avec-de-bons-avis\" target=\"_blank\" rel=\"noopener\"><span class=\"color-c-2\">extermination des nuisibles<\/span><\/a>\u00a0est \u00e9galement requise pour tous les propri\u00e9taires de logement en location. Selon les textes l\u00e9gaux parus le 6 juillet 1989, \u00e0 l\u2019article 6, ils doivent s\u2019assurer que leurs biens soient en \u00e9tat d\u2019accueillir des locataires. Ils ont alors comme obligation de traiter les vide-ordures, les conduits d\u2019\u00e9vacuation ainsi que les toutes les infrastructures infest\u00e9es.\u00a0Un locataire peut alors porter l\u2019affaire en justice en cas de non-respect de ces lois sur la d\u00e9sinsectisation. Gr\u00e2ce \u00e0 ce contrat de longue dur\u00e9e, ils assurent la salubrit\u00e9 de leurs biens et \u00e9vitent les litiges.<\/p><\/div><\/div><\/div><\/div><\/div><\/div>\t\t\t\t\t<\/div>\n\t\t\t\t\t\t<\/div>\n\t\t\t\t<\/div>\n\t\t\t\t\t\t<\/div>\n\t\t\t\t\t<\/div>\n\t\t<\/div>\n\t\t\t\t\t\t\t\t<\/div>\n\t\t\t\t\t<\/div>\n\t\t<\/section>\n\t\t\t\t\t\t\t\t\t<\/div>\n\t\t\t<\/div>\n\t\t\t\t\t<\/div>\n\t\t","protected":false},"excerpt":{"rendered":"<p>Nous mettons en place un contrat annuel d\u2019hygi\u00e8ne de d\u00e9ratisation et d\u00e9sinsectisation destin\u00e9 aux professionnels du secteur alimentaire (boucheries, boulangeries, restaurants, supermarch\u00e9s\u2026) ainsi qu\u2019aux h\u00f4tels, EHPAD,<span class=\"excerpt-hellip\"> [\u2026]<\/span><\/p>\n","protected":false},"author":1,"featured_media":0,"parent":0,"menu_order":0,"comment_status":"closed","ping_status":"closed","template":"","meta":[],"_links":{"self":[{"href":"https:\/\/sissi3sd.fr\/index.php?rest_route=\/wp\/v2\/pages\/1039"}],"collection":[{"href":"https:\/\/sissi3sd.fr\/index.php?rest_route=\/wp\/v2\/pages"}],"about":[{"href":"https:\/\/sissi3sd.fr\/index.php?rest_route=\/wp\/v2\/types\/page"}],"author":[{"embeddable":true,"href":"https:\/\/sissi3sd.fr\/index.php?rest_route=\/wp\/v2\/users\/1"}],"replies":[{"embeddable":true,"href":"https:\/\/sissi3sd.fr\/index.php?rest_route=%2Fwp%2Fv2%2Fcomments&post=1039"}],"version-history":[{"count":4,"href":"https:\/\/sissi3sd.fr\/index.php?rest_route=\/wp\/v2\/pages\/1039\/revisions"}],"predecessor-version":[{"id":1150,"href":"https:\/\/sissi3sd.fr\/index.php?rest_route=\/wp\/v2\/pages\/1039\/revisions\/1150"}],"wp:attachment":[{"href":"https:\/\/sissi3sd.fr\/index.php?rest_route=%2Fwp%2Fv2%2Fmedia&parent=1039"}],"curies":[{"name":"wp","href":"https:\/\/api.w.org\/{rel}","templated":true}]}}