{"id":1041,"date":"2020-06-30T19:56:25","date_gmt":"2020-06-30T19:56:25","guid":{"rendered":"https:\/\/sissi3sd.fr\/?page_id=1041"},"modified":"2020-07-09T07:40:31","modified_gmt":"2020-07-09T07:40:31","slug":"intervention-ponctuelle-desinsectisation","status":"publish","type":"page","link":"https:\/\/sissi3sd.fr\/?page_id=1041","title":{"rendered":"Intervention ponctuelle d\u00e9sinsectisation"},"content":{"rendered":"\t\t<div data-elementor-type=\"wp-page\" data-elementor-id=\"1041\" class=\"elementor elementor-1041\">\n\t\t\t\t\t\t<div class=\"elementor-inner\">\n\t\t\t\t<div class=\"elementor-section-wrap\">\n\t\t\t\t\t\t\t\t\t<section class=\"elementor-section elementor-top-section elementor-element elementor-element-f9534d9 elementor-section-boxed elementor-section-height-default elementor-section-height-default\" data-id=\"f9534d9\" data-element_type=\"section\">\n\t\t\t\t\t\t<div class=\"elementor-container elementor-column-gap-default\">\n\t\t\t\t\t\t\t<div class=\"elementor-row\">\n\t\t\t\t\t<div class=\"elementor-column elementor-col-100 elementor-top-column elementor-element elementor-element-dde9d3b\" data-id=\"dde9d3b\" data-element_type=\"column\">\n\t\t\t<div class=\"elementor-column-wrap elementor-element-populated\">\n\t\t\t\t\t\t\t<div class=\"elementor-widget-wrap\">\n\t\t\t\t\t\t<div class=\"elementor-element elementor-element-59e824f elementor-widget elementor-widget-text-editor\" data-id=\"59e824f\" data-element_type=\"widget\" data-widget_type=\"text-editor.default\">\n\t\t\t\t<div class=\"elementor-widget-container\">\n\t\t\t\t\t\t\t\t<div class=\"elementor-text-editor elementor-clearfix\">\n\t\t\t\t<h2>Pourquoi d\u00e9sinfecter vos locaux du Coronavirus Covid 19<\/h2><p>Nous le savons tous, nous sommes en situation de guerre sanitaire aujourd&rsquo;hui.<br \/>Le Coronavirus est venu boulverser les modes de vie et l&rsquo;\u00e9conomie du monde mais surtout celui de la France. Un confinement total est annonc\u00e9 depuis mardi 17 mars 2020.<br \/>Dans le contexte sanitaire actuel et dans le souci de garantir une protection physique et mentale pour vous ou vos salari\u00e9s, nous vous informons que chaque employeur a une obligation de s\u00e9curit\u00e9 en vertu de l&rsquo;article\u00a0L.4121-1\u00a0du Code du travail,\u00a0et doit donc veiller \u00e0 prot\u00e9ger la sant\u00e9 et la s\u00e9curit\u00e9 de ses salari\u00e9s.<br \/>Faites votre demande de devis gratuit, un technicien hygi\u00e9niste peut intervenir dans les plus brefs d\u00e9lais pour d\u00e9sinfecter tous locaux, bureaux, entrep\u00f4ts, logements&#8230;<strong>contre le coronavirus<\/strong>.<\/p><h2 class=\"appdrag-element\">Traitement contre le Coronavirus Covid 19<\/h2><p>Lors de nos interventions, nos techniciens dipl\u00f4m\u00e9s d&rsquo;Etat utilisent des n\u00e9bulisateurs \/ brumisateurs \u00e9lectriques (15 microns) et des pulv\u00e9risateurs (100 microns).<br \/>Le d\u00e9sinfectant utilis\u00e9 est un\u00a0<strong>virucide\/bact\u00e9ricide\/fongicide<\/strong>\u00a0homologu\u00e9 pourtraiter des environnements sensibles comme les h\u00f4pitaux, les cr\u00e8ches ou les maisons de retraite mais aussi des bureaux, entrep\u00f4ts, habitations etc&#8230;<br \/>Nous vous proposons ainsi la d\u00e9sinfection par n\u00e9bulisation, m\u00e9thode prouv\u00e9e et efficace pour d\u00e9sinfecter toutes surfaces, c&rsquo;est une action de projection d&rsquo;un liquide fongicide, bact\u00e9ricide, virucide en fines gouttelettes, test\u00e9 dans nos laboratoires afin d&rsquo;\u00eatre le plus efficace possible.<\/p><p>SISSI 3SD vous garantit une d\u00e9sinfection totale par un puissant d\u00e9sinfectant virucide mais aussi d\u00e9tergent et d\u00e9sodorisant pour les sols et surfaces lavables de tous les locaux. C&rsquo;est un bact\u00e9ricide (tue les bact\u00e9ries), un fongicide (destruction de moisissures, spores, champignons&#8230;) et virucide (virus, coronavirus&#8230;). Le produit est garantie sans ald\u00e9hyde et sans chlore.<\/p><p>\u00a0<\/p>\t\t\t\t\t<\/div>\n\t\t\t\t\t\t<\/div>\n\t\t\t\t<\/div>\n\t\t\t\t\t\t<\/div>\n\t\t\t\t\t<\/div>\n\t\t<\/div>\n\t\t\t\t\t\t\t\t<\/div>\n\t\t\t\t\t<\/div>\n\t\t<\/section>\n\t\t\t\t<section class=\"elementor-section elementor-top-section elementor-element elementor-element-60c75fc elementor-section-boxed elementor-section-height-default elementor-section-height-default\" data-id=\"60c75fc\" data-element_type=\"section\">\n\t\t\t\t\t\t<div class=\"elementor-container elementor-column-gap-default\">\n\t\t\t\t\t\t\t<div class=\"elementor-row\">\n\t\t\t\t\t<div class=\"elementor-column elementor-col-50 elementor-top-column elementor-element elementor-element-9cbc214\" data-id=\"9cbc214\" data-element_type=\"column\">\n\t\t\t<div class=\"elementor-column-wrap elementor-element-populated\">\n\t\t\t\t\t\t\t<div class=\"elementor-widget-wrap\">\n\t\t\t\t\t\t<div class=\"elementor-element elementor-element-99bfdb2 elementor-widget elementor-widget-image\" data-id=\"99bfdb2\" data-element_type=\"widget\" data-widget_type=\"image.default\">\n\t\t\t\t<div class=\"elementor-widget-container\">\n\t\t\t\t\t\t\t\t<div class=\"elementor-image\">\n\t\t\t\t\t\t\t\t\t\t\t\t<img width=\"626\" height=\"417\" src=\"https:\/\/sissi3sd.fr\/wp-content\/uploads\/2020\/07\/disinfector-protective-suit-conducts-disinfection-home-professional-disinfection-against-covid-19-coronavirus-clothing-protecting-from-chemical-poisoning-industry_199620-1094.jpg\" class=\"attachment-large size-large\" alt=\"\" loading=\"lazy\" srcset=\"https:\/\/sissi3sd.fr\/wp-content\/uploads\/2020\/07\/disinfector-protective-suit-conducts-disinfection-home-professional-disinfection-against-covid-19-coronavirus-clothing-protecting-from-chemical-poisoning-industry_199620-1094.jpg 626w, https:\/\/sissi3sd.fr\/wp-content\/uploads\/2020\/07\/disinfector-protective-suit-conducts-disinfection-home-professional-disinfection-against-covid-19-coronavirus-clothing-protecting-from-chemical-poisoning-industry_199620-1094-300x200.jpg 300w, https:\/\/sissi3sd.fr\/wp-content\/uploads\/2020\/07\/disinfector-protective-suit-conducts-disinfection-home-professional-disinfection-against-covid-19-coronavirus-clothing-protecting-from-chemical-poisoning-industry_199620-1094-219x146.jpg 219w, https:\/\/sissi3sd.fr\/wp-content\/uploads\/2020\/07\/disinfector-protective-suit-conducts-disinfection-home-professional-disinfection-against-covid-19-coronavirus-clothing-protecting-from-chemical-poisoning-industry_199620-1094-50x33.jpg 50w, https:\/\/sissi3sd.fr\/wp-content\/uploads\/2020\/07\/disinfector-protective-suit-conducts-disinfection-home-professional-disinfection-against-covid-19-coronavirus-clothing-protecting-from-chemical-poisoning-industry_199620-1094-113x75.jpg 113w\" sizes=\"(max-width: 626px) 100vw, 626px\" \/>\t\t\t\t\t\t\t\t\t\t\t\t\t\t<\/div>\n\t\t\t\t\t\t<\/div>\n\t\t\t\t<\/div>\n\t\t\t\t\t\t<\/div>\n\t\t\t\t\t<\/div>\n\t\t<\/div>\n\t\t\t\t<div class=\"elementor-column elementor-col-50 elementor-top-column elementor-element elementor-element-970d0ed\" data-id=\"970d0ed\" data-element_type=\"column\">\n\t\t\t<div class=\"elementor-column-wrap elementor-element-populated\">\n\t\t\t\t\t\t\t<div class=\"elementor-widget-wrap\">\n\t\t\t\t\t\t<div class=\"elementor-element elementor-element-83b55d1 elementor-widget elementor-widget-image\" data-id=\"83b55d1\" data-element_type=\"widget\" data-widget_type=\"image.default\">\n\t\t\t\t<div class=\"elementor-widget-container\">\n\t\t\t\t\t\t\t\t<div class=\"elementor-image\">\n\t\t\t\t\t\t\t\t\t\t\t\t<img width=\"626\" height=\"438\" src=\"https:\/\/sissi3sd.fr\/wp-content\/uploads\/2020\/07\/coronavirus-infection-paramedic-protective-mask-costume-disinfecting-elevator-with-sprayer_109285-5701.jpg\" class=\"attachment-large size-large\" alt=\"\" loading=\"lazy\" srcset=\"https:\/\/sissi3sd.fr\/wp-content\/uploads\/2020\/07\/coronavirus-infection-paramedic-protective-mask-costume-disinfecting-elevator-with-sprayer_109285-5701.jpg 626w, https:\/\/sissi3sd.fr\/wp-content\/uploads\/2020\/07\/coronavirus-infection-paramedic-protective-mask-costume-disinfecting-elevator-with-sprayer_109285-5701-300x210.jpg 300w, https:\/\/sissi3sd.fr\/wp-content\/uploads\/2020\/07\/coronavirus-infection-paramedic-protective-mask-costume-disinfecting-elevator-with-sprayer_109285-5701-209x146.jpg 209w, https:\/\/sissi3sd.fr\/wp-content\/uploads\/2020\/07\/coronavirus-infection-paramedic-protective-mask-costume-disinfecting-elevator-with-sprayer_109285-5701-50x35.jpg 50w, https:\/\/sissi3sd.fr\/wp-content\/uploads\/2020\/07\/coronavirus-infection-paramedic-protective-mask-costume-disinfecting-elevator-with-sprayer_109285-5701-107x75.jpg 107w\" sizes=\"(max-width: 626px) 100vw, 626px\" \/>\t\t\t\t\t\t\t\t\t\t\t\t\t\t<\/div>\n\t\t\t\t\t\t<\/div>\n\t\t\t\t<\/div>\n\t\t\t\t\t\t<\/div>\n\t\t\t\t\t<\/div>\n\t\t<\/div>\n\t\t\t\t\t\t\t\t<\/div>\n\t\t\t\t\t<\/div>\n\t\t<\/section>\n\t\t\t\t<section class=\"elementor-section elementor-top-section elementor-element elementor-element-d11e64f elementor-section-boxed elementor-section-height-default elementor-section-height-default\" data-id=\"d11e64f\" data-element_type=\"section\">\n\t\t\t\t\t\t<div class=\"elementor-container elementor-column-gap-default\">\n\t\t\t\t\t\t\t<div class=\"elementor-row\">\n\t\t\t\t\t<div class=\"elementor-column elementor-col-100 elementor-top-column elementor-element elementor-element-cb246ef\" data-id=\"cb246ef\" data-element_type=\"column\">\n\t\t\t<div class=\"elementor-column-wrap elementor-element-populated\">\n\t\t\t\t\t\t\t<div class=\"elementor-widget-wrap\">\n\t\t\t\t\t\t<div class=\"elementor-element elementor-element-ee34ade elementor-widget elementor-widget-image\" data-id=\"ee34ade\" data-element_type=\"widget\" data-widget_type=\"image.default\">\n\t\t\t\t<div class=\"elementor-widget-container\">\n\t\t\t\t\t\t\t\t<div class=\"elementor-image\">\n\t\t\t\t\t\t\t\t\t\t\t\t<img width=\"626\" height=\"417\" src=\"https:\/\/sissi3sd.fr\/wp-content\/uploads\/2020\/07\/cleaning-woman-wiping-doorknob-with-antibacterial-disinfecting-wipe-home-safety-infection-covid-19-virus-contamination-germs-bacteria-good-hygiene_29285-2409.jpg\" class=\"attachment-large size-large\" alt=\"\" loading=\"lazy\" srcset=\"https:\/\/sissi3sd.fr\/wp-content\/uploads\/2020\/07\/cleaning-woman-wiping-doorknob-with-antibacterial-disinfecting-wipe-home-safety-infection-covid-19-virus-contamination-germs-bacteria-good-hygiene_29285-2409.jpg 626w, https:\/\/sissi3sd.fr\/wp-content\/uploads\/2020\/07\/cleaning-woman-wiping-doorknob-with-antibacterial-disinfecting-wipe-home-safety-infection-covid-19-virus-contamination-germs-bacteria-good-hygiene_29285-2409-300x200.jpg 300w, https:\/\/sissi3sd.fr\/wp-content\/uploads\/2020\/07\/cleaning-woman-wiping-doorknob-with-antibacterial-disinfecting-wipe-home-safety-infection-covid-19-virus-contamination-germs-bacteria-good-hygiene_29285-2409-219x146.jpg 219w, https:\/\/sissi3sd.fr\/wp-content\/uploads\/2020\/07\/cleaning-woman-wiping-doorknob-with-antibacterial-disinfecting-wipe-home-safety-infection-covid-19-virus-contamination-germs-bacteria-good-hygiene_29285-2409-50x33.jpg 50w, https:\/\/sissi3sd.fr\/wp-content\/uploads\/2020\/07\/cleaning-woman-wiping-doorknob-with-antibacterial-disinfecting-wipe-home-safety-infection-covid-19-virus-contamination-germs-bacteria-good-hygiene_29285-2409-113x75.jpg 113w\" sizes=\"(max-width: 626px) 100vw, 626px\" \/>\t\t\t\t\t\t\t\t\t\t\t\t\t\t<\/div>\n\t\t\t\t\t\t<\/div>\n\t\t\t\t<\/div>\n\t\t\t\t\t\t<\/div>\n\t\t\t\t\t<\/div>\n\t\t<\/div>\n\t\t\t\t\t\t\t\t<\/div>\n\t\t\t\t\t<\/div>\n\t\t<\/section>\n\t\t\t\t\t\t\t\t\t<\/div>\n\t\t\t<\/div>\n\t\t\t\t\t<\/div>\n\t\t","protected":false},"excerpt":{"rendered":"<p>Pourquoi d\u00e9sinfecter vos locaux du Coronavirus Covid 19 Nous le savons tous, nous sommes en situation de guerre sanitaire aujourd&rsquo;hui.Le Coronavirus est venu boulverser les modes<span class=\"excerpt-hellip\"> [\u2026]<\/span><\/p>\n","protected":false},"author":1,"featured_media":0,"parent":0,"menu_order":0,"comment_status":"closed","ping_status":"closed","template":"","meta":[],"_links":{"self":[{"href":"https:\/\/sissi3sd.fr\/index.php?rest_route=\/wp\/v2\/pages\/1041"}],"collection":[{"href":"https:\/\/sissi3sd.fr\/index.php?rest_route=\/wp\/v2\/pages"}],"about":[{"href":"https:\/\/sissi3sd.fr\/index.php?rest_route=\/wp\/v2\/types\/page"}],"author":[{"embeddable":true,"href":"https:\/\/sissi3sd.fr\/index.php?rest_route=\/wp\/v2\/users\/1"}],"replies":[{"embeddable":true,"href":"https:\/\/sissi3sd.fr\/index.php?rest_route=%2Fwp%2Fv2%2Fcomments&post=1041"}],"version-history":[{"count":2,"href":"https:\/\/sissi3sd.fr\/index.php?rest_route=\/wp\/v2\/pages\/1041\/revisions"}],"predecessor-version":[{"id":1146,"href":"https:\/\/sissi3sd.fr\/index.php?rest_route=\/wp\/v2\/pages\/1041\/revisions\/1146"}],"wp:attachment":[{"href":"https:\/\/sissi3sd.fr\/index.php?rest_route=%2Fwp%2Fv2%2Fmedia&parent=1041"}],"curies":[{"name":"wp","href":"https:\/\/api.w.org\/{rel}","templated":true}]}}