{"id":321,"date":"2020-05-21T13:00:23","date_gmt":"2020-05-21T13:00:23","guid":{"rendered":"https:\/\/themes.muffingroup.com\/be\/grocery2_el\/?page_id=2"},"modified":"2020-07-01T16:17:37","modified_gmt":"2020-07-01T16:17:37","slug":"accueil","status":"publish","type":"page","link":"https:\/\/sissi3sd.fr\/","title":{"rendered":"Accueil"},"content":{"rendered":"\t\t<div data-elementor-type=\"wp-page\" data-elementor-id=\"321\" class=\"elementor elementor-321\">\n\t\t\t\t\t\t<div class=\"elementor-inner\">\n\t\t\t\t<div class=\"elementor-section-wrap\">\n\t\t\t\t\t\t\t\t\t<section class=\"elementor-section elementor-top-section elementor-element elementor-element-6de44d3 elementor-section-boxed elementor-section-height-default elementor-section-height-default\" data-id=\"6de44d3\" data-element_type=\"section\">\n\t\t\t\t\t\t<div class=\"elementor-container elementor-column-gap-default\">\n\t\t\t\t\t\t\t<div class=\"elementor-row\">\n\t\t\t\t\t<div class=\"elementor-column elementor-col-50 elementor-top-column elementor-element elementor-element-04348b5\" data-id=\"04348b5\" data-element_type=\"column\">\n\t\t\t<div class=\"elementor-column-wrap elementor-element-populated\">\n\t\t\t\t\t\t\t<div class=\"elementor-widget-wrap\">\n\t\t\t\t\t\t<div class=\"elementor-element elementor-element-1f4382d elementor-widget elementor-widget-spacer\" data-id=\"1f4382d\" data-element_type=\"widget\" data-widget_type=\"spacer.default\">\n\t\t\t\t<div class=\"elementor-widget-container\">\n\t\t\t\t\t<div class=\"elementor-spacer\">\n\t\t\t<div class=\"elementor-spacer-inner\"><\/div>\n\t\t<\/div>\n\t\t\t\t<\/div>\n\t\t\t\t<\/div>\n\t\t\t\t<div class=\"elementor-element elementor-element-d8a0183 elementor-widget elementor-widget-image\" data-id=\"d8a0183\" data-element_type=\"widget\" data-widget_type=\"image.default\">\n\t\t\t\t<div class=\"elementor-widget-container\">\n\t\t\t\t\t\t\t\t<div class=\"elementor-image\">\n\t\t\t\t\t\t\t\t\t\t\t\t\t<a href=\"https:\/\/sissi3sd.fr\/?page_id=1082\">\n\t\t\t\t\t\t\t<img width=\"1024\" height=\"585\" src=\"https:\/\/sissi3sd.fr\/wp-content\/uploads\/2020\/06\/Contrat-Hygi\u00e8ne_2-1024x585.jpg\" class=\"elementor-animation-shrink attachment-large size-large\" alt=\"\" loading=\"lazy\" srcset=\"https:\/\/sissi3sd.fr\/wp-content\/uploads\/2020\/06\/Contrat-Hygi\u00e8ne_2-1024x585.jpg 1024w, https:\/\/sissi3sd.fr\/wp-content\/uploads\/2020\/06\/Contrat-Hygi\u00e8ne_2-300x171.jpg 300w, https:\/\/sissi3sd.fr\/wp-content\/uploads\/2020\/06\/Contrat-Hygi\u00e8ne_2-768x439.jpg 768w, https:\/\/sissi3sd.fr\/wp-content\/uploads\/2020\/06\/Contrat-Hygi\u00e8ne_2-255x146.jpg 255w, https:\/\/sissi3sd.fr\/wp-content\/uploads\/2020\/06\/Contrat-Hygi\u00e8ne_2-50x29.jpg 50w, https:\/\/sissi3sd.fr\/wp-content\/uploads\/2020\/06\/Contrat-Hygi\u00e8ne_2-131x75.jpg 131w, https:\/\/sissi3sd.fr\/wp-content\/uploads\/2020\/06\/Contrat-Hygi\u00e8ne_2.jpg 1181w\" sizes=\"(max-width: 1024px) 100vw, 1024px\" \/>\t\t\t\t\t\t\t\t<\/a>\n\t\t\t\t\t\t\t\t\t\t\t\t\t\t<\/div>\n\t\t\t\t\t\t<\/div>\n\t\t\t\t<\/div>\n\t\t\t\t\t\t<\/div>\n\t\t\t\t\t<\/div>\n\t\t<\/div>\n\t\t\t\t<div class=\"elementor-column elementor-col-50 elementor-top-column elementor-element elementor-element-d6f2e1c\" data-id=\"d6f2e1c\" data-element_type=\"column\">\n\t\t\t<div class=\"elementor-column-wrap elementor-element-populated\">\n\t\t\t\t\t\t\t<div class=\"elementor-widget-wrap\">\n\t\t\t\t\t\t<div class=\"elementor-element elementor-element-2a427b9 elementor-widget elementor-widget-spacer\" data-id=\"2a427b9\" data-element_type=\"widget\" data-widget_type=\"spacer.default\">\n\t\t\t\t<div class=\"elementor-widget-container\">\n\t\t\t\t\t<div class=\"elementor-spacer\">\n\t\t\t<div class=\"elementor-spacer-inner\"><\/div>\n\t\t<\/div>\n\t\t\t\t<\/div>\n\t\t\t\t<\/div>\n\t\t\t\t<div class=\"elementor-element elementor-element-2321273 elementor-widget elementor-widget-heading\" data-id=\"2321273\" data-element_type=\"widget\" data-widget_type=\"heading.default\">\n\t\t\t\t<div class=\"elementor-widget-container\">\n\t\t\t<h2 class=\"elementor-heading-title elementor-size-default\">\u00a0\u00ab 3SD \u00bb d\u00e9signe l\u2019activit\u00e9 relative \u00e0 la Sant\u00e9 et la D\u00e9sinfection :<\/h2>\t\t<\/div>\n\t\t\t\t<\/div>\n\t\t\t\t<div class=\"elementor-element elementor-element-f2b0b3b elementor-widget elementor-widget-text-editor\" data-id=\"f2b0b3b\" data-element_type=\"widget\" data-widget_type=\"text-editor.default\">\n\t\t\t\t<div class=\"elementor-widget-container\">\n\t\t\t\t\t\t\t\t<div class=\"elementor-text-editor elementor-clearfix\">\n\t\t\t\t<ul>\n<li><strong>Sant\u00e9<\/strong> (Nous agissions dans le domaine de la sant\u00e9 avec des produits adapt\u00e9s)<\/li>\n<li><strong>Sanitaire<\/strong> (Relatif \u00e0 l&rsquo;hygi\u00e8ne publique, \u00e0 la sant\u00e9)<\/li>\n<li><strong>Service<\/strong> (Nous proposons diff\u00e9rents services)<\/li>\n<li><strong>D\u00e9ratisation<\/strong> (lutte contre les rongeurs)<\/li>\n<li><strong>D\u00e9sinsectisation<\/strong> (lutte contre les insectes rampants et volants (blattes, punaises de lits, nids d&rsquo;abeilles, araign\u00e9es, acariens,\u2026)<\/li>\n<li><strong>D\u00e9sinfection<\/strong> (lutte contre les germes responsables de maladies (cutan\u00e9es ou non)<\/li>\n<\/ul>\t\t\t\t\t<\/div>\n\t\t\t\t\t\t<\/div>\n\t\t\t\t<\/div>\n\t\t\t\t\t\t<\/div>\n\t\t\t\t\t<\/div>\n\t\t<\/div>\n\t\t\t\t\t\t\t\t<\/div>\n\t\t\t\t\t<\/div>\n\t\t<\/section>\n\t\t\t\t<section class=\"elementor-section elementor-top-section elementor-element elementor-element-dbaaf77 elementor-section-stretched elementor-section-boxed elementor-section-height-default elementor-section-height-default\" data-id=\"dbaaf77\" data-element_type=\"section\" data-settings=\"{&quot;stretch_section&quot;:&quot;section-stretched&quot;}\">\n\t\t\t\t\t\t<div class=\"elementor-container elementor-column-gap-wider\">\n\t\t\t\t\t\t\t<div class=\"elementor-row\">\n\t\t\t\t\t<div class=\"elementor-column elementor-col-100 elementor-top-column elementor-element elementor-element-b524358\" data-id=\"b524358\" data-element_type=\"column\">\n\t\t\t<div class=\"elementor-column-wrap elementor-element-populated\">\n\t\t\t\t\t\t\t<div class=\"elementor-widget-wrap\">\n\t\t\t\t\t\t<div class=\"elementor-element elementor-element-0ef970f elementor-widget elementor-widget-heading\" data-id=\"0ef970f\" data-element_type=\"widget\" data-widget_type=\"heading.default\">\n\t\t\t\t<div class=\"elementor-widget-container\">\n\t\t\t<h1 class=\"elementor-heading-title elementor-size-default\"><h3 style=\"font-style: normal; font-variant-ligatures: normal; font-variant-caps: normal; letter-spacing: normal; white-space: normal;\">\u00ab Ensemble respectons les gestes barri\u00e8res ! \u00bb<\/h3><\/h1>\t\t<\/div>\n\t\t\t\t<\/div>\n\t\t\t\t<div class=\"elementor-element elementor-element-55df38e elementor-widget elementor-widget-text-editor\" data-id=\"55df38e\" data-element_type=\"widget\" data-widget_type=\"text-editor.default\">\n\t\t\t\t<div class=\"elementor-widget-container\">\n\t\t\t\t\t\t\t\t<div class=\"elementor-text-editor elementor-clearfix\">\n\t\t\t\t<p>Les produits qui vous permettront de lutter efficacement contre tous types d&rsquo;agressions invisibles (virus-bact\u00e9ries-champignons).<\/p><p>Se prot\u00e9ger durablement, c&rsquo;est aussi prot\u00e9ger les autres !<\/p><p>Changez vos habitudes sanitaires pour votre s\u00e9curit\u00e9, celle de vos collaborateurs et aussi celle de vos clients.<\/p>\t\t\t\t\t<\/div>\n\t\t\t\t\t\t<\/div>\n\t\t\t\t<\/div>\n\t\t\t\t<div class=\"elementor-element elementor-element-ff555e9 elementor-widget elementor-widget-heading\" data-id=\"ff555e9\" data-element_type=\"widget\" data-widget_type=\"heading.default\">\n\t\t\t\t<div class=\"elementor-widget-container\">\n\t\t\t<h3 class=\"elementor-heading-title elementor-size-default\">Nos secteurs d'interventions<\/h3>\t\t<\/div>\n\t\t\t\t<\/div>\n\t\t\t\t<div class=\"elementor-element elementor-element-f504b63 elementor-widget elementor-widget-text-editor\" data-id=\"f504b63\" data-element_type=\"widget\" data-widget_type=\"text-editor.default\">\n\t\t\t\t<div class=\"elementor-widget-container\">\n\t\t\t\t\t\t\t\t<div class=\"elementor-text-editor elementor-clearfix\">\n\t\t\t\t<p>La g\u00e9ocalisation de nos v\u00e9hicules est aussi un \u00e9l\u00e9ment important qui permet d&rsquo;optimiser les d\u00e9placements et donc de r\u00e9pondre au plus vite aux exigences de nos client<\/p>\t\t\t\t\t<\/div>\n\t\t\t\t\t\t<\/div>\n\t\t\t\t<\/div>\n\t\t\t\t<div class=\"elementor-element elementor-element-80bc611 elementor-widget elementor-widget-heading\" data-id=\"80bc611\" data-element_type=\"widget\" data-widget_type=\"heading.default\">\n\t\t\t\t<div class=\"elementor-widget-container\">\n\t\t\t<h3 class=\"elementor-heading-title elementor-size-default\">Mat\u00e9riels, Moyens, Produits, Environnement, Qualit\u00e9<\/h3>\t\t<\/div>\n\t\t\t\t<\/div>\n\t\t\t\t<div class=\"elementor-element elementor-element-a0ddbba elementor-widget elementor-widget-text-editor\" data-id=\"a0ddbba\" data-element_type=\"widget\" data-widget_type=\"text-editor.default\">\n\t\t\t\t<div class=\"elementor-widget-container\">\n\t\t\t\t\t\t\t\t<div class=\"elementor-text-editor elementor-clearfix\">\n\t\t\t\t<p>Nous nous effor\u00e7ons de vous faire b\u00e9n\u00e9ficier des derni\u00e8res technologies et innovations, tous nos produits sont fabriqu\u00e9s en Europe issues de gammes \u00e9cologiques et respectueuse de l&rsquo;environnement tout en respectant les normes de s\u00e9curit\u00e9s.<\/p>\t\t\t\t\t<\/div>\n\t\t\t\t\t\t<\/div>\n\t\t\t\t<\/div>\n\t\t\t\t<div class=\"elementor-element elementor-element-5c058ef elementor-widget elementor-widget-heading\" data-id=\"5c058ef\" data-element_type=\"widget\" data-widget_type=\"heading.default\">\n\t\t\t\t<div class=\"elementor-widget-container\">\n\t\t\t<h3 class=\"elementor-heading-title elementor-size-default\">Notre politique repose sur plusieurs axes<\/h3>\t\t<\/div>\n\t\t\t\t<\/div>\n\t\t\t\t<div class=\"elementor-element elementor-element-b640a29 elementor-widget elementor-widget-text-editor\" data-id=\"b640a29\" data-element_type=\"widget\" data-widget_type=\"text-editor.default\">\n\t\t\t\t<div class=\"elementor-widget-container\">\n\t\t\t\t\t\t\t\t<div class=\"elementor-text-editor elementor-clearfix\">\n\t\t\t\t<p>Prot\u00e9ger la sant\u00e9 et la s\u00e9curit\u00e9 de nos employ\u00e9s<\/p><p>Garantir la qualit\u00e9, de nos services<\/p><p>Avoir des tarifs les plus attractifs<\/p><p>Pr\u00e9server l&rsquo;environnement<\/p>\t\t\t\t\t<\/div>\n\t\t\t\t\t\t<\/div>\n\t\t\t\t<\/div>\n\t\t\t\t<section class=\"elementor-section elementor-inner-section elementor-element elementor-element-4130fc9 elementor-section-boxed elementor-section-height-default elementor-section-height-default\" data-id=\"4130fc9\" data-element_type=\"section\">\n\t\t\t\t\t\t<div class=\"elementor-container elementor-column-gap-default\">\n\t\t\t\t\t\t\t<div class=\"elementor-row\">\n\t\t\t\t\t<div class=\"elementor-column elementor-col-33 elementor-inner-column elementor-element elementor-element-5e7880d\" data-id=\"5e7880d\" data-element_type=\"column\">\n\t\t\t<div class=\"elementor-column-wrap elementor-element-populated\">\n\t\t\t\t\t\t\t<div class=\"elementor-widget-wrap\">\n\t\t\t\t\t\t<div class=\"elementor-element elementor-element-44c2919 elementor-widget elementor-widget-image\" data-id=\"44c2919\" data-element_type=\"widget\" data-widget_type=\"image.default\">\n\t\t\t\t<div class=\"elementor-widget-container\">\n\t\t\t\t\t\t\t\t<div class=\"elementor-image\">\n\t\t\t\t\t\t\t\t\t\t\t\t\t<a href=\"http:\/\/sissi3sd.fr\/?page_id=377\">\n\t\t\t\t\t\t\t<img width=\"780\" height=\"500\" src=\"https:\/\/sissi3sd.fr\/wp-content\/uploads\/2020\/06\/Sanitaire-HORIZONTALE-780x500_TXT.jpg\" class=\"elementor-animation-shrink attachment-large size-large\" alt=\"\" loading=\"lazy\" srcset=\"https:\/\/sissi3sd.fr\/wp-content\/uploads\/2020\/06\/Sanitaire-HORIZONTALE-780x500_TXT.jpg 780w, https:\/\/sissi3sd.fr\/wp-content\/uploads\/2020\/06\/Sanitaire-HORIZONTALE-780x500_TXT-300x192.jpg 300w, https:\/\/sissi3sd.fr\/wp-content\/uploads\/2020\/06\/Sanitaire-HORIZONTALE-780x500_TXT-768x492.jpg 768w, https:\/\/sissi3sd.fr\/wp-content\/uploads\/2020\/06\/Sanitaire-HORIZONTALE-780x500_TXT-228x146.jpg 228w, https:\/\/sissi3sd.fr\/wp-content\/uploads\/2020\/06\/Sanitaire-HORIZONTALE-780x500_TXT-50x32.jpg 50w, https:\/\/sissi3sd.fr\/wp-content\/uploads\/2020\/06\/Sanitaire-HORIZONTALE-780x500_TXT-117x75.jpg 117w, https:\/\/sissi3sd.fr\/wp-content\/uploads\/2020\/06\/Sanitaire-HORIZONTALE-780x500_TXT-600x385.jpg 600w\" sizes=\"(max-width: 780px) 100vw, 780px\" \/>\t\t\t\t\t\t\t\t<\/a>\n\t\t\t\t\t\t\t\t\t\t\t\t\t\t<\/div>\n\t\t\t\t\t\t<\/div>\n\t\t\t\t<\/div>\n\t\t\t\t<div class=\"elementor-element elementor-element-def550d elementor-widget elementor-widget-image\" data-id=\"def550d\" data-element_type=\"widget\" data-widget_type=\"image.default\">\n\t\t\t\t<div class=\"elementor-widget-container\">\n\t\t\t\t\t\t\t\t<div class=\"elementor-image\">\n\t\t\t\t\t\t\t\t\t\t\t\t\t<a href=\"http:\/\/sissi3sd.fr\/?page_id=384\">\n\t\t\t\t\t\t\t<img width=\"780\" height=\"500\" src=\"https:\/\/sissi3sd.fr\/wp-content\/uploads\/2020\/06\/D\u00e9ratisation2-HORIZONTALE-780-x-500_2.jpg\" class=\"elementor-animation-shrink attachment-large size-large\" alt=\"\" loading=\"lazy\" srcset=\"https:\/\/sissi3sd.fr\/wp-content\/uploads\/2020\/06\/D\u00e9ratisation2-HORIZONTALE-780-x-500_2.jpg 780w, https:\/\/sissi3sd.fr\/wp-content\/uploads\/2020\/06\/D\u00e9ratisation2-HORIZONTALE-780-x-500_2-300x192.jpg 300w, https:\/\/sissi3sd.fr\/wp-content\/uploads\/2020\/06\/D\u00e9ratisation2-HORIZONTALE-780-x-500_2-768x492.jpg 768w, https:\/\/sissi3sd.fr\/wp-content\/uploads\/2020\/06\/D\u00e9ratisation2-HORIZONTALE-780-x-500_2-228x146.jpg 228w, https:\/\/sissi3sd.fr\/wp-content\/uploads\/2020\/06\/D\u00e9ratisation2-HORIZONTALE-780-x-500_2-50x32.jpg 50w, https:\/\/sissi3sd.fr\/wp-content\/uploads\/2020\/06\/D\u00e9ratisation2-HORIZONTALE-780-x-500_2-117x75.jpg 117w\" sizes=\"(max-width: 780px) 100vw, 780px\" \/>\t\t\t\t\t\t\t\t<\/a>\n\t\t\t\t\t\t\t\t\t\t\t\t\t\t<\/div>\n\t\t\t\t\t\t<\/div>\n\t\t\t\t<\/div>\n\t\t\t\t\t\t<\/div>\n\t\t\t\t\t<\/div>\n\t\t<\/div>\n\t\t\t\t<div class=\"elementor-column elementor-col-33 elementor-inner-column elementor-element elementor-element-7e8c28a\" data-id=\"7e8c28a\" data-element_type=\"column\">\n\t\t\t<div class=\"elementor-column-wrap elementor-element-populated\">\n\t\t\t\t\t\t\t<div class=\"elementor-widget-wrap\">\n\t\t\t\t\t\t<div class=\"elementor-element elementor-element-a093d29 elementor-widget elementor-widget-image\" data-id=\"a093d29\" data-element_type=\"widget\" data-widget_type=\"image.default\">\n\t\t\t\t<div class=\"elementor-widget-container\">\n\t\t\t\t\t\t\t\t<div class=\"elementor-image\">\n\t\t\t\t\t\t\t\t\t\t\t\t\t<a href=\"http:\/\/sissi3sd.fr\/?page_id=375\">\n\t\t\t\t\t\t\t<img width=\"780\" height=\"500\" src=\"https:\/\/sissi3sd.fr\/wp-content\/uploads\/2020\/06\/Sant\u00e9-HORIZONTALE-780x500_TXT.jpg\" class=\"elementor-animation-shrink attachment-large size-large\" alt=\"\" loading=\"lazy\" srcset=\"https:\/\/sissi3sd.fr\/wp-content\/uploads\/2020\/06\/Sant\u00e9-HORIZONTALE-780x500_TXT.jpg 780w, https:\/\/sissi3sd.fr\/wp-content\/uploads\/2020\/06\/Sant\u00e9-HORIZONTALE-780x500_TXT-300x192.jpg 300w, https:\/\/sissi3sd.fr\/wp-content\/uploads\/2020\/06\/Sant\u00e9-HORIZONTALE-780x500_TXT-768x492.jpg 768w, https:\/\/sissi3sd.fr\/wp-content\/uploads\/2020\/06\/Sant\u00e9-HORIZONTALE-780x500_TXT-228x146.jpg 228w, https:\/\/sissi3sd.fr\/wp-content\/uploads\/2020\/06\/Sant\u00e9-HORIZONTALE-780x500_TXT-50x32.jpg 50w, https:\/\/sissi3sd.fr\/wp-content\/uploads\/2020\/06\/Sant\u00e9-HORIZONTALE-780x500_TXT-117x75.jpg 117w, https:\/\/sissi3sd.fr\/wp-content\/uploads\/2020\/06\/Sant\u00e9-HORIZONTALE-780x500_TXT-600x385.jpg 600w\" sizes=\"(max-width: 780px) 100vw, 780px\" \/>\t\t\t\t\t\t\t\t<\/a>\n\t\t\t\t\t\t\t\t\t\t\t\t\t\t<\/div>\n\t\t\t\t\t\t<\/div>\n\t\t\t\t<\/div>\n\t\t\t\t<div class=\"elementor-element elementor-element-0b660d4 elementor-widget elementor-widget-image\" data-id=\"0b660d4\" data-element_type=\"widget\" data-widget_type=\"image.default\">\n\t\t\t\t<div class=\"elementor-widget-container\">\n\t\t\t\t\t\t\t\t<div class=\"elementor-image\">\n\t\t\t\t\t\t\t\t\t\t\t\t\t<a href=\"http:\/\/sissi3sd.fr\/?page_id=379\">\n\t\t\t\t\t\t\t<img width=\"780\" height=\"500\" src=\"https:\/\/sissi3sd.fr\/wp-content\/uploads\/2020\/06\/D\u00e9sinsectisation2-HORIZONTALE-780-x-500.jpg\" class=\"elementor-animation-shrink attachment-large size-large\" alt=\"\" loading=\"lazy\" srcset=\"https:\/\/sissi3sd.fr\/wp-content\/uploads\/2020\/06\/D\u00e9sinsectisation2-HORIZONTALE-780-x-500.jpg 780w, https:\/\/sissi3sd.fr\/wp-content\/uploads\/2020\/06\/D\u00e9sinsectisation2-HORIZONTALE-780-x-500-300x192.jpg 300w, https:\/\/sissi3sd.fr\/wp-content\/uploads\/2020\/06\/D\u00e9sinsectisation2-HORIZONTALE-780-x-500-768x492.jpg 768w, https:\/\/sissi3sd.fr\/wp-content\/uploads\/2020\/06\/D\u00e9sinsectisation2-HORIZONTALE-780-x-500-228x146.jpg 228w, https:\/\/sissi3sd.fr\/wp-content\/uploads\/2020\/06\/D\u00e9sinsectisation2-HORIZONTALE-780-x-500-50x32.jpg 50w, https:\/\/sissi3sd.fr\/wp-content\/uploads\/2020\/06\/D\u00e9sinsectisation2-HORIZONTALE-780-x-500-117x75.jpg 117w\" sizes=\"(max-width: 780px) 100vw, 780px\" \/>\t\t\t\t\t\t\t\t<\/a>\n\t\t\t\t\t\t\t\t\t\t\t\t\t\t<\/div>\n\t\t\t\t\t\t<\/div>\n\t\t\t\t<\/div>\n\t\t\t\t\t\t<\/div>\n\t\t\t\t\t<\/div>\n\t\t<\/div>\n\t\t\t\t<div class=\"elementor-column elementor-col-33 elementor-inner-column elementor-element elementor-element-c4d7dcd\" data-id=\"c4d7dcd\" data-element_type=\"column\">\n\t\t\t<div class=\"elementor-column-wrap elementor-element-populated\">\n\t\t\t\t\t\t\t<div class=\"elementor-widget-wrap\">\n\t\t\t\t\t\t<div class=\"elementor-element elementor-element-35b538a elementor-widget elementor-widget-image\" data-id=\"35b538a\" data-element_type=\"widget\" data-widget_type=\"image.default\">\n\t\t\t\t<div class=\"elementor-widget-container\">\n\t\t\t\t\t\t\t\t<div class=\"elementor-image\">\n\t\t\t\t\t\t\t\t\t\t\t\t\t<a href=\"http:\/\/sissi3sd.fr\/?page_id=373\">\n\t\t\t\t\t\t\t<img width=\"780\" height=\"500\" src=\"https:\/\/sissi3sd.fr\/wp-content\/uploads\/2020\/06\/Service-HORIZONTALE-780x500_TXT.jpg\" class=\"elementor-animation-shrink attachment-large size-large\" alt=\"\" loading=\"lazy\" srcset=\"https:\/\/sissi3sd.fr\/wp-content\/uploads\/2020\/06\/Service-HORIZONTALE-780x500_TXT.jpg 780w, https:\/\/sissi3sd.fr\/wp-content\/uploads\/2020\/06\/Service-HORIZONTALE-780x500_TXT-300x192.jpg 300w, https:\/\/sissi3sd.fr\/wp-content\/uploads\/2020\/06\/Service-HORIZONTALE-780x500_TXT-768x492.jpg 768w, https:\/\/sissi3sd.fr\/wp-content\/uploads\/2020\/06\/Service-HORIZONTALE-780x500_TXT-228x146.jpg 228w, https:\/\/sissi3sd.fr\/wp-content\/uploads\/2020\/06\/Service-HORIZONTALE-780x500_TXT-50x32.jpg 50w, https:\/\/sissi3sd.fr\/wp-content\/uploads\/2020\/06\/Service-HORIZONTALE-780x500_TXT-117x75.jpg 117w, https:\/\/sissi3sd.fr\/wp-content\/uploads\/2020\/06\/Service-HORIZONTALE-780x500_TXT-600x385.jpg 600w\" sizes=\"(max-width: 780px) 100vw, 780px\" \/>\t\t\t\t\t\t\t\t<\/a>\n\t\t\t\t\t\t\t\t\t\t\t\t\t\t<\/div>\n\t\t\t\t\t\t<\/div>\n\t\t\t\t<\/div>\n\t\t\t\t<div class=\"elementor-element elementor-element-c1ff158 elementor-widget elementor-widget-image\" data-id=\"c1ff158\" data-element_type=\"widget\" data-widget_type=\"image.default\">\n\t\t\t\t<div class=\"elementor-widget-container\">\n\t\t\t\t\t\t\t\t<div class=\"elementor-image\">\n\t\t\t\t\t\t\t\t\t\t\t\t\t<a href=\"http:\/\/sissi3sd.fr\/?page_id=366\">\n\t\t\t\t\t\t\t<img width=\"780\" height=\"500\" src=\"https:\/\/sissi3sd.fr\/wp-content\/uploads\/2020\/06\/D\u00e9sinfection_2-HORIZONTALE-780-x-500_TXT.jpg\" class=\"elementor-animation-shrink attachment-large size-large\" alt=\"\" loading=\"lazy\" srcset=\"https:\/\/sissi3sd.fr\/wp-content\/uploads\/2020\/06\/D\u00e9sinfection_2-HORIZONTALE-780-x-500_TXT.jpg 780w, https:\/\/sissi3sd.fr\/wp-content\/uploads\/2020\/06\/D\u00e9sinfection_2-HORIZONTALE-780-x-500_TXT-300x192.jpg 300w, https:\/\/sissi3sd.fr\/wp-content\/uploads\/2020\/06\/D\u00e9sinfection_2-HORIZONTALE-780-x-500_TXT-768x492.jpg 768w, https:\/\/sissi3sd.fr\/wp-content\/uploads\/2020\/06\/D\u00e9sinfection_2-HORIZONTALE-780-x-500_TXT-228x146.jpg 228w, https:\/\/sissi3sd.fr\/wp-content\/uploads\/2020\/06\/D\u00e9sinfection_2-HORIZONTALE-780-x-500_TXT-50x32.jpg 50w, https:\/\/sissi3sd.fr\/wp-content\/uploads\/2020\/06\/D\u00e9sinfection_2-HORIZONTALE-780-x-500_TXT-117x75.jpg 117w\" sizes=\"(max-width: 780px) 100vw, 780px\" \/>\t\t\t\t\t\t\t\t<\/a>\n\t\t\t\t\t\t\t\t\t\t\t\t\t\t<\/div>\n\t\t\t\t\t\t<\/div>\n\t\t\t\t<\/div>\n\t\t\t\t\t\t<\/div>\n\t\t\t\t\t<\/div>\n\t\t<\/div>\n\t\t\t\t\t\t\t\t<\/div>\n\t\t\t\t\t<\/div>\n\t\t<\/section>\n\t\t\t\t<section class=\"elementor-section elementor-inner-section elementor-element elementor-element-042d1a1 elementor-section-boxed elementor-section-height-default elementor-section-height-default\" data-id=\"042d1a1\" data-element_type=\"section\">\n\t\t\t\t\t\t<div class=\"elementor-container elementor-column-gap-default\">\n\t\t\t\t\t\t\t<div class=\"elementor-row\">\n\t\t\t\t\t<div class=\"elementor-column elementor-col-100 elementor-inner-column elementor-element elementor-element-8e9a606\" data-id=\"8e9a606\" data-element_type=\"column\">\n\t\t\t<div class=\"elementor-column-wrap elementor-element-populated\">\n\t\t\t\t\t\t\t<div class=\"elementor-widget-wrap\">\n\t\t\t\t\t\t<div class=\"elementor-element elementor-element-9a78ef3 elementor-widget elementor-widget-spacer\" data-id=\"9a78ef3\" data-element_type=\"widget\" data-widget_type=\"spacer.default\">\n\t\t\t\t<div class=\"elementor-widget-container\">\n\t\t\t\t\t<div class=\"elementor-spacer\">\n\t\t\t<div class=\"elementor-spacer-inner\"><\/div>\n\t\t<\/div>\n\t\t\t\t<\/div>\n\t\t\t\t<\/div>\n\t\t\t\t\t\t<\/div>\n\t\t\t\t\t<\/div>\n\t\t<\/div>\n\t\t\t\t\t\t\t\t<\/div>\n\t\t\t\t\t<\/div>\n\t\t<\/section>\n\t\t\t\t<div class=\"elementor-element elementor-element-6e9186c elementor-widget elementor-widget-text-editor\" data-id=\"6e9186c\" data-element_type=\"widget\" data-widget_type=\"text-editor.default\">\n\t\t\t\t<div class=\"elementor-widget-container\">\n\t\t\t\t\t\t\t\t<div class=\"elementor-text-editor elementor-clearfix\">\n\t\t\t\t<p>D\u00e9couvrez en exclusivit\u00e9 notre catalogue de produits, nous tenons \u00e0 votre disposition toutes les fiches s\u00e9curit\u00e9.<\/p><p>Sissi 3SD mobilise ses livreurs et ses transporteurs dans toute la France.<\/p><p>Nous travaillons avec les commerces de proximit\u00e9, Grandes distribution, Tabac, Associations, Collectivit\u00e9s locales et Entreprises tout secteurs.<\/p>\t\t\t\t\t<\/div>\n\t\t\t\t\t\t<\/div>\n\t\t\t\t<\/div>\n\t\t\t\t\t\t<\/div>\n\t\t\t\t\t<\/div>\n\t\t<\/div>\n\t\t\t\t\t\t\t\t<\/div>\n\t\t\t\t\t<\/div>\n\t\t<\/section>\n\t\t\t\t<section class=\"elementor-section elementor-top-section elementor-element elementor-element-8df16f6 elementor-section-boxed elementor-section-height-default elementor-section-height-default\" data-id=\"8df16f6\" data-element_type=\"section\">\n\t\t\t\t\t\t<div class=\"elementor-container elementor-column-gap-default\">\n\t\t\t\t\t\t\t<div class=\"elementor-row\">\n\t\t\t\t\t<div class=\"elementor-column elementor-col-50 elementor-top-column elementor-element elementor-element-d2d54cc\" data-id=\"d2d54cc\" data-element_type=\"column\" data-settings=\"{&quot;animation&quot;:&quot;none&quot;}\">\n\t\t\t<div class=\"elementor-column-wrap elementor-element-populated\">\n\t\t\t\t\t\t\t<div class=\"elementor-widget-wrap\">\n\t\t\t\t\t\t<div class=\"elementor-element elementor-element-628ac79 elementor-widget elementor-widget-spacer\" data-id=\"628ac79\" data-element_type=\"widget\" data-widget_type=\"spacer.default\">\n\t\t\t\t<div class=\"elementor-widget-container\">\n\t\t\t\t\t<div class=\"elementor-spacer\">\n\t\t\t<div class=\"elementor-spacer-inner\"><\/div>\n\t\t<\/div>\n\t\t\t\t<\/div>\n\t\t\t\t<\/div>\n\t\t\t\t<div class=\"elementor-element elementor-element-d4ac6f7 elementor-widget elementor-widget-text-editor\" data-id=\"d4ac6f7\" data-element_type=\"widget\" data-widget_type=\"text-editor.default\">\n\t\t\t\t<div class=\"elementor-widget-container\">\n\t\t\t\t\t\t\t\t<div class=\"elementor-text-editor elementor-clearfix\">\n\t\t\t\t<h3>Nos collaborateurs sont mobilis\u00e9s chaque jour pour r\u00e9pondre pour prendre en charge vos commandes, r\u00e9pondre \u00e0 vos questions et vous fournir des devis.<\/h3>\t\t\t\t\t<\/div>\n\t\t\t\t\t\t<\/div>\n\t\t\t\t<\/div>\n\t\t\t\t\t\t<\/div>\n\t\t\t\t\t<\/div>\n\t\t<\/div>\n\t\t\t\t<div class=\"elementor-column elementor-col-50 elementor-top-column elementor-element elementor-element-48863e2\" data-id=\"48863e2\" data-element_type=\"column\">\n\t\t\t<div class=\"elementor-column-wrap elementor-element-populated\">\n\t\t\t\t\t\t\t<div class=\"elementor-widget-wrap\">\n\t\t\t\t\t\t<div class=\"elementor-element elementor-element-3790089 elementor-position-top elementor-vertical-align-top elementor-widget elementor-widget-image-box\" data-id=\"3790089\" data-element_type=\"widget\" data-widget_type=\"image-box.default\">\n\t\t\t\t<div class=\"elementor-widget-container\">\n\t\t\t<div class=\"elementor-image-box-wrapper\"><figure class=\"elementor-image-box-img\"><img width=\"646\" height=\"646\" src=\"https:\/\/sissi3sd.fr\/wp-content\/uploads\/2020\/06\/Hotesse-T\u00e9l.jpg\" class=\"attachment-full size-full\" alt=\"\" loading=\"lazy\" \/><\/figure><div class=\"elementor-image-box-content\"><h3 class=\"elementor-image-box-title\">24h\/24 - 7j\/7<\/h3><p class=\"elementor-image-box-description\">Notre d\u00e9sir, vous donner enti\u00e8re satisfaction et rester non-stop \u00e0 votre \u00e9coute.\n<\/p><\/div><\/div>\t\t<\/div>\n\t\t\t\t<\/div>\n\t\t\t\t\t\t<\/div>\n\t\t\t\t\t<\/div>\n\t\t<\/div>\n\t\t\t\t\t\t\t\t<\/div>\n\t\t\t\t\t<\/div>\n\t\t<\/section>\n\t\t\t\t\t\t\t\t\t<\/div>\n\t\t\t<\/div>\n\t\t\t\t\t<\/div>\n\t\t","protected":false},"excerpt":{"rendered":"<p>\u00a0\u00ab 3SD \u00bb d\u00e9signe l\u2019activit\u00e9 relative \u00e0 la Sant\u00e9 et la D\u00e9sinfection : Sant\u00e9 (Nous agissions dans le domaine de la sant\u00e9 avec des produits adapt\u00e9s)<span class=\"excerpt-hellip\"> [\u2026]<\/span><\/p>\n","protected":false},"author":1,"featured_media":0,"parent":0,"menu_order":0,"comment_status":"closed","ping_status":"closed","template":"","meta":[],"_links":{"self":[{"href":"https:\/\/sissi3sd.fr\/index.php?rest_route=\/wp\/v2\/pages\/321"}],"collection":[{"href":"https:\/\/sissi3sd.fr\/index.php?rest_route=\/wp\/v2\/pages"}],"about":[{"href":"https:\/\/sissi3sd.fr\/index.php?rest_route=\/wp\/v2\/types\/page"}],"author":[{"embeddable":true,"href":"https:\/\/sissi3sd.fr\/index.php?rest_route=\/wp\/v2\/users\/1"}],"replies":[{"embeddable":true,"href":"https:\/\/sissi3sd.fr\/index.php?rest_route=%2Fwp%2Fv2%2Fcomments&post=321"}],"version-history":[{"count":81,"href":"https:\/\/sissi3sd.fr\/index.php?rest_route=\/wp\/v2\/pages\/321\/revisions"}],"predecessor-version":[{"id":1084,"href":"https:\/\/sissi3sd.fr\/index.php?rest_route=\/wp\/v2\/pages\/321\/revisions\/1084"}],"wp:attachment":[{"href":"https:\/\/sissi3sd.fr\/index.php?rest_route=%2Fwp%2Fv2%2Fmedia&parent=321"}],"curies":[{"name":"wp","href":"https:\/\/api.w.org\/{rel}","templated":true}]}}