{"id":366,"date":"2020-06-11T15:24:20","date_gmt":"2020-06-11T15:24:20","guid":{"rendered":"http:\/\/sissi3sd.fr\/?page_id=366"},"modified":"2020-06-19T13:09:51","modified_gmt":"2020-06-19T13:09:51","slug":"desinfection","status":"publish","type":"page","link":"https:\/\/sissi3sd.fr\/?page_id=366","title":{"rendered":"D\u00e9sinfection"},"content":{"rendered":"\t\t<div data-elementor-type=\"wp-page\" data-elementor-id=\"366\" class=\"elementor elementor-366\">\n\t\t\t\t\t\t<div class=\"elementor-inner\">\n\t\t\t\t<div class=\"elementor-section-wrap\">\n\t\t\t\t\t\t\t\t\t<section class=\"elementor-section elementor-top-section elementor-element elementor-element-f8db48e elementor-section-boxed elementor-section-height-default elementor-section-height-default\" data-id=\"f8db48e\" data-element_type=\"section\">\n\t\t\t\t\t\t<div class=\"elementor-container elementor-column-gap-default\">\n\t\t\t\t\t\t\t<div class=\"elementor-row\">\n\t\t\t\t\t<div class=\"elementor-column elementor-col-100 elementor-top-column elementor-element elementor-element-7ab1fe1\" data-id=\"7ab1fe1\" data-element_type=\"column\">\n\t\t\t<div class=\"elementor-column-wrap elementor-element-populated\">\n\t\t\t\t\t\t\t<div class=\"elementor-widget-wrap\">\n\t\t\t\t\t\t<div class=\"elementor-element elementor-element-5faf58d elementor-widget elementor-widget-heading\" data-id=\"5faf58d\" data-element_type=\"widget\" data-widget_type=\"heading.default\">\n\t\t\t\t<div class=\"elementor-widget-container\">\n\t\t\t<h2 class=\"elementor-heading-title elementor-size-default\">Pour vos demandes de d\u00e9sinfection COVID-19, faites confiance \u00e0 SISSI 3SD\n\n<\/h2>\t\t<\/div>\n\t\t\t\t<\/div>\n\t\t\t\t<div class=\"elementor-element elementor-element-7c744ca elementor-widget elementor-widget-text-editor\" data-id=\"7c744ca\" data-element_type=\"widget\" data-widget_type=\"text-editor.default\">\n\t\t\t\t<div class=\"elementor-widget-container\">\n\t\t\t\t\t\t\t\t<div class=\"elementor-text-editor elementor-clearfix\">\n\t\t\t\t<p><span style=\"letter-spacing: 0px;\">Suite \u00e0 la crise sanitaire,\u00a0SISSI 3SD s\u2019engage dans l\u2019enjeu sanitaire national actuel\u00a0et vous propose ses services de d\u00e9contamination pour vos bureaux et locaux.<\/span><\/p><p>Dans le cas d\u2019une\u00a0contamination d\u2019un commerce alimentaire, d\u2019un lieu de travail, d\u2019un restaurant, d\u2019un h\u00f4tel\u2026et en accord avec notre plan de continuit\u00e9 d\u2019activit\u00e9, nous pouvons intervenir pour des\u00a0prestations de d\u00e9contamination et de d\u00e9sinfection. Notre but premier \u00e9tant de\u00a0prot\u00e9ger la sant\u00e9\u00a0des salari\u00e9s, des clients ou d\u2019autres personnes \u00e0 risque.<\/p><p>SISSI 3SD est une\u00a0entreprise form\u00e9e aux\u00a0techniques les plus performantes de nettoyage industriel.<\/p><p><strong>D\u00e9sinfection Coronavirus<\/strong><\/p><p>\u00a0Professionnels de la d\u00e9sinfection, nous appliquons une m\u00e9thodologie approuv\u00e9e dans la d\u00e9sinfection de votre \u00e9tablissement ou de votre domicile contre les micro nuisibles dont le coronavirus.<\/p><p>La d\u00e9sinfection consiste \u00e0 \u00e9liminer les germes dans votre environnement.<\/p><p>Nous utilisons des solutions efficaces pour r\u00e9pondre \u00e0 votre besoin, en respectant un mode op\u00e9ratoire strict sans danger pour la sant\u00e9 humaine.<\/p><p>Plusieurs actions sont possibles pour d\u00e9sinfecter votre domicile ou vos locaux contre les micro-nuisibles et le coronavirus :<\/p><p>Bact\u00e9ricide :\u00a0d\u00e9truit les bact\u00e9ries<\/p><p>Virucide :\u00a0inactive les virus<\/p><p>Fongicide :\u00a0d\u00e9truit les moisissures, les spores ou les champignons<\/p><p>Nos lieux d&rsquo;action :<\/p><ul><li>Vestiaires<\/li><li>V\u00e9hicules<\/li><li>Locaux sociaux<\/li><li>D\u00e9p\u00f4ts, Magasins (boucherie, boulangerie\u2026)<\/li><li>Lieux de passage, etc.<\/li><\/ul>\t\t\t\t\t<\/div>\n\t\t\t\t\t\t<\/div>\n\t\t\t\t<\/div>\n\t\t\t\t<div class=\"elementor-element elementor-element-278c385 elementor-widget elementor-widget-image\" data-id=\"278c385\" data-element_type=\"widget\" data-widget_type=\"image.default\">\n\t\t\t\t<div class=\"elementor-widget-container\">\n\t\t\t\t\t\t\t\t<div class=\"elementor-image\">\n\t\t\t\t\t\t\t\t\t\t\t\t<img width=\"750\" height=\"500\" src=\"https:\/\/sissi3sd.fr\/wp-content\/uploads\/2020\/06\/D\u00e9sinfection_1-750x500px.jpg\" class=\"attachment-large size-large\" alt=\"\" loading=\"lazy\" srcset=\"https:\/\/sissi3sd.fr\/wp-content\/uploads\/2020\/06\/D\u00e9sinfection_1-750x500px.jpg 750w, https:\/\/sissi3sd.fr\/wp-content\/uploads\/2020\/06\/D\u00e9sinfection_1-750x500px-300x200.jpg 300w, https:\/\/sissi3sd.fr\/wp-content\/uploads\/2020\/06\/D\u00e9sinfection_1-750x500px-219x146.jpg 219w, https:\/\/sissi3sd.fr\/wp-content\/uploads\/2020\/06\/D\u00e9sinfection_1-750x500px-50x33.jpg 50w, https:\/\/sissi3sd.fr\/wp-content\/uploads\/2020\/06\/D\u00e9sinfection_1-750x500px-113x75.jpg 113w, https:\/\/sissi3sd.fr\/wp-content\/uploads\/2020\/06\/D\u00e9sinfection_1-750x500px-600x400.jpg 600w\" sizes=\"(max-width: 750px) 100vw, 750px\" \/>\t\t\t\t\t\t\t\t\t\t\t\t\t\t<\/div>\n\t\t\t\t\t\t<\/div>\n\t\t\t\t<\/div>\n\t\t\t\t<div class=\"elementor-element elementor-element-dd73f55 elementor-widget elementor-widget-text-editor\" data-id=\"dd73f55\" data-element_type=\"widget\" data-widget_type=\"text-editor.default\">\n\t\t\t\t<div class=\"elementor-widget-container\">\n\t\t\t\t\t\t\t\t<div class=\"elementor-text-editor elementor-clearfix\">\n\t\t\t\t<p><strong>La d\u00e9sinfection contre le\u00a0coronavirus \u00e0 titre pr\u00e9ventif et curatif<\/strong><\/p><p>Dans le contexte actuel avec une pand\u00e9mie au coronavirus COVID-19 de niveau trois, il est plus que n\u00e9cessaire de prendre toutes les pr\u00e9cautions possibles et d&rsquo;appliquer des actions concr\u00e8tes pour endiguer la propagation du virus.<\/p><p>Les coronavirus font partie d\u2019une famille de virus susceptibles d\u2019\u00eatre \u00e0 l\u2019origine d\u2019un large \u00e9ventail de maladies. Parmi eux Le COVID-19 est un virus qui peut provoquer une infection b\u00e9nigne se manifestant par un rhume banal pouvant aller jusqu\u2019\u00e0 causer une d\u00e9tresse respiratoire s\u00e9v\u00e8re engageant le pronostic vital.<\/p><p>Au-del\u00e0 des mesures d\u2019hygi\u00e8ne classique (lavage r\u00e9gulier des mains, utilisation des solutions hydro-alcoolique, ne pas se rassembler&#8230;) il peut \u00eatre n\u00e9cessaire de solliciter l\u2019intervention d\u2019une entreprise pour des op\u00e9rations de d\u00e9sinfection \u00e0 vis\u00e9e pr\u00e9ventive ou curative de vos espaces priv\u00e9s, professionnels, ou encore dans les lieux accueillants du public.<\/p><p>Notre entreprise de d\u00e9sinfection vous informe sur les m\u00e9thodes de nettoyage et vous propose un service de d\u00e9sinfection certifi\u00e9 et approuv\u00e9 depuis plusieurs d\u00e9cennies. Nos experts de la d\u00e9sinfection traitent avec les solutions les plus innovantes et les plus fiables du march\u00e9.<\/p>\t\t\t\t\t<\/div>\n\t\t\t\t\t\t<\/div>\n\t\t\t\t<\/div>\n\t\t\t\t<div class=\"elementor-element elementor-element-4f891a6 elementor-widget elementor-widget-image\" data-id=\"4f891a6\" data-element_type=\"widget\" data-widget_type=\"image.default\">\n\t\t\t\t<div class=\"elementor-widget-container\">\n\t\t\t\t\t\t\t\t<div class=\"elementor-image\">\n\t\t\t\t\t\t\t\t\t\t\t\t<img width=\"750\" height=\"500\" src=\"https:\/\/sissi3sd.fr\/wp-content\/uploads\/2020\/06\/D\u00e9sinfection_2-750x500px.jpg\" class=\"attachment-large size-large\" alt=\"\" loading=\"lazy\" srcset=\"https:\/\/sissi3sd.fr\/wp-content\/uploads\/2020\/06\/D\u00e9sinfection_2-750x500px.jpg 750w, https:\/\/sissi3sd.fr\/wp-content\/uploads\/2020\/06\/D\u00e9sinfection_2-750x500px-300x200.jpg 300w, https:\/\/sissi3sd.fr\/wp-content\/uploads\/2020\/06\/D\u00e9sinfection_2-750x500px-219x146.jpg 219w, https:\/\/sissi3sd.fr\/wp-content\/uploads\/2020\/06\/D\u00e9sinfection_2-750x500px-50x33.jpg 50w, https:\/\/sissi3sd.fr\/wp-content\/uploads\/2020\/06\/D\u00e9sinfection_2-750x500px-113x75.jpg 113w, https:\/\/sissi3sd.fr\/wp-content\/uploads\/2020\/06\/D\u00e9sinfection_2-750x500px-600x400.jpg 600w\" sizes=\"(max-width: 750px) 100vw, 750px\" \/>\t\t\t\t\t\t\t\t\t\t\t\t\t\t<\/div>\n\t\t\t\t\t\t<\/div>\n\t\t\t\t<\/div>\n\t\t\t\t<div class=\"elementor-element elementor-element-c4cc473 elementor-button-info elementor-align-center elementor-widget elementor-widget-button\" data-id=\"c4cc473\" data-element_type=\"widget\" data-widget_type=\"button.default\">\n\t\t\t\t<div class=\"elementor-widget-container\">\n\t\t\t\t\t<div class=\"elementor-button-wrapper\">\n\t\t\t<a href=\"http:\/\/sissi3sd.fr\/?page_id=444\" class=\"elementor-button-link elementor-button elementor-size-md\" role=\"button\">\n\t\t\t\t\t\t<span class=\"elementor-button-content-wrapper\">\n\t\t\t\t\t\t<span class=\"elementor-button-text\">Contactez nous<\/span>\n\t\t<\/span>\n\t\t\t\t\t<\/a>\n\t\t<\/div>\n\t\t\t\t<\/div>\n\t\t\t\t<\/div>\n\t\t\t\t<div class=\"elementor-element elementor-element-c9dec52 elementor-widget elementor-widget-spacer\" data-id=\"c9dec52\" data-element_type=\"widget\" data-widget_type=\"spacer.default\">\n\t\t\t\t<div class=\"elementor-widget-container\">\n\t\t\t\t\t<div class=\"elementor-spacer\">\n\t\t\t<div class=\"elementor-spacer-inner\"><\/div>\n\t\t<\/div>\n\t\t\t\t<\/div>\n\t\t\t\t<\/div>\n\t\t\t\t\t\t<\/div>\n\t\t\t\t\t<\/div>\n\t\t<\/div>\n\t\t\t\t\t\t\t\t<\/div>\n\t\t\t\t\t<\/div>\n\t\t<\/section>\n\t\t\t\t<section class=\"elementor-section elementor-top-section elementor-element elementor-element-df024ab elementor-section-boxed elementor-section-height-default elementor-section-height-default\" data-id=\"df024ab\" data-element_type=\"section\">\n\t\t\t\t\t\t<div class=\"elementor-container elementor-column-gap-default\">\n\t\t\t\t\t\t\t<div class=\"elementor-row\">\n\t\t\t\t\t<div class=\"elementor-column elementor-col-25 elementor-top-column elementor-element elementor-element-970a751\" data-id=\"970a751\" data-element_type=\"column\">\n\t\t\t<div class=\"elementor-column-wrap elementor-element-populated\">\n\t\t\t\t\t\t\t<div class=\"elementor-widget-wrap\">\n\t\t\t\t\t\t<div class=\"elementor-element elementor-element-53a8235 elementor-widget elementor-widget-image\" data-id=\"53a8235\" data-element_type=\"widget\" data-widget_type=\"image.default\">\n\t\t\t\t<div class=\"elementor-widget-container\">\n\t\t\t\t\t\t\t\t<div class=\"elementor-image\">\n\t\t\t\t\t\t\t\t\t\t\t\t\t<a href=\"http:\/\/sissi3sd.fr\/?page_id=571\">\n\t\t\t\t\t\t\t<img width=\"622\" height=\"780\" src=\"https:\/\/sissi3sd.fr\/wp-content\/uploads\/2020\/06\/Boite-de-100-lingettes-780-x-622-px.jpg\" class=\"elementor-animation-grow attachment-large size-large\" alt=\"\" loading=\"lazy\" srcset=\"https:\/\/sissi3sd.fr\/wp-content\/uploads\/2020\/06\/Boite-de-100-lingettes-780-x-622-px.jpg 622w, https:\/\/sissi3sd.fr\/wp-content\/uploads\/2020\/06\/Boite-de-100-lingettes-780-x-622-px-239x300.jpg 239w, https:\/\/sissi3sd.fr\/wp-content\/uploads\/2020\/06\/Boite-de-100-lingettes-780-x-622-px-116x146.jpg 116w, https:\/\/sissi3sd.fr\/wp-content\/uploads\/2020\/06\/Boite-de-100-lingettes-780-x-622-px-40x50.jpg 40w, https:\/\/sissi3sd.fr\/wp-content\/uploads\/2020\/06\/Boite-de-100-lingettes-780-x-622-px-60x75.jpg 60w, https:\/\/sissi3sd.fr\/wp-content\/uploads\/2020\/06\/Boite-de-100-lingettes-780-x-622-px-600x752.jpg 600w\" sizes=\"(max-width: 622px) 100vw, 622px\" \/>\t\t\t\t\t\t\t\t<\/a>\n\t\t\t\t\t\t\t\t\t\t\t\t\t\t<\/div>\n\t\t\t\t\t\t<\/div>\n\t\t\t\t<\/div>\n\t\t\t\t<div class=\"elementor-element elementor-element-b7535c0 elementor-widget elementor-widget-heading\" data-id=\"b7535c0\" data-element_type=\"widget\" data-widget_type=\"heading.default\">\n\t\t\t\t<div class=\"elementor-widget-container\">\n\t\t\t<h2 class=\"elementor-heading-title elementor-size-default\">Bo\u00eete de 100 Lingettes<\/h2>\t\t<\/div>\n\t\t\t\t<\/div>\n\t\t\t\t\t\t<\/div>\n\t\t\t\t\t<\/div>\n\t\t<\/div>\n\t\t\t\t<div class=\"elementor-column elementor-col-25 elementor-top-column elementor-element elementor-element-2bae86c\" data-id=\"2bae86c\" data-element_type=\"column\">\n\t\t\t<div class=\"elementor-column-wrap elementor-element-populated\">\n\t\t\t\t\t\t\t<div class=\"elementor-widget-wrap\">\n\t\t\t\t\t\t<div class=\"elementor-element elementor-element-d6f07d2 elementor-widget elementor-widget-image\" data-id=\"d6f07d2\" data-element_type=\"widget\" data-widget_type=\"image.default\">\n\t\t\t\t<div class=\"elementor-widget-container\">\n\t\t\t\t\t\t\t\t<div class=\"elementor-image\">\n\t\t\t\t\t\t\t\t\t\t\t\t\t<a href=\"http:\/\/sissi3sd.fr\/?page_id=576\">\n\t\t\t\t\t\t\t<img width=\"622\" height=\"780\" src=\"https:\/\/sissi3sd.fr\/wp-content\/uploads\/2020\/06\/Lingettes-bio-lustr\u00e9es-780x622px.jpg\" class=\"elementor-animation-grow attachment-large size-large\" alt=\"\" loading=\"lazy\" srcset=\"https:\/\/sissi3sd.fr\/wp-content\/uploads\/2020\/06\/Lingettes-bio-lustr\u00e9es-780x622px.jpg 622w, https:\/\/sissi3sd.fr\/wp-content\/uploads\/2020\/06\/Lingettes-bio-lustr\u00e9es-780x622px-239x300.jpg 239w, https:\/\/sissi3sd.fr\/wp-content\/uploads\/2020\/06\/Lingettes-bio-lustr\u00e9es-780x622px-116x146.jpg 116w, https:\/\/sissi3sd.fr\/wp-content\/uploads\/2020\/06\/Lingettes-bio-lustr\u00e9es-780x622px-40x50.jpg 40w, https:\/\/sissi3sd.fr\/wp-content\/uploads\/2020\/06\/Lingettes-bio-lustr\u00e9es-780x622px-60x75.jpg 60w, https:\/\/sissi3sd.fr\/wp-content\/uploads\/2020\/06\/Lingettes-bio-lustr\u00e9es-780x622px-600x752.jpg 600w\" sizes=\"(max-width: 622px) 100vw, 622px\" \/>\t\t\t\t\t\t\t\t<\/a>\n\t\t\t\t\t\t\t\t\t\t\t\t\t\t<\/div>\n\t\t\t\t\t\t<\/div>\n\t\t\t\t<\/div>\n\t\t\t\t<div class=\"elementor-element elementor-element-e47ae4a elementor-widget elementor-widget-heading\" data-id=\"e47ae4a\" data-element_type=\"widget\" data-widget_type=\"heading.default\">\n\t\t\t\t<div class=\"elementor-widget-container\">\n\t\t\t<h2 class=\"elementor-heading-title elementor-size-default\">Lingettes antiseptiques Biolustr\u00e9<\/h2>\t\t<\/div>\n\t\t\t\t<\/div>\n\t\t\t\t\t\t<\/div>\n\t\t\t\t\t<\/div>\n\t\t<\/div>\n\t\t\t\t<div class=\"elementor-column elementor-col-25 elementor-top-column elementor-element elementor-element-1b20dae\" data-id=\"1b20dae\" data-element_type=\"column\">\n\t\t\t<div class=\"elementor-column-wrap elementor-element-populated\">\n\t\t\t\t\t\t\t<div class=\"elementor-widget-wrap\">\n\t\t\t\t\t\t<div class=\"elementor-element elementor-element-39fd2c9 elementor-widget elementor-widget-image\" data-id=\"39fd2c9\" data-element_type=\"widget\" data-widget_type=\"image.default\">\n\t\t\t\t<div class=\"elementor-widget-container\">\n\t\t\t\t\t\t\t\t<div class=\"elementor-image\">\n\t\t\t\t\t\t\t\t\t\t\t\t\t<a href=\"http:\/\/sissi3sd.fr\/?page_id=580\">\n\t\t\t\t\t\t\t<img width=\"622\" height=\"780\" src=\"https:\/\/sissi3sd.fr\/wp-content\/uploads\/2020\/06\/Lingettes-individuelles-780x622px-1.jpg\" class=\"elementor-animation-grow attachment-large size-large\" alt=\"\" loading=\"lazy\" srcset=\"https:\/\/sissi3sd.fr\/wp-content\/uploads\/2020\/06\/Lingettes-individuelles-780x622px-1.jpg 622w, https:\/\/sissi3sd.fr\/wp-content\/uploads\/2020\/06\/Lingettes-individuelles-780x622px-1-239x300.jpg 239w, https:\/\/sissi3sd.fr\/wp-content\/uploads\/2020\/06\/Lingettes-individuelles-780x622px-1-116x146.jpg 116w, https:\/\/sissi3sd.fr\/wp-content\/uploads\/2020\/06\/Lingettes-individuelles-780x622px-1-40x50.jpg 40w, https:\/\/sissi3sd.fr\/wp-content\/uploads\/2020\/06\/Lingettes-individuelles-780x622px-1-60x75.jpg 60w, https:\/\/sissi3sd.fr\/wp-content\/uploads\/2020\/06\/Lingettes-individuelles-780x622px-1-600x752.jpg 600w\" sizes=\"(max-width: 622px) 100vw, 622px\" \/>\t\t\t\t\t\t\t\t<\/a>\n\t\t\t\t\t\t\t\t\t\t\t\t\t\t<\/div>\n\t\t\t\t\t\t<\/div>\n\t\t\t\t<\/div>\n\t\t\t\t<div class=\"elementor-element elementor-element-fb53d31 elementor-widget elementor-widget-heading\" data-id=\"fb53d31\" data-element_type=\"widget\" data-widget_type=\"heading.default\">\n\t\t\t\t<div class=\"elementor-widget-container\">\n\t\t\t<h2 class=\"elementor-heading-title elementor-size-default\">Lingettes individuelles<\/h2>\t\t<\/div>\n\t\t\t\t<\/div>\n\t\t\t\t\t\t<\/div>\n\t\t\t\t\t<\/div>\n\t\t<\/div>\n\t\t\t\t<div class=\"elementor-column elementor-col-25 elementor-top-column elementor-element elementor-element-e5d2642\" data-id=\"e5d2642\" data-element_type=\"column\">\n\t\t\t<div class=\"elementor-column-wrap elementor-element-populated\">\n\t\t\t\t\t\t\t<div class=\"elementor-widget-wrap\">\n\t\t\t\t\t\t<div class=\"elementor-element elementor-element-1e31ac7 elementor-widget elementor-widget-image\" data-id=\"1e31ac7\" data-element_type=\"widget\" data-widget_type=\"image.default\">\n\t\t\t\t<div class=\"elementor-widget-container\">\n\t\t\t\t\t\t\t\t<div class=\"elementor-image\">\n\t\t\t\t\t\t\t\t\t\t\t\t\t<a href=\"http:\/\/sissi3sd.fr\/?page_id=584\">\n\t\t\t\t\t\t\t<img width=\"622\" height=\"780\" src=\"https:\/\/sissi3sd.fr\/wp-content\/uploads\/2020\/06\/Paquet-de-lingettes-780x622px.jpg\" class=\"elementor-animation-grow attachment-large size-large\" alt=\"\" loading=\"lazy\" srcset=\"https:\/\/sissi3sd.fr\/wp-content\/uploads\/2020\/06\/Paquet-de-lingettes-780x622px.jpg 622w, https:\/\/sissi3sd.fr\/wp-content\/uploads\/2020\/06\/Paquet-de-lingettes-780x622px-239x300.jpg 239w, https:\/\/sissi3sd.fr\/wp-content\/uploads\/2020\/06\/Paquet-de-lingettes-780x622px-116x146.jpg 116w, https:\/\/sissi3sd.fr\/wp-content\/uploads\/2020\/06\/Paquet-de-lingettes-780x622px-40x50.jpg 40w, https:\/\/sissi3sd.fr\/wp-content\/uploads\/2020\/06\/Paquet-de-lingettes-780x622px-60x75.jpg 60w, https:\/\/sissi3sd.fr\/wp-content\/uploads\/2020\/06\/Paquet-de-lingettes-780x622px-600x752.jpg 600w\" sizes=\"(max-width: 622px) 100vw, 622px\" \/>\t\t\t\t\t\t\t\t<\/a>\n\t\t\t\t\t\t\t\t\t\t\t\t\t\t<\/div>\n\t\t\t\t\t\t<\/div>\n\t\t\t\t<\/div>\n\t\t\t\t<div class=\"elementor-element elementor-element-ab92028 elementor-widget elementor-widget-heading\" data-id=\"ab92028\" data-element_type=\"widget\" data-widget_type=\"heading.default\">\n\t\t\t\t<div class=\"elementor-widget-container\">\n\t\t\t<h2 class=\"elementor-heading-title elementor-size-default\">Paquet de lingettes<\/h2>\t\t<\/div>\n\t\t\t\t<\/div>\n\t\t\t\t\t\t<\/div>\n\t\t\t\t\t<\/div>\n\t\t<\/div>\n\t\t\t\t\t\t\t\t<\/div>\n\t\t\t\t\t<\/div>\n\t\t<\/section>\n\t\t\t\t<section class=\"elementor-section elementor-top-section elementor-element elementor-element-bbd88a1 elementor-section-boxed elementor-section-height-default elementor-section-height-default\" data-id=\"bbd88a1\" data-element_type=\"section\">\n\t\t\t\t\t\t<div class=\"elementor-container elementor-column-gap-default\">\n\t\t\t\t\t\t\t<div class=\"elementor-row\">\n\t\t\t\t\t<div class=\"elementor-column elementor-col-25 elementor-top-column elementor-element elementor-element-e2359ed\" data-id=\"e2359ed\" data-element_type=\"column\">\n\t\t\t<div class=\"elementor-column-wrap elementor-element-populated\">\n\t\t\t\t\t\t\t<div class=\"elementor-widget-wrap\">\n\t\t\t\t\t\t<div class=\"elementor-element elementor-element-2643c1b elementor-widget elementor-widget-image\" data-id=\"2643c1b\" data-element_type=\"widget\" data-widget_type=\"image.default\">\n\t\t\t\t<div class=\"elementor-widget-container\">\n\t\t\t\t\t\t\t\t<div class=\"elementor-image\">\n\t\t\t\t\t\t\t\t\t\t\t\t\t<a href=\"http:\/\/sissi3sd.fr\/?page_id=589\">\n\t\t\t\t\t\t\t<img width=\"622\" height=\"780\" src=\"https:\/\/sissi3sd.fr\/wp-content\/uploads\/2020\/06\/Spray-Air-d\u00e9sinfectant-780x622px-1.jpg\" class=\"elementor-animation-grow attachment-large size-large\" alt=\"\" loading=\"lazy\" srcset=\"https:\/\/sissi3sd.fr\/wp-content\/uploads\/2020\/06\/Spray-Air-d\u00e9sinfectant-780x622px-1.jpg 622w, https:\/\/sissi3sd.fr\/wp-content\/uploads\/2020\/06\/Spray-Air-d\u00e9sinfectant-780x622px-1-239x300.jpg 239w, https:\/\/sissi3sd.fr\/wp-content\/uploads\/2020\/06\/Spray-Air-d\u00e9sinfectant-780x622px-1-116x146.jpg 116w, https:\/\/sissi3sd.fr\/wp-content\/uploads\/2020\/06\/Spray-Air-d\u00e9sinfectant-780x622px-1-40x50.jpg 40w, https:\/\/sissi3sd.fr\/wp-content\/uploads\/2020\/06\/Spray-Air-d\u00e9sinfectant-780x622px-1-60x75.jpg 60w, https:\/\/sissi3sd.fr\/wp-content\/uploads\/2020\/06\/Spray-Air-d\u00e9sinfectant-780x622px-1-600x752.jpg 600w\" sizes=\"(max-width: 622px) 100vw, 622px\" \/>\t\t\t\t\t\t\t\t<\/a>\n\t\t\t\t\t\t\t\t\t\t\t\t\t\t<\/div>\n\t\t\t\t\t\t<\/div>\n\t\t\t\t<\/div>\n\t\t\t\t<div class=\"elementor-element elementor-element-196cbad elementor-widget elementor-widget-heading\" data-id=\"196cbad\" data-element_type=\"widget\" data-widget_type=\"heading.default\">\n\t\t\t\t<div class=\"elementor-widget-container\">\n\t\t\t<h2 class=\"elementor-heading-title elementor-size-default\">Spray Air d\u00e9sinfectant<\/h2>\t\t<\/div>\n\t\t\t\t<\/div>\n\t\t\t\t\t\t<\/div>\n\t\t\t\t\t<\/div>\n\t\t<\/div>\n\t\t\t\t<div class=\"elementor-column elementor-col-25 elementor-top-column elementor-element elementor-element-baa101c\" data-id=\"baa101c\" data-element_type=\"column\">\n\t\t\t<div class=\"elementor-column-wrap elementor-element-populated\">\n\t\t\t\t\t\t\t<div class=\"elementor-widget-wrap\">\n\t\t\t\t\t\t<div class=\"elementor-element elementor-element-1238506 elementor-widget elementor-widget-image\" data-id=\"1238506\" data-element_type=\"widget\" data-widget_type=\"image.default\">\n\t\t\t\t<div class=\"elementor-widget-container\">\n\t\t\t\t\t\t\t\t<div class=\"elementor-image\">\n\t\t\t\t\t\t\t\t\t\t\t\t\t<a href=\"http:\/\/sissi3sd.fr\/?page_id=593\">\n\t\t\t\t\t\t\t<img width=\"622\" height=\"780\" src=\"https:\/\/sissi3sd.fr\/wp-content\/uploads\/2020\/06\/Spray-Bio-multisurface-500ml-780x622px.jpg\" class=\"elementor-animation-grow attachment-large size-large\" alt=\"\" loading=\"lazy\" srcset=\"https:\/\/sissi3sd.fr\/wp-content\/uploads\/2020\/06\/Spray-Bio-multisurface-500ml-780x622px.jpg 622w, https:\/\/sissi3sd.fr\/wp-content\/uploads\/2020\/06\/Spray-Bio-multisurface-500ml-780x622px-239x300.jpg 239w, https:\/\/sissi3sd.fr\/wp-content\/uploads\/2020\/06\/Spray-Bio-multisurface-500ml-780x622px-116x146.jpg 116w, https:\/\/sissi3sd.fr\/wp-content\/uploads\/2020\/06\/Spray-Bio-multisurface-500ml-780x622px-40x50.jpg 40w, https:\/\/sissi3sd.fr\/wp-content\/uploads\/2020\/06\/Spray-Bio-multisurface-500ml-780x622px-60x75.jpg 60w, https:\/\/sissi3sd.fr\/wp-content\/uploads\/2020\/06\/Spray-Bio-multisurface-500ml-780x622px-600x752.jpg 600w\" sizes=\"(max-width: 622px) 100vw, 622px\" \/>\t\t\t\t\t\t\t\t<\/a>\n\t\t\t\t\t\t\t\t\t\t\t\t\t\t<\/div>\n\t\t\t\t\t\t<\/div>\n\t\t\t\t<\/div>\n\t\t\t\t<div class=\"elementor-element elementor-element-6eb14d0 elementor-widget elementor-widget-heading\" data-id=\"6eb14d0\" data-element_type=\"widget\" data-widget_type=\"heading.default\">\n\t\t\t\t<div class=\"elementor-widget-container\">\n\t\t\t<h2 class=\"elementor-heading-title elementor-size-default\">Spray Bio Multi-surface 500 ml<\/h2>\t\t<\/div>\n\t\t\t\t<\/div>\n\t\t\t\t\t\t<\/div>\n\t\t\t\t\t<\/div>\n\t\t<\/div>\n\t\t\t\t<div class=\"elementor-column elementor-col-25 elementor-top-column elementor-element elementor-element-b8e549c\" data-id=\"b8e549c\" data-element_type=\"column\">\n\t\t\t<div class=\"elementor-column-wrap elementor-element-populated\">\n\t\t\t\t\t\t\t<div class=\"elementor-widget-wrap\">\n\t\t\t\t\t\t<div class=\"elementor-element elementor-element-e3f6bd0 elementor-widget elementor-widget-image\" data-id=\"e3f6bd0\" data-element_type=\"widget\" data-widget_type=\"image.default\">\n\t\t\t\t<div class=\"elementor-widget-container\">\n\t\t\t\t\t\t\t\t<div class=\"elementor-image\">\n\t\t\t\t\t\t\t\t\t\t\t\t\t<a href=\"http:\/\/sissi3sd.fr\/?page_id=598\">\n\t\t\t\t\t\t\t<img width=\"622\" height=\"780\" src=\"https:\/\/sissi3sd.fr\/wp-content\/uploads\/2020\/06\/Spray-mains-d\u00e9sinfectant-780x622px.jpg\" class=\"elementor-animation-grow attachment-large size-large\" alt=\"\" loading=\"lazy\" srcset=\"https:\/\/sissi3sd.fr\/wp-content\/uploads\/2020\/06\/Spray-mains-d\u00e9sinfectant-780x622px.jpg 622w, https:\/\/sissi3sd.fr\/wp-content\/uploads\/2020\/06\/Spray-mains-d\u00e9sinfectant-780x622px-239x300.jpg 239w, https:\/\/sissi3sd.fr\/wp-content\/uploads\/2020\/06\/Spray-mains-d\u00e9sinfectant-780x622px-116x146.jpg 116w, https:\/\/sissi3sd.fr\/wp-content\/uploads\/2020\/06\/Spray-mains-d\u00e9sinfectant-780x622px-40x50.jpg 40w, https:\/\/sissi3sd.fr\/wp-content\/uploads\/2020\/06\/Spray-mains-d\u00e9sinfectant-780x622px-60x75.jpg 60w, https:\/\/sissi3sd.fr\/wp-content\/uploads\/2020\/06\/Spray-mains-d\u00e9sinfectant-780x622px-600x752.jpg 600w\" sizes=\"(max-width: 622px) 100vw, 622px\" \/>\t\t\t\t\t\t\t\t<\/a>\n\t\t\t\t\t\t\t\t\t\t\t\t\t\t<\/div>\n\t\t\t\t\t\t<\/div>\n\t\t\t\t<\/div>\n\t\t\t\t<div class=\"elementor-element elementor-element-f621f82 elementor-widget elementor-widget-heading\" data-id=\"f621f82\" data-element_type=\"widget\" data-widget_type=\"heading.default\">\n\t\t\t\t<div class=\"elementor-widget-container\">\n\t\t\t<h2 class=\"elementor-heading-title elementor-size-default\">Spray mains d\u00e9sinfectant<\/h2>\t\t<\/div>\n\t\t\t\t<\/div>\n\t\t\t\t\t\t<\/div>\n\t\t\t\t\t<\/div>\n\t\t<\/div>\n\t\t\t\t<div class=\"elementor-column elementor-col-25 elementor-top-column elementor-element elementor-element-eadce1d\" data-id=\"eadce1d\" data-element_type=\"column\">\n\t\t\t<div class=\"elementor-column-wrap\">\n\t\t\t\t\t\t\t<div class=\"elementor-widget-wrap\">\n\t\t\t\t\t\t\t\t<\/div>\n\t\t\t\t\t<\/div>\n\t\t<\/div>\n\t\t\t\t\t\t\t\t<\/div>\n\t\t\t\t\t<\/div>\n\t\t<\/section>\n\t\t\t\t\t\t\t\t\t<\/div>\n\t\t\t<\/div>\n\t\t\t\t\t<\/div>\n\t\t","protected":false},"excerpt":{"rendered":"<p>Pour vos demandes de d\u00e9sinfection COVID-19, faites confiance \u00e0 SISSI 3SD Suite \u00e0 la crise sanitaire,\u00a0SISSI 3SD s\u2019engage dans l\u2019enjeu sanitaire national actuel\u00a0et vous propose ses<span class=\"excerpt-hellip\"> [\u2026]<\/span><\/p>\n","protected":false},"author":1,"featured_media":0,"parent":0,"menu_order":0,"comment_status":"closed","ping_status":"closed","template":"","meta":[],"_links":{"self":[{"href":"https:\/\/sissi3sd.fr\/index.php?rest_route=\/wp\/v2\/pages\/366"}],"collection":[{"href":"https:\/\/sissi3sd.fr\/index.php?rest_route=\/wp\/v2\/pages"}],"about":[{"href":"https:\/\/sissi3sd.fr\/index.php?rest_route=\/wp\/v2\/types\/page"}],"author":[{"embeddable":true,"href":"https:\/\/sissi3sd.fr\/index.php?rest_route=\/wp\/v2\/users\/1"}],"replies":[{"embeddable":true,"href":"https:\/\/sissi3sd.fr\/index.php?rest_route=%2Fwp%2Fv2%2Fcomments&post=366"}],"version-history":[{"count":32,"href":"https:\/\/sissi3sd.fr\/index.php?rest_route=\/wp\/v2\/pages\/366\/revisions"}],"predecessor-version":[{"id":669,"href":"https:\/\/sissi3sd.fr\/index.php?rest_route=\/wp\/v2\/pages\/366\/revisions\/669"}],"wp:attachment":[{"href":"https:\/\/sissi3sd.fr\/index.php?rest_route=%2Fwp%2Fv2%2Fmedia&parent=366"}],"curies":[{"name":"wp","href":"https:\/\/api.w.org\/{rel}","templated":true}]}}