{"id":379,"date":"2020-06-11T15:38:40","date_gmt":"2020-06-11T15:38:40","guid":{"rendered":"http:\/\/sissi3sd.fr\/?page_id=379"},"modified":"2020-06-19T13:16:29","modified_gmt":"2020-06-19T13:16:29","slug":"desinsectisation","status":"publish","type":"page","link":"https:\/\/sissi3sd.fr\/?page_id=379","title":{"rendered":"D\u00e9sinsectisation"},"content":{"rendered":"\t\t<div data-elementor-type=\"wp-page\" data-elementor-id=\"379\" class=\"elementor elementor-379\">\n\t\t\t\t\t\t<div class=\"elementor-inner\">\n\t\t\t\t<div class=\"elementor-section-wrap\">\n\t\t\t\t\t\t\t\t\t<section class=\"elementor-section elementor-top-section elementor-element elementor-element-accc84b elementor-section-boxed elementor-section-height-default elementor-section-height-default\" data-id=\"accc84b\" data-element_type=\"section\">\n\t\t\t\t\t\t<div class=\"elementor-container elementor-column-gap-default\">\n\t\t\t\t\t\t\t<div class=\"elementor-row\">\n\t\t\t\t\t<div class=\"elementor-column elementor-col-100 elementor-top-column elementor-element elementor-element-111241c\" data-id=\"111241c\" data-element_type=\"column\">\n\t\t\t<div class=\"elementor-column-wrap elementor-element-populated\">\n\t\t\t\t\t\t\t<div class=\"elementor-widget-wrap\">\n\t\t\t\t\t\t<div class=\"elementor-element elementor-element-0aa5676 elementor-widget elementor-widget-heading\" data-id=\"0aa5676\" data-element_type=\"widget\" data-widget_type=\"heading.default\">\n\t\t\t\t<div class=\"elementor-widget-container\">\n\t\t\t<h2 class=\"elementor-heading-title elementor-size-default\">La d\u00e9sinsectisation par Sissi 3SD<\/h2>\t\t<\/div>\n\t\t\t\t<\/div>\n\t\t\t\t<div class=\"elementor-element elementor-element-1369b15 elementor-widget elementor-widget-image\" data-id=\"1369b15\" data-element_type=\"widget\" data-widget_type=\"image.default\">\n\t\t\t\t<div class=\"elementor-widget-container\">\n\t\t\t\t\t\t\t\t<div class=\"elementor-image\">\n\t\t\t\t\t\t\t\t\t\t\t\t<img width=\"750\" height=\"563\" src=\"https:\/\/sissi3sd.fr\/wp-content\/uploads\/2020\/06\/D\u00e9sinsectisation.jpg\" class=\"attachment-large size-large\" alt=\"\" loading=\"lazy\" srcset=\"https:\/\/sissi3sd.fr\/wp-content\/uploads\/2020\/06\/D\u00e9sinsectisation.jpg 750w, https:\/\/sissi3sd.fr\/wp-content\/uploads\/2020\/06\/D\u00e9sinsectisation-300x225.jpg 300w, https:\/\/sissi3sd.fr\/wp-content\/uploads\/2020\/06\/D\u00e9sinsectisation-194x146.jpg 194w, https:\/\/sissi3sd.fr\/wp-content\/uploads\/2020\/06\/D\u00e9sinsectisation-50x38.jpg 50w, https:\/\/sissi3sd.fr\/wp-content\/uploads\/2020\/06\/D\u00e9sinsectisation-100x75.jpg 100w\" sizes=\"(max-width: 750px) 100vw, 750px\" \/>\t\t\t\t\t\t\t\t\t\t\t\t\t\t<\/div>\n\t\t\t\t\t\t<\/div>\n\t\t\t\t<\/div>\n\t\t\t\t<div class=\"elementor-element elementor-element-a5265b7 elementor-widget elementor-widget-text-editor\" data-id=\"a5265b7\" data-element_type=\"widget\" data-widget_type=\"text-editor.default\">\n\t\t\t\t<div class=\"elementor-widget-container\">\n\t\t\t\t\t\t\t\t<div class=\"elementor-text-editor elementor-clearfix\">\n\t\t\t\t<p>Il faut savoir que toutes les techniques de d\u00e9sinsectisation ne sont pas efficaces sur tous types d\u2019insectes.<\/p><p>Et les insectes constituent la majeur partie des parasites qui peuvent nuire \u00e0 la sant\u00e9 des humains, dans une habitation ou une entreprise. Vecteurs de nombreuses maladies infectieuses (peste, chol\u00e9ra, maladie de lyme et allergies diverses\u2026) , les insectes peuvent aussi \u00eatre \u00e0 l\u2019origine d\u2019une d\u00e9gradation des mat\u00e9riaux, \u00e9quipements et ressources alimentaires. Aucun secteur \u00e9conomique ou social n\u2019\u00e9chappe \u00e0 se fl\u00e9au, aussi bien les commerces, les industries, l\u2019h\u00f4tellerie, la restauration, les \u00e9tablissement publiques et priv\u00e9s, que les r\u00e9sidences des particuliers, maisons ou appartements.<\/p><p>En ce sens, la technique la plus ad\u00e9quate est choisie en fonction de l\u2019esp\u00e8ce d\u2019insecte concern\u00e9e, son stade de d\u00e9veloppement (larve ou adulte) et la nature de la zone \u00e0 traiter.<\/p><p>Afin de mener \u00e0 bien la lutte anti insectes, votre professionnel de la d\u00e9sinsectisation et de la d\u00e9sinfection peut avoir recours \u00e0 la fumigation et la pulv\u00e9risation de produits adapt\u00e9s.<\/p><p>Efficaces, ces solutions sont recommand\u00e9es pour lutter contre les punaises de lit, les puces, les mites, mais \u00e9galement de nombreux insectes volants. Afin d&rsquo;\u00e9viter tout contact avec des substances toxiques,les occupants du lieu trait\u00e9 devra quitter la zone temporairement.<\/p><div>Traitement pour \u00e9radiquer d\u00e9finitivement tous les insectes rampants et volants : cafard, blattes, mouches, moucherons, puces, punaises de lit car si elles avaient disparu dans les ann\u00e9es 50 en France, la recrudescence de ces insectes sur le territoire national est une r\u00e9alit\u00e9. Pour causes : les voyages internationaux et l&rsquo;apparition des r\u00e9sistances aux insecticides. Les punaises de lit sont des insectes parasites qui vivent \u00e0 l&rsquo;abri de la lumi\u00e8re, dans les espaces sombres. Les chambres \u00e0 coucher et les salons avec canap\u00e9 sont principalement touch\u00e9s. En cas d&rsquo;infestation d&rsquo;un logement, il est n\u00e9cessaire de proc\u00e9der \u00e0 des mesures strictes pour limiter leur prolif\u00e9ration jusqu&rsquo;\u00e0 l&rsquo;\u00e9limination<\/div><div>Destruction de nids de gu\u00eapes, abeilles et frelons.<\/div><p>\u00a0<\/p>\t\t\t\t\t<\/div>\n\t\t\t\t\t\t<\/div>\n\t\t\t\t<\/div>\n\t\t\t\t<div class=\"elementor-element elementor-element-03d5e00 elementor-widget elementor-widget-image\" data-id=\"03d5e00\" data-element_type=\"widget\" data-widget_type=\"image.default\">\n\t\t\t\t<div class=\"elementor-widget-container\">\n\t\t\t\t\t\t\t\t<div class=\"elementor-image\">\n\t\t\t\t\t\t\t\t\t\t\t\t<img width=\"576\" height=\"1024\" src=\"https:\/\/sissi3sd.fr\/wp-content\/uploads\/2020\/06\/PUNAISES_Lit-page-001_0-576x1024.jpg\" class=\"attachment-large size-large\" alt=\"\" loading=\"lazy\" srcset=\"https:\/\/sissi3sd.fr\/wp-content\/uploads\/2020\/06\/PUNAISES_Lit-page-001_0-576x1024.jpg 576w, https:\/\/sissi3sd.fr\/wp-content\/uploads\/2020\/06\/PUNAISES_Lit-page-001_0-169x300.jpg 169w, https:\/\/sissi3sd.fr\/wp-content\/uploads\/2020\/06\/PUNAISES_Lit-page-001_0-768x1366.jpg 768w, https:\/\/sissi3sd.fr\/wp-content\/uploads\/2020\/06\/PUNAISES_Lit-page-001_0-82x146.jpg 82w, https:\/\/sissi3sd.fr\/wp-content\/uploads\/2020\/06\/PUNAISES_Lit-page-001_0-28x50.jpg 28w, https:\/\/sissi3sd.fr\/wp-content\/uploads\/2020\/06\/PUNAISES_Lit-page-001_0-42x75.jpg 42w, https:\/\/sissi3sd.fr\/wp-content\/uploads\/2020\/06\/PUNAISES_Lit-page-001_0.jpg 810w\" sizes=\"(max-width: 576px) 100vw, 576px\" \/>\t\t\t\t\t\t\t\t\t\t\t\t\t\t<\/div>\n\t\t\t\t\t\t<\/div>\n\t\t\t\t<\/div>\n\t\t\t\t\t\t<\/div>\n\t\t\t\t\t<\/div>\n\t\t<\/div>\n\t\t\t\t\t\t\t\t<\/div>\n\t\t\t\t\t<\/div>\n\t\t<\/section>\n\t\t\t\t\t\t\t\t\t<\/div>\n\t\t\t<\/div>\n\t\t\t\t\t<\/div>\n\t\t","protected":false},"excerpt":{"rendered":"<p>La d\u00e9sinsectisation par Sissi 3SD Il faut savoir que toutes les techniques de d\u00e9sinsectisation ne sont pas efficaces sur tous types d\u2019insectes. Et les insectes constituent<span class=\"excerpt-hellip\"> [\u2026]<\/span><\/p>\n","protected":false},"author":1,"featured_media":0,"parent":0,"menu_order":0,"comment_status":"closed","ping_status":"closed","template":"","meta":[],"_links":{"self":[{"href":"https:\/\/sissi3sd.fr\/index.php?rest_route=\/wp\/v2\/pages\/379"}],"collection":[{"href":"https:\/\/sissi3sd.fr\/index.php?rest_route=\/wp\/v2\/pages"}],"about":[{"href":"https:\/\/sissi3sd.fr\/index.php?rest_route=\/wp\/v2\/types\/page"}],"author":[{"embeddable":true,"href":"https:\/\/sissi3sd.fr\/index.php?rest_route=\/wp\/v2\/users\/1"}],"replies":[{"embeddable":true,"href":"https:\/\/sissi3sd.fr\/index.php?rest_route=%2Fwp%2Fv2%2Fcomments&post=379"}],"version-history":[{"count":10,"href":"https:\/\/sissi3sd.fr\/index.php?rest_route=\/wp\/v2\/pages\/379\/revisions"}],"predecessor-version":[{"id":678,"href":"https:\/\/sissi3sd.fr\/index.php?rest_route=\/wp\/v2\/pages\/379\/revisions\/678"}],"wp:attachment":[{"href":"https:\/\/sissi3sd.fr\/index.php?rest_route=%2Fwp%2Fv2%2Fmedia&parent=379"}],"curies":[{"name":"wp","href":"https:\/\/api.w.org\/{rel}","templated":true}]}}