{"id":384,"date":"2020-06-11T15:40:43","date_gmt":"2020-06-11T15:40:43","guid":{"rendered":"http:\/\/sissi3sd.fr\/?page_id=384"},"modified":"2020-06-17T20:04:42","modified_gmt":"2020-06-17T20:04:42","slug":"deratisation","status":"publish","type":"page","link":"https:\/\/sissi3sd.fr\/?page_id=384","title":{"rendered":"D\u00e9ratisation"},"content":{"rendered":"\t\t<div data-elementor-type=\"wp-page\" data-elementor-id=\"384\" class=\"elementor elementor-384\">\n\t\t\t\t\t\t<div class=\"elementor-inner\">\n\t\t\t\t<div class=\"elementor-section-wrap\">\n\t\t\t\t\t\t\t\t\t<section class=\"elementor-section elementor-top-section elementor-element elementor-element-c8cd5cb elementor-section-boxed elementor-section-height-default elementor-section-height-default\" data-id=\"c8cd5cb\" data-element_type=\"section\">\n\t\t\t\t\t\t<div class=\"elementor-container elementor-column-gap-default\">\n\t\t\t\t\t\t\t<div class=\"elementor-row\">\n\t\t\t\t\t<div class=\"elementor-column elementor-col-100 elementor-top-column elementor-element elementor-element-374f1fa\" data-id=\"374f1fa\" data-element_type=\"column\">\n\t\t\t<div class=\"elementor-column-wrap elementor-element-populated\">\n\t\t\t\t\t\t\t<div class=\"elementor-widget-wrap\">\n\t\t\t\t\t\t<div class=\"elementor-element elementor-element-721f9f1 elementor-widget elementor-widget-heading\" data-id=\"721f9f1\" data-element_type=\"widget\" data-widget_type=\"heading.default\">\n\t\t\t\t<div class=\"elementor-widget-container\">\n\t\t\t<h2 class=\"elementor-heading-title elementor-size-default\">Sissi 3SD d\u00e9ratise vos \u00e9tablissements<\/h2>\t\t<\/div>\n\t\t\t\t<\/div>\n\t\t\t\t<div class=\"elementor-element elementor-element-aca47a1 elementor-widget elementor-widget-image\" data-id=\"aca47a1\" data-element_type=\"widget\" data-widget_type=\"image.default\">\n\t\t\t\t<div class=\"elementor-widget-container\">\n\t\t\t\t\t\t\t\t<div class=\"elementor-image\">\n\t\t\t\t\t\t\t\t\t\t\t\t<img width=\"750\" height=\"313\" src=\"https:\/\/sissi3sd.fr\/wp-content\/uploads\/2020\/06\/Deratisation.jpg\" class=\"attachment-large size-large\" alt=\"\" loading=\"lazy\" srcset=\"https:\/\/sissi3sd.fr\/wp-content\/uploads\/2020\/06\/Deratisation.jpg 750w, https:\/\/sissi3sd.fr\/wp-content\/uploads\/2020\/06\/Deratisation-300x125.jpg 300w, https:\/\/sissi3sd.fr\/wp-content\/uploads\/2020\/06\/Deratisation-260x109.jpg 260w, https:\/\/sissi3sd.fr\/wp-content\/uploads\/2020\/06\/Deratisation-50x21.jpg 50w, https:\/\/sissi3sd.fr\/wp-content\/uploads\/2020\/06\/Deratisation-150x63.jpg 150w, https:\/\/sissi3sd.fr\/wp-content\/uploads\/2020\/06\/Deratisation-600x250.jpg 600w\" sizes=\"(max-width: 750px) 100vw, 750px\" \/>\t\t\t\t\t\t\t\t\t\t\t\t\t\t<\/div>\n\t\t\t\t\t\t<\/div>\n\t\t\t\t<\/div>\n\t\t\t\t<div class=\"elementor-element elementor-element-9df94fb elementor-widget elementor-widget-text-editor\" data-id=\"9df94fb\" data-element_type=\"widget\" data-widget_type=\"text-editor.default\">\n\t\t\t\t<div class=\"elementor-widget-container\">\n\t\t\t\t\t\t\t\t<div class=\"elementor-text-editor elementor-clearfix\">\n\t\t\t\t<p>Les rongeurs peuvent repr\u00e9senter un v\u00e9ritable probl\u00e8me pour votre sant\u00e9 ou pour votre business. D\u00e8s qu\u2019ils parviennent \u00e0 s\u2019introduire chez vous, ils ne tardent pas \u00e0 s\u2019approprier les lieux, et commencent \u00e0 se reproduire tr\u00e8s rapidement. Les rats et les souris sont les esp\u00e8ces les plus r\u00e9pandues. Ils peuvent transmettre un grand nombre de maladies tr\u00e8s graves telles que la Leptospirose, le Typhus, la Peste, la Rage, la Tuberculose\u2026 et une multitude d\u2019autres virus tr\u00e8s dangereux pour votre sant\u00e9 et celle de vos proches ou collaborateurs.<\/p><p>Ils peuvent causer de lourds d\u00e9g\u00e2ts mat\u00e9riels.<\/p><p>Munis d\u2019incisives \u00e0 la croissance continue, les rats et souris rongent constamment afin d\u2019aiguiser leurs dents. En ce sens, ils causent des d\u00e9pr\u00e9dations mat\u00e9rielles consid\u00e9rables dans votre maison ou les locaux de votre entreprise. Par exemple, rats, souris, mulots et campagnols rongent souvent les fils \u00e9lectriques, provoquant des court-circuits et cr\u00e9er des incendies.<\/p><p>La source d\u2019infestation et d\u2019autant plus importante \u00e0 rep\u00e9rer que les rongeurs ne nichent pas obligatoirement sur les lieux o\u00f9 sont constat\u00e9s les d\u00e9g\u00e2ts.<\/p><p>Lorsque SISSI 3SD a recueilli toute les informations, il applique alors la m\u00e9thode la mieux adapt\u00e9e en fonction du degr\u00e9 d\u2019infestation, de l\u2019environnement et des autres esp\u00e8ces pr\u00e9sentant sur site afin d\u2019\u00e9radiquer les rongeurs qui nuisent \u00e0 l\u2019habitat et aux r\u00e9sidants.<\/p><p>Parmi les m\u00e9thodes les plus utilis\u00e9es, SISSI 3SD\u00a0peut opter la pose de station s\u00e9curis\u00e9e avec produits rodenticides, ou encore le pi\u00e9geage et la capture sans l\u2019utilisation de produits chimiques.<\/p><p>L\u2019usage de produits sp\u00e9cifiques \u00e0 chaque esp\u00e8ce de rongeur. L\u2019app\u00e2tage avec des substances chimiques irr\u00e9sistibles pour tous types de rongeurs. L\u2019usage de rodenticides contenant des anticoagulants extr\u00eamement puissants qui ne laissent aucune chance de survie \u00e0 leurs victimes.<\/p><p>Le stockage des denr\u00e9es alimentaires doit \u00eatre fait correctement, ne pas d\u00e9poser la nourriture \u00e0 m\u00eame le sol, ou adoss\u00e9e aux murs. Sur\u00e9levez vos sacs de provisions, nettoyez bien votre cuisine et ne laissez pas s\u2019accumuler vos ordures. Tout en v\u00e9rifiant qu\u2019il n\u2019y a aucune trace d\u2019humidit\u00e9 dans vos locaux.\u00a0<span style=\"letter-spacing: 0px;\">Il faut an\u00e9antir tous leurs abris potentiels \u00e0 proximit\u00e9, raser court l\u2019herbe tout autour des lieux, ensuite rogner les plantes par le bas pour les garder distantes du sol.\u00a0<\/span><span style=\"letter-spacing: 0px;\">Verrouiller toutes les portes et fen\u00eatres, boucher les cavit\u00e9s dans les murs et cloisons, et grillager les \u00e9gouts et autres sorties de canalisations.<\/span><\/p><p><span style=\"letter-spacing: 0px;\">C\u2019est le soir que les rats, souris et mulots sont les plus actifs, lorsque tout le personnel de votre entreprise quitte les locaux, ou bien lorsque tout le monde est couch\u00e9 dans votre maison, car ils n\u2019aiment pas la pr\u00e9sence de l\u2019homme.<\/span><\/p>\t\t\t\t\t<\/div>\n\t\t\t\t\t\t<\/div>\n\t\t\t\t<\/div>\n\t\t\t\t<div class=\"elementor-element elementor-element-4443ec6 elementor-button-info elementor-align-center elementor-widget elementor-widget-button\" data-id=\"4443ec6\" data-element_type=\"widget\" data-widget_type=\"button.default\">\n\t\t\t\t<div class=\"elementor-widget-container\">\n\t\t\t\t\t<div class=\"elementor-button-wrapper\">\n\t\t\t<a href=\"http:\/\/sissi3sd.fr\/?page_id=444\" class=\"elementor-button-link elementor-button elementor-size-sm\" role=\"button\">\n\t\t\t\t\t\t<span class=\"elementor-button-content-wrapper\">\n\t\t\t\t\t\t<span class=\"elementor-button-text\">Contactez nous<\/span>\n\t\t<\/span>\n\t\t\t\t\t<\/a>\n\t\t<\/div>\n\t\t\t\t<\/div>\n\t\t\t\t<\/div>\n\t\t\t\t\t\t<\/div>\n\t\t\t\t\t<\/div>\n\t\t<\/div>\n\t\t\t\t\t\t\t\t<\/div>\n\t\t\t\t\t<\/div>\n\t\t<\/section>\n\t\t\t\t\t\t\t\t\t<\/div>\n\t\t\t<\/div>\n\t\t\t\t\t<\/div>\n\t\t","protected":false},"excerpt":{"rendered":"<p>Sissi 3SD d\u00e9ratise vos \u00e9tablissements Les rongeurs peuvent repr\u00e9senter un v\u00e9ritable probl\u00e8me pour votre sant\u00e9 ou pour votre business. D\u00e8s qu\u2019ils parviennent \u00e0 s\u2019introduire chez vous,<span class=\"excerpt-hellip\"> [\u2026]<\/span><\/p>\n","protected":false},"author":1,"featured_media":0,"parent":0,"menu_order":0,"comment_status":"closed","ping_status":"closed","template":"","meta":[],"_links":{"self":[{"href":"https:\/\/sissi3sd.fr\/index.php?rest_route=\/wp\/v2\/pages\/384"}],"collection":[{"href":"https:\/\/sissi3sd.fr\/index.php?rest_route=\/wp\/v2\/pages"}],"about":[{"href":"https:\/\/sissi3sd.fr\/index.php?rest_route=\/wp\/v2\/types\/page"}],"author":[{"embeddable":true,"href":"https:\/\/sissi3sd.fr\/index.php?rest_route=\/wp\/v2\/users\/1"}],"replies":[{"embeddable":true,"href":"https:\/\/sissi3sd.fr\/index.php?rest_route=%2Fwp%2Fv2%2Fcomments&post=384"}],"version-history":[{"count":8,"href":"https:\/\/sissi3sd.fr\/index.php?rest_route=\/wp\/v2\/pages\/384\/revisions"}],"predecessor-version":[{"id":559,"href":"https:\/\/sissi3sd.fr\/index.php?rest_route=\/wp\/v2\/pages\/384\/revisions\/559"}],"wp:attachment":[{"href":"https:\/\/sissi3sd.fr\/index.php?rest_route=%2Fwp%2Fv2%2Fmedia&parent=384"}],"curies":[{"name":"wp","href":"https:\/\/api.w.org\/{rel}","templated":true}]}}