{"id":506,"date":"2020-06-17T18:14:21","date_gmt":"2020-06-17T18:14:21","guid":{"rendered":"http:\/\/sissi3sd.fr\/?page_id=506"},"modified":"2020-07-01T08:31:51","modified_gmt":"2020-07-01T08:31:51","slug":"contrat-dentretien-deratisation","status":"publish","type":"page","link":"https:\/\/sissi3sd.fr\/?page_id=506","title":{"rendered":"Contrat d&rsquo;entretien d\u00e9ratisation"},"content":{"rendered":"\t\t<div data-elementor-type=\"wp-page\" data-elementor-id=\"506\" class=\"elementor elementor-506\">\n\t\t\t\t\t\t<div class=\"elementor-inner\">\n\t\t\t\t<div class=\"elementor-section-wrap\">\n\t\t\t\t\t\t\t\t\t<section class=\"elementor-section elementor-top-section elementor-element elementor-element-ada11f0 elementor-section-boxed elementor-section-height-default elementor-section-height-default\" data-id=\"ada11f0\" data-element_type=\"section\">\n\t\t\t\t\t\t<div class=\"elementor-container elementor-column-gap-default\">\n\t\t\t\t\t\t\t<div class=\"elementor-row\">\n\t\t\t\t\t<div class=\"elementor-column elementor-col-100 elementor-top-column elementor-element elementor-element-4e3596b\" data-id=\"4e3596b\" data-element_type=\"column\">\n\t\t\t<div class=\"elementor-column-wrap elementor-element-populated\">\n\t\t\t\t\t\t\t<div class=\"elementor-widget-wrap\">\n\t\t\t\t\t\t<div class=\"elementor-element elementor-element-20d2b38 elementor-widget elementor-widget-text-editor\" data-id=\"20d2b38\" data-element_type=\"widget\" data-widget_type=\"text-editor.default\">\n\t\t\t\t<div class=\"elementor-widget-container\">\n\t\t\t\t\t\t\t\t<div class=\"elementor-text-editor elementor-clearfix\">\n\t\t\t\t<p>Nous mettons en place un contrat annuel d\u2019hygi\u00e8ne de d\u00e9ratisation et d\u00e9sinsectisation destin\u00e9 aux professionnels du secteur alimentaire (boucheries, boulangeries, restaurants, supermarch\u00e9s\u2026) ainsi qu\u2019aux h\u00f4tels, EHPAD, entrep\u00f4t de stockage, bureaux, campings, cr\u00e8ches, locaux commerciaux etc\u2026pr\u00e9sentant des risques de nuisibles.<\/p><p>La pr\u00e9sence de rongeurs et d\u2019insectes ne peut \u00eatre accept\u00e9e pour des raisons de s\u00e9curit\u00e9, de nuisances et de risques \u00e9pid\u00e9miologiques.<\/p><p>L\u2019efficacit\u00e9 d\u2019une d\u00e9ratisation ou d\u2019une d\u00e9sinsectisation repose sur\u00a0<strong>4 crit\u00e8res :<\/strong><\/p><ol><li><strong>L\u2019analyse de l\u2019infection<\/strong><\/li><li><strong>L\u2019\u00e9tude des sites infect\u00e9s<\/strong><\/li><li><strong>Le choix du rodenticide ou insecticide<\/strong><\/li><li><strong>La mise en \u0153uvre d\u2019une m\u00e9trologie appropri\u00e9e<\/strong><\/li><\/ol>\t\t\t\t\t<\/div>\n\t\t\t\t\t\t<\/div>\n\t\t\t\t<\/div>\n\t\t\t\t\t\t<\/div>\n\t\t\t\t\t<\/div>\n\t\t<\/div>\n\t\t\t\t\t\t\t\t<\/div>\n\t\t\t\t\t<\/div>\n\t\t<\/section>\n\t\t\t\t\t\t\t\t\t<\/div>\n\t\t\t<\/div>\n\t\t\t\t\t<\/div>\n\t\t","protected":false},"excerpt":{"rendered":"<p>Nous mettons en place un contrat annuel d\u2019hygi\u00e8ne de d\u00e9ratisation et d\u00e9sinsectisation destin\u00e9 aux professionnels du secteur alimentaire (boucheries, boulangeries, restaurants, supermarch\u00e9s\u2026) ainsi qu\u2019aux h\u00f4tels, EHPAD,<span class=\"excerpt-hellip\"> [\u2026]<\/span><\/p>\n","protected":false},"author":1,"featured_media":0,"parent":0,"menu_order":0,"comment_status":"closed","ping_status":"closed","template":"","meta":[],"_links":{"self":[{"href":"https:\/\/sissi3sd.fr\/index.php?rest_route=\/wp\/v2\/pages\/506"}],"collection":[{"href":"https:\/\/sissi3sd.fr\/index.php?rest_route=\/wp\/v2\/pages"}],"about":[{"href":"https:\/\/sissi3sd.fr\/index.php?rest_route=\/wp\/v2\/types\/page"}],"author":[{"embeddable":true,"href":"https:\/\/sissi3sd.fr\/index.php?rest_route=\/wp\/v2\/users\/1"}],"replies":[{"embeddable":true,"href":"https:\/\/sissi3sd.fr\/index.php?rest_route=%2Fwp%2Fv2%2Fcomments&post=506"}],"version-history":[{"count":3,"href":"https:\/\/sissi3sd.fr\/index.php?rest_route=\/wp\/v2\/pages\/506\/revisions"}],"predecessor-version":[{"id":1064,"href":"https:\/\/sissi3sd.fr\/index.php?rest_route=\/wp\/v2\/pages\/506\/revisions\/1064"}],"wp:attachment":[{"href":"https:\/\/sissi3sd.fr\/index.php?rest_route=%2Fwp%2Fv2%2Fmedia&parent=506"}],"curies":[{"name":"wp","href":"https:\/\/api.w.org\/{rel}","templated":true}]}}