{"id":571,"date":"2020-06-17T20:25:09","date_gmt":"2020-06-17T20:25:09","guid":{"rendered":"http:\/\/sissi3sd.fr\/?page_id=571"},"modified":"2020-06-17T20:30:12","modified_gmt":"2020-06-17T20:30:12","slug":"boite-de-100-lingettes","status":"publish","type":"page","link":"https:\/\/sissi3sd.fr\/?page_id=571","title":{"rendered":"Bo\u00eete de 100 lingettes"},"content":{"rendered":"\t\t<div data-elementor-type=\"wp-page\" data-elementor-id=\"571\" class=\"elementor elementor-571\">\n\t\t\t\t\t\t<div class=\"elementor-inner\">\n\t\t\t\t<div class=\"elementor-section-wrap\">\n\t\t\t\t\t\t\t\t\t<section class=\"elementor-section elementor-top-section elementor-element elementor-element-57afa6a elementor-section-boxed elementor-section-height-default elementor-section-height-default\" data-id=\"57afa6a\" data-element_type=\"section\">\n\t\t\t\t\t\t<div class=\"elementor-container elementor-column-gap-default\">\n\t\t\t\t\t\t\t<div class=\"elementor-row\">\n\t\t\t\t\t<div class=\"elementor-column elementor-col-100 elementor-top-column elementor-element elementor-element-6fd2d3e\" data-id=\"6fd2d3e\" data-element_type=\"column\">\n\t\t\t<div class=\"elementor-column-wrap elementor-element-populated\">\n\t\t\t\t\t\t\t<div class=\"elementor-widget-wrap\">\n\t\t\t\t\t\t<div class=\"elementor-element elementor-element-9f47cd4 elementor-widget elementor-widget-mfn_promo_box\" data-id=\"9f47cd4\" data-element_type=\"widget\" data-widget_type=\"mfn_promo_box.default\">\n\t\t\t\t<div class=\"elementor-widget-container\">\n\t\t\t<div class=\"promo_box no_border\"><div class=\"promo_box_wrapper promo_box_left\"><div class=\"photo_wrapper\"><img loading=\"lazy\" class=\"scale-with-grid\" src=\"http:\/\/sissi3sd.fr\/wp-content\/uploads\/2020\/06\/Boite-de-100-lingettes-780-x-622-px.jpg\" alt=\"Boite de 100 lingettes 780 x 622 px\" width=\"622\" height=\"780\"\/><\/div><div class=\"desc_wrapper\"><h2>Bo\u00eete de 100 lingettes<\/h2><div class=\"desc\"><p>Les lingettes antiseptiques ACTOSEPT nettoient et \u00e9liment 99,9% des bact\u00e9ries, virus et champignons.<\/p><p>Impr\u00e9gn\u00e9es de gel hydroalcoolique, ces lingettes sont r\u00e9put\u00e9es pour leur efficacit\u00e9 dans le milieu m\u00e9dical.<\/p><p>Votre salle de sport ou votre centre de bien-\u00eatre seront parfaitement d\u00e9sinfect\u00e9s pour pouvoir accueillir vos clients en toute s\u00e9curit\u00e9.<\/p><p>Chaque bo\u00eet contient 100 lingettes qui assureront une hygi\u00e8ne irr\u00e9prochable dans votre \u00e9tablissement.<\/p><p>Normes : EN 14476 (antivirus), EN 14348 (tuberculeux), EN 16615 (fongicide).<\/p><\/div><a href=\"http:\/\/sissi3sd.fr\/?page_id=444\" class=\"button button_theme has-icon\" ><span class=\"button_icon\"><i class=\"icon-layout\" aria-hidden=\"true\"><\/i><\/span><span class=\"button_label\">Commander <\/span><\/a><\/div><\/div><\/div>\n\t\t<\/div>\n\t\t\t\t<\/div>\n\t\t\t\t\t\t<\/div>\n\t\t\t\t\t<\/div>\n\t\t<\/div>\n\t\t\t\t\t\t\t\t<\/div>\n\t\t\t\t\t<\/div>\n\t\t<\/section>\n\t\t\t\t\t\t\t\t\t<\/div>\n\t\t\t<\/div>\n\t\t\t\t\t<\/div>\n\t\t","protected":false},"excerpt":{"rendered":"<p>Bo\u00eete de 100 lingettes Les lingettes antiseptiques ACTOSEPT nettoient et \u00e9liment 99,9% des bact\u00e9ries, virus et champignons. Impr\u00e9gn\u00e9es de gel hydroalcoolique, ces lingettes sont r\u00e9put\u00e9es pour<span class=\"excerpt-hellip\"> [\u2026]<\/span><\/p>\n","protected":false},"author":1,"featured_media":0,"parent":0,"menu_order":0,"comment_status":"closed","ping_status":"closed","template":"","meta":[],"_links":{"self":[{"href":"https:\/\/sissi3sd.fr\/index.php?rest_route=\/wp\/v2\/pages\/571"}],"collection":[{"href":"https:\/\/sissi3sd.fr\/index.php?rest_route=\/wp\/v2\/pages"}],"about":[{"href":"https:\/\/sissi3sd.fr\/index.php?rest_route=\/wp\/v2\/types\/page"}],"author":[{"embeddable":true,"href":"https:\/\/sissi3sd.fr\/index.php?rest_route=\/wp\/v2\/users\/1"}],"replies":[{"embeddable":true,"href":"https:\/\/sissi3sd.fr\/index.php?rest_route=%2Fwp%2Fv2%2Fcomments&post=571"}],"version-history":[{"count":3,"href":"https:\/\/sissi3sd.fr\/index.php?rest_route=\/wp\/v2\/pages\/571\/revisions"}],"predecessor-version":[{"id":575,"href":"https:\/\/sissi3sd.fr\/index.php?rest_route=\/wp\/v2\/pages\/571\/revisions\/575"}],"wp:attachment":[{"href":"https:\/\/sissi3sd.fr\/index.php?rest_route=%2Fwp%2Fv2%2Fmedia&parent=571"}],"curies":[{"name":"wp","href":"https:\/\/api.w.org\/{rel}","templated":true}]}}