{"id":576,"date":"2020-06-17T20:32:21","date_gmt":"2020-06-17T20:32:21","guid":{"rendered":"http:\/\/sissi3sd.fr\/?page_id=576"},"modified":"2020-06-17T20:35:12","modified_gmt":"2020-06-17T20:35:12","slug":"lingettes-antiseptiques-biolustre","status":"publish","type":"page","link":"https:\/\/sissi3sd.fr\/?page_id=576","title":{"rendered":"Lingettes antiseptiques Biolustr\u00e9"},"content":{"rendered":"\t\t<div data-elementor-type=\"wp-page\" data-elementor-id=\"576\" class=\"elementor elementor-576\">\n\t\t\t\t\t\t<div class=\"elementor-inner\">\n\t\t\t\t<div class=\"elementor-section-wrap\">\n\t\t\t\t\t\t\t\t\t<section class=\"elementor-section elementor-top-section elementor-element elementor-element-62cd5c0 elementor-section-boxed elementor-section-height-default elementor-section-height-default\" data-id=\"62cd5c0\" data-element_type=\"section\">\n\t\t\t\t\t\t<div class=\"elementor-container elementor-column-gap-default\">\n\t\t\t\t\t\t\t<div class=\"elementor-row\">\n\t\t\t\t\t<div class=\"elementor-column elementor-col-100 elementor-top-column elementor-element elementor-element-c7c6419\" data-id=\"c7c6419\" data-element_type=\"column\">\n\t\t\t<div class=\"elementor-column-wrap elementor-element-populated\">\n\t\t\t\t\t\t\t<div class=\"elementor-widget-wrap\">\n\t\t\t\t\t\t<div class=\"elementor-element elementor-element-37c5d92 elementor-widget elementor-widget-mfn_promo_box\" data-id=\"37c5d92\" data-element_type=\"widget\" data-widget_type=\"mfn_promo_box.default\">\n\t\t\t\t<div class=\"elementor-widget-container\">\n\t\t\t<div class=\"promo_box no_border\"><div class=\"promo_box_wrapper promo_box_left\"><div class=\"photo_wrapper\"><img loading=\"lazy\" class=\"scale-with-grid\" src=\"http:\/\/sissi3sd.fr\/wp-content\/uploads\/2020\/06\/Lingettes-bio-lustr\u00e9es-780x622px.jpg\" alt=\"Lingettes bio lustr\u00e9es 780x622px\" width=\"622\" height=\"780\"\/><\/div><div class=\"desc_wrapper\"><h2>Lingettes antiseptiques Biolustr\u00e9<\/h2><div class=\"desc\"><p>Les lingettes antiseptiques Biolustr\u00e9 nettoient et \u00e9liminent 99,9% des bact\u00e9ries, virus et champignons. Ces lingettes hydroalcooliques bio sont r\u00e9put\u00e9es pour leur efficacit\u00e9, notamment dans le milieu m\u00e9dical.<\/p><p>Normes\u00a0: EN13627, EN13624 et EN14476 (Virucide, bact\u00e9ricide et fongicide), efficace contre poliovirus, ad\u00e9novirus, virus de la grippe, H1N1 (grippe A), H5N1 (grippe aviaire), h\u00e9patite B et C, HIV, rotavirus (gastro ent\u00e9rite), virus herp\u00e8s simplex. CORONA VIRUS.<\/p><p>Pratique, bio et respectueuse du PH de la peau, la lingette Biolustr\u00e9 sera la partenaire id\u00e9ale pour une hygi\u00e8ne irr\u00e9prochable de votre restaurant, de la salle aux cuisines en passant par les petits \u00e9quipements, poign\u00e9es de portes, caisses, chaises, comptoirs et toute autre surface\u2026<\/p><\/div><a href=\"http:\/\/sissi3sd.fr\/?page_id=444\" class=\"button button_theme has-icon\" ><span class=\"button_icon\"><i class=\"icon-layout\" aria-hidden=\"true\"><\/i><\/span><span class=\"button_label\">Commander<\/span><\/a><\/div><\/div><\/div>\n\t\t<\/div>\n\t\t\t\t<\/div>\n\t\t\t\t\t\t<\/div>\n\t\t\t\t\t<\/div>\n\t\t<\/div>\n\t\t\t\t\t\t\t\t<\/div>\n\t\t\t\t\t<\/div>\n\t\t<\/section>\n\t\t\t\t\t\t\t\t\t<\/div>\n\t\t\t<\/div>\n\t\t\t\t\t<\/div>\n\t\t","protected":false},"excerpt":{"rendered":"<p>Lingettes antiseptiques Biolustr\u00e9 Les lingettes antiseptiques Biolustr\u00e9 nettoient et \u00e9liminent 99,9% des bact\u00e9ries, virus et champignons. Ces lingettes hydroalcooliques bio sont r\u00e9put\u00e9es pour leur efficacit\u00e9, notamment<span class=\"excerpt-hellip\"> [\u2026]<\/span><\/p>\n","protected":false},"author":1,"featured_media":0,"parent":0,"menu_order":0,"comment_status":"closed","ping_status":"closed","template":"","meta":[],"_links":{"self":[{"href":"https:\/\/sissi3sd.fr\/index.php?rest_route=\/wp\/v2\/pages\/576"}],"collection":[{"href":"https:\/\/sissi3sd.fr\/index.php?rest_route=\/wp\/v2\/pages"}],"about":[{"href":"https:\/\/sissi3sd.fr\/index.php?rest_route=\/wp\/v2\/types\/page"}],"author":[{"embeddable":true,"href":"https:\/\/sissi3sd.fr\/index.php?rest_route=\/wp\/v2\/users\/1"}],"replies":[{"embeddable":true,"href":"https:\/\/sissi3sd.fr\/index.php?rest_route=%2Fwp%2Fv2%2Fcomments&post=576"}],"version-history":[{"count":2,"href":"https:\/\/sissi3sd.fr\/index.php?rest_route=\/wp\/v2\/pages\/576\/revisions"}],"predecessor-version":[{"id":579,"href":"https:\/\/sissi3sd.fr\/index.php?rest_route=\/wp\/v2\/pages\/576\/revisions\/579"}],"wp:attachment":[{"href":"https:\/\/sissi3sd.fr\/index.php?rest_route=%2Fwp%2Fv2%2Fmedia&parent=576"}],"curies":[{"name":"wp","href":"https:\/\/api.w.org\/{rel}","templated":true}]}}