{"id":580,"date":"2020-06-17T20:36:03","date_gmt":"2020-06-17T20:36:03","guid":{"rendered":"http:\/\/sissi3sd.fr\/?page_id=580"},"modified":"2020-06-17T20:38:25","modified_gmt":"2020-06-17T20:38:25","slug":"lingettes-individuelles","status":"publish","type":"page","link":"https:\/\/sissi3sd.fr\/?page_id=580","title":{"rendered":"Lingettes individuelles"},"content":{"rendered":"\t\t<div data-elementor-type=\"wp-page\" data-elementor-id=\"580\" class=\"elementor elementor-580\">\n\t\t\t\t\t\t<div class=\"elementor-inner\">\n\t\t\t\t<div class=\"elementor-section-wrap\">\n\t\t\t\t\t\t\t\t\t<section class=\"elementor-section elementor-top-section elementor-element elementor-element-b9658b8 elementor-section-boxed elementor-section-height-default elementor-section-height-default\" data-id=\"b9658b8\" data-element_type=\"section\">\n\t\t\t\t\t\t<div class=\"elementor-container elementor-column-gap-default\">\n\t\t\t\t\t\t\t<div class=\"elementor-row\">\n\t\t\t\t\t<div class=\"elementor-column elementor-col-100 elementor-top-column elementor-element elementor-element-f15c886\" data-id=\"f15c886\" data-element_type=\"column\">\n\t\t\t<div class=\"elementor-column-wrap elementor-element-populated\">\n\t\t\t\t\t\t\t<div class=\"elementor-widget-wrap\">\n\t\t\t\t\t\t<div class=\"elementor-element elementor-element-8885398 elementor-widget elementor-widget-mfn_promo_box\" data-id=\"8885398\" data-element_type=\"widget\" data-widget_type=\"mfn_promo_box.default\">\n\t\t\t\t<div class=\"elementor-widget-container\">\n\t\t\t<div class=\"promo_box no_border\"><div class=\"promo_box_wrapper promo_box_left\"><div class=\"photo_wrapper\"><img loading=\"lazy\" class=\"scale-with-grid\" src=\"http:\/\/sissi3sd.fr\/wp-content\/uploads\/2020\/06\/Lingettes-individuelles-780x622px-1.jpg\" alt=\"Lingettes individuelles 780x622px\" width=\"622\" height=\"780\"\/><\/div><div class=\"desc_wrapper\"><h2>Lingettes individuelles<\/h2><div class=\"desc\"><p>Les lingettes mains antiseptiques STOP V nettoient et \u00e9liminent 99,9% des bact\u00e9ries, virus et champignons. Impr\u00e9gn\u00e9es de gel hydroalcoolique et enrichies en agents hydratants, elles laissent les mains propres, saines, douces et sans odeur. Ces lingettes raviront vos clients soucieux d\u2019adopter les gestes barri\u00e8res lors de leurs visites au sein de votre \u00e9tablissement.<\/p><p>Elles nettoient facilement vos menus, packagings et autres accessoires apr\u00e8s contact. Elles s\u2019utilisent partout, en salle, en cuisine, et sont destin\u00e9es \u00e0 votre personnel comme \u00e0 vos clients\u2026 Gr\u00e2ce \u00e0 leur format compact, elles sont pratiques \u00e0 emporter.<\/p><p>Pr\u00e9sent\u00e9es sous forme de pochettes individuelles herm\u00e9tiques, elles se glissent facilement dans un tablier, une poche, un sac, et assurent une hygi\u00e8ne parfaite \u00e0 tout moment de la journ\u00e9e. Elles sont adapt\u00e9es aux peaux sensibles car hydratantes. Nous personnalisons les pochettes avec votre marque afin de mieux communiquer aupr\u00e8s de votre client\u00e8le, toujours plus exigeante en mati\u00e8re sanitaire.<\/p><\/div><a href=\"http:\/\/sissi3sd.fr\/?page_id=444\" class=\"button button_theme has-icon\" ><span class=\"button_icon\"><i class=\"icon-layout\" aria-hidden=\"true\"><\/i><\/span><span class=\"button_label\">Commander<\/span><\/a><\/div><\/div><\/div>\n\t\t<\/div>\n\t\t\t\t<\/div>\n\t\t\t\t\t\t<\/div>\n\t\t\t\t\t<\/div>\n\t\t<\/div>\n\t\t\t\t\t\t\t\t<\/div>\n\t\t\t\t\t<\/div>\n\t\t<\/section>\n\t\t\t\t\t\t\t\t\t<\/div>\n\t\t\t<\/div>\n\t\t\t\t\t<\/div>\n\t\t","protected":false},"excerpt":{"rendered":"<p>Lingettes individuelles Les lingettes mains antiseptiques STOP V nettoient et \u00e9liminent 99,9% des bact\u00e9ries, virus et champignons. Impr\u00e9gn\u00e9es de gel hydroalcoolique et enrichies en agents hydratants,<span class=\"excerpt-hellip\"> [\u2026]<\/span><\/p>\n","protected":false},"author":1,"featured_media":0,"parent":0,"menu_order":0,"comment_status":"closed","ping_status":"closed","template":"","meta":[],"_links":{"self":[{"href":"https:\/\/sissi3sd.fr\/index.php?rest_route=\/wp\/v2\/pages\/580"}],"collection":[{"href":"https:\/\/sissi3sd.fr\/index.php?rest_route=\/wp\/v2\/pages"}],"about":[{"href":"https:\/\/sissi3sd.fr\/index.php?rest_route=\/wp\/v2\/types\/page"}],"author":[{"embeddable":true,"href":"https:\/\/sissi3sd.fr\/index.php?rest_route=\/wp\/v2\/users\/1"}],"replies":[{"embeddable":true,"href":"https:\/\/sissi3sd.fr\/index.php?rest_route=%2Fwp%2Fv2%2Fcomments&post=580"}],"version-history":[{"count":2,"href":"https:\/\/sissi3sd.fr\/index.php?rest_route=\/wp\/v2\/pages\/580\/revisions"}],"predecessor-version":[{"id":583,"href":"https:\/\/sissi3sd.fr\/index.php?rest_route=\/wp\/v2\/pages\/580\/revisions\/583"}],"wp:attachment":[{"href":"https:\/\/sissi3sd.fr\/index.php?rest_route=%2Fwp%2Fv2%2Fmedia&parent=580"}],"curies":[{"name":"wp","href":"https:\/\/api.w.org\/{rel}","templated":true}]}}