{"id":589,"date":"2020-06-17T20:45:42","date_gmt":"2020-06-17T20:45:42","guid":{"rendered":"http:\/\/sissi3sd.fr\/?page_id=589"},"modified":"2020-06-17T20:47:40","modified_gmt":"2020-06-17T20:47:40","slug":"spray-air-desinfectant","status":"publish","type":"page","link":"https:\/\/sissi3sd.fr\/?page_id=589","title":{"rendered":"Spray Air d\u00e9sinfectant"},"content":{"rendered":"\t\t<div data-elementor-type=\"wp-page\" data-elementor-id=\"589\" class=\"elementor elementor-589\">\n\t\t\t\t\t\t<div class=\"elementor-inner\">\n\t\t\t\t<div class=\"elementor-section-wrap\">\n\t\t\t\t\t\t\t\t\t<section class=\"elementor-section elementor-top-section elementor-element elementor-element-66203d7 elementor-section-boxed elementor-section-height-default elementor-section-height-default\" data-id=\"66203d7\" data-element_type=\"section\">\n\t\t\t\t\t\t<div class=\"elementor-container elementor-column-gap-default\">\n\t\t\t\t\t\t\t<div class=\"elementor-row\">\n\t\t\t\t\t<div class=\"elementor-column elementor-col-100 elementor-top-column elementor-element elementor-element-2d27c26\" data-id=\"2d27c26\" data-element_type=\"column\">\n\t\t\t<div class=\"elementor-column-wrap elementor-element-populated\">\n\t\t\t\t\t\t\t<div class=\"elementor-widget-wrap\">\n\t\t\t\t\t\t<div class=\"elementor-element elementor-element-f921f76 elementor-widget elementor-widget-mfn_promo_box\" data-id=\"f921f76\" data-element_type=\"widget\" data-widget_type=\"mfn_promo_box.default\">\n\t\t\t\t<div class=\"elementor-widget-container\">\n\t\t\t<div class=\"promo_box no_border\"><div class=\"promo_box_wrapper promo_box_left\"><div class=\"photo_wrapper\"><img loading=\"lazy\" class=\"scale-with-grid\" src=\"http:\/\/sissi3sd.fr\/wp-content\/uploads\/2020\/06\/Spray-Air-d\u00e9sinfectant-780x622px-1.jpg\" alt=\"Spray Air d\u00e9sinfectant 780x622px\" width=\"622\" height=\"780\"\/><\/div><div class=\"desc_wrapper\"><h2>Spray Air d\u00e9sinfectant<\/h2><div class=\"desc\"><p>Spray Air d\u00e9sinfecte et d\u00e9sodorise votre espace en toute s\u00e9curit\u00e9. Indispensable pour les collectivit\u00e9s, il est le partenaire id\u00e9al des \u00e9coles, des mairies, et tout autre \u00e9tablissement public\u2026 Il tue \u00e0 99% toutes les bact\u00e9ries et les virus tout en ayant l\u2019avantage d\u2019\u00e9liminer les mauvaises odeurs.<\/p><p>Parfum\u00a0: neutre ou fruits rouges<\/p><p>Contenance\u00a0: 300 ML<\/p><p>Norme\u00a0: EN 14476<\/p><\/div><a href=\"http:\/\/sissi3sd.fr\/?page_id=444\" class=\"button button_theme has-icon\" ><span class=\"button_icon\"><i class=\"icon-layout\" aria-hidden=\"true\"><\/i><\/span><span class=\"button_label\">Commander<\/span><\/a><\/div><\/div><\/div>\n\t\t<\/div>\n\t\t\t\t<\/div>\n\t\t\t\t\t\t<\/div>\n\t\t\t\t\t<\/div>\n\t\t<\/div>\n\t\t\t\t\t\t\t\t<\/div>\n\t\t\t\t\t<\/div>\n\t\t<\/section>\n\t\t\t\t\t\t\t\t\t<\/div>\n\t\t\t<\/div>\n\t\t\t\t\t<\/div>\n\t\t","protected":false},"excerpt":{"rendered":"<p>Spray Air d\u00e9sinfectant Spray Air d\u00e9sinfecte et d\u00e9sodorise votre espace en toute s\u00e9curit\u00e9. Indispensable pour les collectivit\u00e9s, il est le partenaire id\u00e9al des \u00e9coles, des mairies,<span class=\"excerpt-hellip\"> [\u2026]<\/span><\/p>\n","protected":false},"author":1,"featured_media":0,"parent":0,"menu_order":0,"comment_status":"closed","ping_status":"closed","template":"","meta":[],"_links":{"self":[{"href":"https:\/\/sissi3sd.fr\/index.php?rest_route=\/wp\/v2\/pages\/589"}],"collection":[{"href":"https:\/\/sissi3sd.fr\/index.php?rest_route=\/wp\/v2\/pages"}],"about":[{"href":"https:\/\/sissi3sd.fr\/index.php?rest_route=\/wp\/v2\/types\/page"}],"author":[{"embeddable":true,"href":"https:\/\/sissi3sd.fr\/index.php?rest_route=\/wp\/v2\/users\/1"}],"replies":[{"embeddable":true,"href":"https:\/\/sissi3sd.fr\/index.php?rest_route=%2Fwp%2Fv2%2Fcomments&post=589"}],"version-history":[{"count":2,"href":"https:\/\/sissi3sd.fr\/index.php?rest_route=\/wp\/v2\/pages\/589\/revisions"}],"predecessor-version":[{"id":592,"href":"https:\/\/sissi3sd.fr\/index.php?rest_route=\/wp\/v2\/pages\/589\/revisions\/592"}],"wp:attachment":[{"href":"https:\/\/sissi3sd.fr\/index.php?rest_route=%2Fwp%2Fv2%2Fmedia&parent=589"}],"curies":[{"name":"wp","href":"https:\/\/api.w.org\/{rel}","templated":true}]}}