{"id":593,"date":"2020-06-17T20:52:33","date_gmt":"2020-06-17T20:52:33","guid":{"rendered":"http:\/\/sissi3sd.fr\/?page_id=593"},"modified":"2020-06-17T20:54:15","modified_gmt":"2020-06-17T20:54:15","slug":"spray-bio-multi-surface-500-ml","status":"publish","type":"page","link":"https:\/\/sissi3sd.fr\/?page_id=593","title":{"rendered":"Spray Bio Multi-surface 500 ml"},"content":{"rendered":"\t\t<div data-elementor-type=\"wp-page\" data-elementor-id=\"593\" class=\"elementor elementor-593\">\n\t\t\t\t\t\t<div class=\"elementor-inner\">\n\t\t\t\t<div class=\"elementor-section-wrap\">\n\t\t\t\t\t\t\t\t\t<section class=\"elementor-section elementor-top-section elementor-element elementor-element-c7834c6 elementor-section-boxed elementor-section-height-default elementor-section-height-default\" data-id=\"c7834c6\" data-element_type=\"section\">\n\t\t\t\t\t\t<div class=\"elementor-container elementor-column-gap-default\">\n\t\t\t\t\t\t\t<div class=\"elementor-row\">\n\t\t\t\t\t<div class=\"elementor-column elementor-col-100 elementor-top-column elementor-element elementor-element-08594c4\" data-id=\"08594c4\" data-element_type=\"column\">\n\t\t\t<div class=\"elementor-column-wrap elementor-element-populated\">\n\t\t\t\t\t\t\t<div class=\"elementor-widget-wrap\">\n\t\t\t\t\t\t<div class=\"elementor-element elementor-element-0592d99 elementor-widget elementor-widget-mfn_promo_box\" data-id=\"0592d99\" data-element_type=\"widget\" data-widget_type=\"mfn_promo_box.default\">\n\t\t\t\t<div class=\"elementor-widget-container\">\n\t\t\t<div class=\"promo_box no_border\"><div class=\"promo_box_wrapper promo_box_left\"><div class=\"photo_wrapper\"><img loading=\"lazy\" class=\"scale-with-grid\" src=\"http:\/\/sissi3sd.fr\/wp-content\/uploads\/2020\/06\/Spray-Bio-multisurface-500ml-780x622px-1.jpg\" alt=\"Spray Bio multisurface 500ml 780x622px\" width=\"622\" height=\"780\"\/><\/div><div class=\"desc_wrapper\"><h2>Spray Bio Multi-surface 500 ml<\/h2><div class=\"desc\"><p>Spray bio d\u00e9sinfectant pour toutes les surfaces, il n\u2019ab\u00eeme pas les mains, ce qui le rend unique sur le march\u00e9 des produits d\u00e9sinfectants.<\/p><p>Efficacit\u00e9 selon les normes EN13627, EN 13624 et EN14476 (virucide, bact\u00e9ricide et fongicide), efficace contre poliovirus, ad\u00e9novirus, virus de la grippe, H1N1 (grippe A), H5N1 (grippe aviaire) h\u00e9patite B et C, HIV, rotavirus (gastro ent\u00e9rite), virus herp\u00e8s simplex. CORONAVIRUS.<\/p><p>Pratique, bio et respectueux du PH de la peau, le spray multi-surfaces d\u00e9sinfectant sera le partenaire id\u00e9al des collectivit\u00e9s\u00a0: \u00e9coles, mairies et tout autre espace public. Il permet de lutter efficacement contre le coronavirus tout en d\u00e9fendant un monde \u00e9co-responsable\u00a0!<\/p><\/div><a href=\"http:\/\/sissi3sd.fr\/?page_id=444\" class=\"button button_theme has-icon\" ><span class=\"button_icon\"><i class=\"icon-layout\" aria-hidden=\"true\"><\/i><\/span><span class=\"button_label\">Commander<\/span><\/a><\/div><\/div><\/div>\n\t\t<\/div>\n\t\t\t\t<\/div>\n\t\t\t\t\t\t<\/div>\n\t\t\t\t\t<\/div>\n\t\t<\/div>\n\t\t\t\t\t\t\t\t<\/div>\n\t\t\t\t\t<\/div>\n\t\t<\/section>\n\t\t\t\t\t\t\t\t\t<\/div>\n\t\t\t<\/div>\n\t\t\t\t\t<\/div>\n\t\t","protected":false},"excerpt":{"rendered":"<p>Spray Bio Multi-surface 500 ml Spray bio d\u00e9sinfectant pour toutes les surfaces, il n\u2019ab\u00eeme pas les mains, ce qui le rend unique sur le march\u00e9 des<span class=\"excerpt-hellip\"> [\u2026]<\/span><\/p>\n","protected":false},"author":1,"featured_media":0,"parent":0,"menu_order":0,"comment_status":"closed","ping_status":"closed","template":"","meta":[],"_links":{"self":[{"href":"https:\/\/sissi3sd.fr\/index.php?rest_route=\/wp\/v2\/pages\/593"}],"collection":[{"href":"https:\/\/sissi3sd.fr\/index.php?rest_route=\/wp\/v2\/pages"}],"about":[{"href":"https:\/\/sissi3sd.fr\/index.php?rest_route=\/wp\/v2\/types\/page"}],"author":[{"embeddable":true,"href":"https:\/\/sissi3sd.fr\/index.php?rest_route=\/wp\/v2\/users\/1"}],"replies":[{"embeddable":true,"href":"https:\/\/sissi3sd.fr\/index.php?rest_route=%2Fwp%2Fv2%2Fcomments&post=593"}],"version-history":[{"count":2,"href":"https:\/\/sissi3sd.fr\/index.php?rest_route=\/wp\/v2\/pages\/593\/revisions"}],"predecessor-version":[{"id":597,"href":"https:\/\/sissi3sd.fr\/index.php?rest_route=\/wp\/v2\/pages\/593\/revisions\/597"}],"wp:attachment":[{"href":"https:\/\/sissi3sd.fr\/index.php?rest_route=%2Fwp%2Fv2%2Fmedia&parent=593"}],"curies":[{"name":"wp","href":"https:\/\/api.w.org\/{rel}","templated":true}]}}