{"id":598,"date":"2020-06-17T20:56:19","date_gmt":"2020-06-17T20:56:19","guid":{"rendered":"http:\/\/sissi3sd.fr\/?page_id=598"},"modified":"2020-06-17T20:59:19","modified_gmt":"2020-06-17T20:59:19","slug":"spray-main-desinfectant","status":"publish","type":"page","link":"https:\/\/sissi3sd.fr\/?page_id=598","title":{"rendered":"Spray main d\u00e9sinfectant"},"content":{"rendered":"\t\t<div data-elementor-type=\"wp-page\" data-elementor-id=\"598\" class=\"elementor elementor-598\">\n\t\t\t\t\t\t<div class=\"elementor-inner\">\n\t\t\t\t<div class=\"elementor-section-wrap\">\n\t\t\t\t\t\t\t\t\t<section class=\"elementor-section elementor-top-section elementor-element elementor-element-b697ec2 elementor-section-boxed elementor-section-height-default elementor-section-height-default\" data-id=\"b697ec2\" data-element_type=\"section\">\n\t\t\t\t\t\t<div class=\"elementor-container elementor-column-gap-default\">\n\t\t\t\t\t\t\t<div class=\"elementor-row\">\n\t\t\t\t\t<div class=\"elementor-column elementor-col-100 elementor-top-column elementor-element elementor-element-a31fde9\" data-id=\"a31fde9\" data-element_type=\"column\">\n\t\t\t<div class=\"elementor-column-wrap elementor-element-populated\">\n\t\t\t\t\t\t\t<div class=\"elementor-widget-wrap\">\n\t\t\t\t\t\t<div class=\"elementor-element elementor-element-153c320 elementor-widget elementor-widget-mfn_promo_box\" data-id=\"153c320\" data-element_type=\"widget\" data-widget_type=\"mfn_promo_box.default\">\n\t\t\t\t<div class=\"elementor-widget-container\">\n\t\t\t<div class=\"promo_box no_border\"><div class=\"promo_box_wrapper promo_box_left\"><div class=\"photo_wrapper\"><img loading=\"lazy\" class=\"scale-with-grid\" src=\"http:\/\/sissi3sd.fr\/wp-content\/uploads\/2020\/06\/Spray-mains-d\u00e9sinfectant-780x622px.jpg\" alt=\"Spray mains d\u00e9sinfectant 780x622px\" width=\"622\" height=\"780\"\/><\/div><div class=\"desc_wrapper\"><h2>Spray main d\u00e9sinfectant<\/h2><div class=\"desc\"><p>Ce spray nettoie et \u00e9limine 99% des bact\u00e9ries, microbes, virus et champignons, tels que E Coli, Salmonella enterica, Staphylococcus aureus et virus grippal. Il permet de se d\u00e9sinfecter les mains en toute s\u00e9curit\u00e9 sans utiliser d\u2019eau ni de savon et ne n\u00e9cessite pas de s\u00e9chage\u2026 Enrichi en vitamine E, en aloe vera, et contenant \u00e9galement du panth\u00e9nol et de la glyc\u00e9rine, il tue les virus tout en pr\u00e9servant la douceur de vos mains. Il s\u2019utilise partout\u00a0: \u00e0 la caisse, en salle, en cuisine, aux sanitaires, et il est destin\u00e9 aussi bien \u00e0 vos clients qu\u2019\u00e0 votre personnel. Ce spray pratique d\u2019utilisation ravira vos clients soucieux d\u2019adopter les gestes barri\u00e8res lors de leurs visites au sein de votre \u00e9tablissement.<\/p><p>Norme\u00a0: 14476 (antivirus)<\/p><\/div><a href=\"http:\/\/sissi3sd.fr\/?page_id=444\" class=\"button button_theme has-icon\" ><span class=\"button_icon\"><i class=\"icon-layout\" aria-hidden=\"true\"><\/i><\/span><span class=\"button_label\">Commander<\/span><\/a><\/div><\/div><\/div>\n\t\t<\/div>\n\t\t\t\t<\/div>\n\t\t\t\t\t\t<\/div>\n\t\t\t\t\t<\/div>\n\t\t<\/div>\n\t\t\t\t\t\t\t\t<\/div>\n\t\t\t\t\t<\/div>\n\t\t<\/section>\n\t\t\t\t\t\t\t\t\t<\/div>\n\t\t\t<\/div>\n\t\t\t\t\t<\/div>\n\t\t","protected":false},"excerpt":{"rendered":"<p>Spray main d\u00e9sinfectant Ce spray nettoie et \u00e9limine 99% des bact\u00e9ries, microbes, virus et champignons, tels que E Coli, Salmonella enterica, Staphylococcus aureus et virus grippal.<span class=\"excerpt-hellip\"> [\u2026]<\/span><\/p>\n","protected":false},"author":1,"featured_media":0,"parent":0,"menu_order":0,"comment_status":"closed","ping_status":"closed","template":"","meta":[],"_links":{"self":[{"href":"https:\/\/sissi3sd.fr\/index.php?rest_route=\/wp\/v2\/pages\/598"}],"collection":[{"href":"https:\/\/sissi3sd.fr\/index.php?rest_route=\/wp\/v2\/pages"}],"about":[{"href":"https:\/\/sissi3sd.fr\/index.php?rest_route=\/wp\/v2\/types\/page"}],"author":[{"embeddable":true,"href":"https:\/\/sissi3sd.fr\/index.php?rest_route=\/wp\/v2\/users\/1"}],"replies":[{"embeddable":true,"href":"https:\/\/sissi3sd.fr\/index.php?rest_route=%2Fwp%2Fv2%2Fcomments&post=598"}],"version-history":[{"count":2,"href":"https:\/\/sissi3sd.fr\/index.php?rest_route=\/wp\/v2\/pages\/598\/revisions"}],"predecessor-version":[{"id":601,"href":"https:\/\/sissi3sd.fr\/index.php?rest_route=\/wp\/v2\/pages\/598\/revisions\/601"}],"wp:attachment":[{"href":"https:\/\/sissi3sd.fr\/index.php?rest_route=%2Fwp%2Fv2%2Fmedia&parent=598"}],"curies":[{"name":"wp","href":"https:\/\/api.w.org\/{rel}","templated":true}]}}