{"id":609,"date":"2020-06-19T12:37:42","date_gmt":"2020-06-19T12:37:42","guid":{"rendered":"http:\/\/sissi3sd.fr\/?page_id=609"},"modified":"2020-07-03T13:39:08","modified_gmt":"2020-07-03T13:39:08","slug":"masque-jetable","status":"publish","type":"page","link":"https:\/\/sissi3sd.fr\/?page_id=609","title":{"rendered":"Masque jetable"},"content":{"rendered":"\t\t<div data-elementor-type=\"wp-page\" data-elementor-id=\"609\" class=\"elementor elementor-609\">\n\t\t\t\t\t\t<div class=\"elementor-inner\">\n\t\t\t\t<div class=\"elementor-section-wrap\">\n\t\t\t\t\t\t\t\t\t<section class=\"elementor-section elementor-top-section elementor-element elementor-element-1012ab1 elementor-section-boxed elementor-section-height-default elementor-section-height-default\" data-id=\"1012ab1\" data-element_type=\"section\">\n\t\t\t\t\t\t<div class=\"elementor-container elementor-column-gap-default\">\n\t\t\t\t\t\t\t<div class=\"elementor-row\">\n\t\t\t\t\t<div class=\"elementor-column elementor-col-100 elementor-top-column elementor-element elementor-element-a36f7bd\" data-id=\"a36f7bd\" data-element_type=\"column\">\n\t\t\t<div class=\"elementor-column-wrap elementor-element-populated\">\n\t\t\t\t\t\t\t<div class=\"elementor-widget-wrap\">\n\t\t\t\t\t\t<div class=\"elementor-element elementor-element-516f77c elementor-widget elementor-widget-text-editor\" data-id=\"516f77c\" data-element_type=\"widget\" data-widget_type=\"text-editor.default\">\n\t\t\t\t<div class=\"elementor-widget-container\">\n\t\t\t\t\t\t\t\t<div class=\"elementor-text-editor elementor-clearfix\">\n\t\t\t\t<h2><strong>Haute filtration bact\u00e9rienne et r\u00e9sistance aux\u00a0projections<\/strong><\/h2><p class=\"couleur_bleu\">Masques chirurgicaux \u00e0 haute filtration\u00a0\u00e0 \u00e9lastique, r\u00e9sistant aux liquides. Le plus haut niveau de filtration pour les masques chirurgicaux.\u00a0Conformes \u00e0 la norme europ\u00e9enne EN 14683:2018 et EN 14638:2016\u00a0 EFB&gt;99.4%<\/p><p>&#8211; filtration bact\u00e9rienne (EFB) de Type II sup\u00e9rieure \u00e0 99%<br \/>&#8211; Haut degr\u00e9 de respirabilit\u00e9 sup\u00e9rieure \u00e0 31.7 Pa\/cm2<br \/>&#8211; Classe R ( resistance aux micro particules liquides et aux projections)<br \/>&#8211; 3 plis pour un espace de respiration id\u00e9al.<br \/>&#8211; 3 \u00e9paisseurs pour une filtration optimale.<br \/>&#8211; Ajustable \u00e0 la forme du visage par barrette m\u00e9tallique\u00a0<br \/>&#8211; Hypoallerg\u00e9nique, sans latex<\/p><p>Filtration &gt;99.4%\u00a0 selon EN 14683:2018 Annexe B.<br \/>Respirabilit\u00e9 Delta P&gt;31.7 Pa\/cm2 selon EN14683:2018 Annexe C.<br \/>Type IIR selon EN14683:2016 + AC 2019.<br \/>Resistance \u00e0 la p\u00e9n\u00e9tration particules liquides selon ISO 22609:2004.<br \/>Filtration particules &gt;99.50% particules latex selon ASTM F2299.<br \/>Dispositif m\u00e9dical CE.<\/p>\t\t\t\t\t<\/div>\n\t\t\t\t\t\t<\/div>\n\t\t\t\t<\/div>\n\t\t\t\t\t\t<\/div>\n\t\t\t\t\t<\/div>\n\t\t<\/div>\n\t\t\t\t\t\t\t\t<\/div>\n\t\t\t\t\t<\/div>\n\t\t<\/section>\n\t\t\t\t<section class=\"elementor-section elementor-top-section elementor-element elementor-element-a28db5e elementor-section-boxed elementor-section-height-default elementor-section-height-default\" data-id=\"a28db5e\" data-element_type=\"section\">\n\t\t\t\t\t\t<div class=\"elementor-container elementor-column-gap-default\">\n\t\t\t\t\t\t\t<div class=\"elementor-row\">\n\t\t\t\t\t<div class=\"elementor-column elementor-col-25 elementor-top-column elementor-element elementor-element-81b0ab8\" data-id=\"81b0ab8\" data-element_type=\"column\">\n\t\t\t<div class=\"elementor-column-wrap elementor-element-populated\">\n\t\t\t\t\t\t\t<div class=\"elementor-widget-wrap\">\n\t\t\t\t\t\t<div class=\"elementor-element elementor-element-2c1e4ec elementor-widget elementor-widget-image\" data-id=\"2c1e4ec\" data-element_type=\"widget\" data-widget_type=\"image.default\">\n\t\t\t\t<div class=\"elementor-widget-container\">\n\t\t\t\t\t\t\t\t<div class=\"elementor-image\">\n\t\t\t\t\t\t\t\t\t\t\t\t<img width=\"626\" height=\"417\" src=\"https:\/\/sissi3sd.fr\/wp-content\/uploads\/2020\/07\/young-family-medical-masks-during-home-quarantine_109285-5698-1.jpg\" class=\"attachment-large size-large\" alt=\"\" loading=\"lazy\" srcset=\"https:\/\/sissi3sd.fr\/wp-content\/uploads\/2020\/07\/young-family-medical-masks-during-home-quarantine_109285-5698-1.jpg 626w, https:\/\/sissi3sd.fr\/wp-content\/uploads\/2020\/07\/young-family-medical-masks-during-home-quarantine_109285-5698-1-300x200.jpg 300w, https:\/\/sissi3sd.fr\/wp-content\/uploads\/2020\/07\/young-family-medical-masks-during-home-quarantine_109285-5698-1-219x146.jpg 219w, https:\/\/sissi3sd.fr\/wp-content\/uploads\/2020\/07\/young-family-medical-masks-during-home-quarantine_109285-5698-1-50x33.jpg 50w, https:\/\/sissi3sd.fr\/wp-content\/uploads\/2020\/07\/young-family-medical-masks-during-home-quarantine_109285-5698-1-113x75.jpg 113w\" sizes=\"(max-width: 626px) 100vw, 626px\" \/>\t\t\t\t\t\t\t\t\t\t\t\t\t\t<\/div>\n\t\t\t\t\t\t<\/div>\n\t\t\t\t<\/div>\n\t\t\t\t\t\t<\/div>\n\t\t\t\t\t<\/div>\n\t\t<\/div>\n\t\t\t\t<div class=\"elementor-column elementor-col-25 elementor-top-column elementor-element elementor-element-eb962b9\" data-id=\"eb962b9\" data-element_type=\"column\">\n\t\t\t<div class=\"elementor-column-wrap elementor-element-populated\">\n\t\t\t\t\t\t\t<div class=\"elementor-widget-wrap\">\n\t\t\t\t\t\t<div class=\"elementor-element elementor-element-d0b7034 elementor-widget elementor-widget-image\" data-id=\"d0b7034\" data-element_type=\"widget\" data-widget_type=\"image.default\">\n\t\t\t\t<div class=\"elementor-widget-container\">\n\t\t\t\t\t\t\t\t<div class=\"elementor-image\">\n\t\t\t\t\t\t\t\t\t\t\t\t<img width=\"626\" height=\"417\" src=\"https:\/\/sissi3sd.fr\/wp-content\/uploads\/2020\/07\/sanitary-napkin-mask-preventing-spreading-respiratory-infections-isolated-white-stop-coronavirus-covid-19-concept_47469-580.jpg\" class=\"attachment-large size-large\" alt=\"\" loading=\"lazy\" srcset=\"https:\/\/sissi3sd.fr\/wp-content\/uploads\/2020\/07\/sanitary-napkin-mask-preventing-spreading-respiratory-infections-isolated-white-stop-coronavirus-covid-19-concept_47469-580.jpg 626w, https:\/\/sissi3sd.fr\/wp-content\/uploads\/2020\/07\/sanitary-napkin-mask-preventing-spreading-respiratory-infections-isolated-white-stop-coronavirus-covid-19-concept_47469-580-300x200.jpg 300w, https:\/\/sissi3sd.fr\/wp-content\/uploads\/2020\/07\/sanitary-napkin-mask-preventing-spreading-respiratory-infections-isolated-white-stop-coronavirus-covid-19-concept_47469-580-219x146.jpg 219w, https:\/\/sissi3sd.fr\/wp-content\/uploads\/2020\/07\/sanitary-napkin-mask-preventing-spreading-respiratory-infections-isolated-white-stop-coronavirus-covid-19-concept_47469-580-50x33.jpg 50w, https:\/\/sissi3sd.fr\/wp-content\/uploads\/2020\/07\/sanitary-napkin-mask-preventing-spreading-respiratory-infections-isolated-white-stop-coronavirus-covid-19-concept_47469-580-113x75.jpg 113w\" sizes=\"(max-width: 626px) 100vw, 626px\" \/>\t\t\t\t\t\t\t\t\t\t\t\t\t\t<\/div>\n\t\t\t\t\t\t<\/div>\n\t\t\t\t<\/div>\n\t\t\t\t\t\t<\/div>\n\t\t\t\t\t<\/div>\n\t\t<\/div>\n\t\t\t\t<div class=\"elementor-column elementor-col-25 elementor-top-column elementor-element elementor-element-3b7c3ea\" data-id=\"3b7c3ea\" data-element_type=\"column\">\n\t\t\t<div class=\"elementor-column-wrap elementor-element-populated\">\n\t\t\t\t\t\t\t<div class=\"elementor-widget-wrap\">\n\t\t\t\t\t\t<div class=\"elementor-element elementor-element-38beadd elementor-widget elementor-widget-image\" data-id=\"38beadd\" data-element_type=\"widget\" data-widget_type=\"image.default\">\n\t\t\t\t<div class=\"elementor-widget-container\">\n\t\t\t\t\t\t\t\t<div class=\"elementor-image\">\n\t\t\t\t\t\t\t\t\t\t\t\t<img width=\"626\" height=\"417\" src=\"https:\/\/sissi3sd.fr\/wp-content\/uploads\/2020\/07\/doctor-woman-puts-face-mask-looks-camera-cold-flu-virus-tonsillitis-acute-respiratory-disease-quarantine-epidemic-concept_159160-1277.jpg\" class=\"attachment-large size-large\" alt=\"\" loading=\"lazy\" srcset=\"https:\/\/sissi3sd.fr\/wp-content\/uploads\/2020\/07\/doctor-woman-puts-face-mask-looks-camera-cold-flu-virus-tonsillitis-acute-respiratory-disease-quarantine-epidemic-concept_159160-1277.jpg 626w, https:\/\/sissi3sd.fr\/wp-content\/uploads\/2020\/07\/doctor-woman-puts-face-mask-looks-camera-cold-flu-virus-tonsillitis-acute-respiratory-disease-quarantine-epidemic-concept_159160-1277-300x200.jpg 300w, https:\/\/sissi3sd.fr\/wp-content\/uploads\/2020\/07\/doctor-woman-puts-face-mask-looks-camera-cold-flu-virus-tonsillitis-acute-respiratory-disease-quarantine-epidemic-concept_159160-1277-219x146.jpg 219w, https:\/\/sissi3sd.fr\/wp-content\/uploads\/2020\/07\/doctor-woman-puts-face-mask-looks-camera-cold-flu-virus-tonsillitis-acute-respiratory-disease-quarantine-epidemic-concept_159160-1277-50x33.jpg 50w, https:\/\/sissi3sd.fr\/wp-content\/uploads\/2020\/07\/doctor-woman-puts-face-mask-looks-camera-cold-flu-virus-tonsillitis-acute-respiratory-disease-quarantine-epidemic-concept_159160-1277-113x75.jpg 113w\" sizes=\"(max-width: 626px) 100vw, 626px\" \/>\t\t\t\t\t\t\t\t\t\t\t\t\t\t<\/div>\n\t\t\t\t\t\t<\/div>\n\t\t\t\t<\/div>\n\t\t\t\t\t\t<\/div>\n\t\t\t\t\t<\/div>\n\t\t<\/div>\n\t\t\t\t<div class=\"elementor-column elementor-col-25 elementor-top-column elementor-element elementor-element-775ec74\" data-id=\"775ec74\" data-element_type=\"column\">\n\t\t\t<div class=\"elementor-column-wrap elementor-element-populated\">\n\t\t\t\t\t\t\t<div class=\"elementor-widget-wrap\">\n\t\t\t\t\t\t<div class=\"elementor-element elementor-element-12a3f70 elementor-widget elementor-widget-image\" data-id=\"12a3f70\" data-element_type=\"widget\" data-widget_type=\"image.default\">\n\t\t\t\t<div class=\"elementor-widget-container\">\n\t\t\t\t\t\t\t\t<div class=\"elementor-image\">\n\t\t\t\t\t\t\t\t\t\t\t\t<img width=\"626\" height=\"626\" src=\"https:\/\/sissi3sd.fr\/wp-content\/uploads\/2020\/07\/front-view-coronavirus-concept_23-2148592534.jpg\" class=\"attachment-large size-large\" alt=\"\" loading=\"lazy\" srcset=\"https:\/\/sissi3sd.fr\/wp-content\/uploads\/2020\/07\/front-view-coronavirus-concept_23-2148592534.jpg 626w, https:\/\/sissi3sd.fr\/wp-content\/uploads\/2020\/07\/front-view-coronavirus-concept_23-2148592534-300x300.jpg 300w, https:\/\/sissi3sd.fr\/wp-content\/uploads\/2020\/07\/front-view-coronavirus-concept_23-2148592534-150x150.jpg 150w, https:\/\/sissi3sd.fr\/wp-content\/uploads\/2020\/07\/front-view-coronavirus-concept_23-2148592534-146x146.jpg 146w, https:\/\/sissi3sd.fr\/wp-content\/uploads\/2020\/07\/front-view-coronavirus-concept_23-2148592534-50x50.jpg 50w, https:\/\/sissi3sd.fr\/wp-content\/uploads\/2020\/07\/front-view-coronavirus-concept_23-2148592534-75x75.jpg 75w, https:\/\/sissi3sd.fr\/wp-content\/uploads\/2020\/07\/front-view-coronavirus-concept_23-2148592534-85x85.jpg 85w, https:\/\/sissi3sd.fr\/wp-content\/uploads\/2020\/07\/front-view-coronavirus-concept_23-2148592534-80x80.jpg 80w\" sizes=\"(max-width: 626px) 100vw, 626px\" \/>\t\t\t\t\t\t\t\t\t\t\t\t\t\t<\/div>\n\t\t\t\t\t\t<\/div>\n\t\t\t\t<\/div>\n\t\t\t\t\t\t<\/div>\n\t\t\t\t\t<\/div>\n\t\t<\/div>\n\t\t\t\t\t\t\t\t<\/div>\n\t\t\t\t\t<\/div>\n\t\t<\/section>\n\t\t\t\t\t\t\t\t\t<\/div>\n\t\t\t<\/div>\n\t\t\t\t\t<\/div>\n\t\t","protected":false},"excerpt":{"rendered":"<p>Haute filtration bact\u00e9rienne et r\u00e9sistance aux\u00a0projections Masques chirurgicaux \u00e0 haute filtration\u00a0\u00e0 \u00e9lastique, r\u00e9sistant aux liquides. Le plus haut niveau de filtration pour les masques chirurgicaux.\u00a0Conformes \u00e0<span class=\"excerpt-hellip\"> [\u2026]<\/span><\/p>\n","protected":false},"author":1,"featured_media":0,"parent":0,"menu_order":0,"comment_status":"closed","ping_status":"closed","template":"","meta":[],"_links":{"self":[{"href":"https:\/\/sissi3sd.fr\/index.php?rest_route=\/wp\/v2\/pages\/609"}],"collection":[{"href":"https:\/\/sissi3sd.fr\/index.php?rest_route=\/wp\/v2\/pages"}],"about":[{"href":"https:\/\/sissi3sd.fr\/index.php?rest_route=\/wp\/v2\/types\/page"}],"author":[{"embeddable":true,"href":"https:\/\/sissi3sd.fr\/index.php?rest_route=\/wp\/v2\/users\/1"}],"replies":[{"embeddable":true,"href":"https:\/\/sissi3sd.fr\/index.php?rest_route=%2Fwp%2Fv2%2Fcomments&post=609"}],"version-history":[{"count":4,"href":"https:\/\/sissi3sd.fr\/index.php?rest_route=\/wp\/v2\/pages\/609\/revisions"}],"predecessor-version":[{"id":1130,"href":"https:\/\/sissi3sd.fr\/index.php?rest_route=\/wp\/v2\/pages\/609\/revisions\/1130"}],"wp:attachment":[{"href":"https:\/\/sissi3sd.fr\/index.php?rest_route=%2Fwp%2Fv2%2Fmedia&parent=609"}],"curies":[{"name":"wp","href":"https:\/\/api.w.org\/{rel}","templated":true}]}}