{"id":615,"date":"2020-06-19T12:38:36","date_gmt":"2020-06-19T12:38:36","guid":{"rendered":"http:\/\/sissi3sd.fr\/?page_id=615"},"modified":"2020-07-03T13:25:30","modified_gmt":"2020-07-03T13:25:30","slug":"visieres","status":"publish","type":"page","link":"https:\/\/sissi3sd.fr\/?page_id=615","title":{"rendered":"Visi\u00e8res"},"content":{"rendered":"\t\t<div data-elementor-type=\"wp-page\" data-elementor-id=\"615\" class=\"elementor elementor-615\">\n\t\t\t\t\t\t<div class=\"elementor-inner\">\n\t\t\t\t<div class=\"elementor-section-wrap\">\n\t\t\t\t\t\t\t\t\t<section class=\"elementor-section elementor-top-section elementor-element elementor-element-256b773 elementor-section-boxed elementor-section-height-default elementor-section-height-default\" data-id=\"256b773\" data-element_type=\"section\">\n\t\t\t\t\t\t<div class=\"elementor-container elementor-column-gap-default\">\n\t\t\t\t\t\t\t<div class=\"elementor-row\">\n\t\t\t\t\t<div class=\"elementor-column elementor-col-100 elementor-top-column elementor-element elementor-element-3a571d2\" data-id=\"3a571d2\" data-element_type=\"column\">\n\t\t\t<div class=\"elementor-column-wrap elementor-element-populated\">\n\t\t\t\t\t\t\t<div class=\"elementor-widget-wrap\">\n\t\t\t\t\t\t<div class=\"elementor-element elementor-element-b9b0914 elementor-widget elementor-widget-text-editor\" data-id=\"b9b0914\" data-element_type=\"widget\" data-widget_type=\"text-editor.default\">\n\t\t\t\t<div class=\"elementor-widget-container\">\n\t\t\t\t\t\t\t\t<div class=\"elementor-text-editor elementor-clearfix\">\n\t\t\t\t<p style=\"font-weight: 400;\">Avec le d\u00e9confinement, outre les personnels soignants, les professionnels\u00a0sont de plus en plus nombreux \u00e0 recourir aux<strong>\u00a0visi\u00e8res de protection<\/strong>.\u00a0De nombreuses entreprises se lancent dans leur commercialisation, les prix grimpent sur internet et les\u00a0<strong>tutos de fabrication maison\u00a0<\/strong>se multiplient.\u00a0<strong>La soci\u00e9t\u00e9 SISSI3SD<\/strong>\u00a0experte en risques biologiques vous propose un large choix de visi\u00e8res suivant le stock disponible.<\/p><p style=\"font-weight: 400;\">Qu\u2019est-ce qu\u2019une visi\u00e8re de protection ?<\/p><p style=\"font-weight: 400;\">Les visi\u00e8res de protection, ou \u00e9crans faciaux,\u00a0<strong>couvrent enti\u00e8rement le visage<\/strong>, notamment les muqueuses (yeux, nez et bouche), portes d\u2019entr\u00e9e de pr\u00e9dilection des virus. Compos\u00e9es d\u2019un\u00a0<strong>serre-t\u00eate ou non, auquel<\/strong>\u00a0est fix\u00e9 un\u00a0<strong>\u00e9cran transparent en polycarbonate<\/strong>, \u00ab\u00a0elles doivent r\u00e9pondre \u00e0 la\u00a0<strong>norme europ\u00e9enne NF EN 166\u00a0<\/strong>qui concerne les protections individuelles de l\u2019\u0153il\u00a0\u00bb, pr\u00e9cise l\u2019entreprise\u00a0<strong>SISSI3SD<\/strong>\u00a0Cette norme prend en compte des exigences comme la qualit\u00e9 optique, le champ de vision, la solidit\u00e9 des serre-t\u00eates ou le niveau de protection de l\u2019\u00e9cran.\u00a0<\/p><p style=\"font-weight: 400;\">\u00ab\u00a0En milieu de soins, elles ne doivent pas \u00eatre utilis\u00e9es seules, mais en compl\u00e9ment d&rsquo;une protection respiratoire\u00a0\u00bb, pr\u00e9cise l\u2019INRS\u00a0<a href=\"https:\/\/eur03.safelinks.protection.outlook.com\/?url=http%3A%2F%2Fwww.inrs.fr%2Frisques%2Fbiologiques%2Ffaq-masque-protection-respiratoire.html&amp;data=02%7C01%7Cmanon.duran%40uni-medias.com%7C2a746d77b2664a8bddbe08d7eb9b3cd9%7C9a98a298588d4ac09c7aba9c553c4f84%7C0%7C0%7C637236924284152396&amp;sdata=nMPS4mSRvgbVfniD9%2FHPkBh5UNNPkm0%2F4IibujMNNeo%3D&amp;reserved=0\" data-saferedirecturl=\"https:\/\/www.google.com\/url?q=https:\/\/eur03.safelinks.protection.outlook.com\/?url%3Dhttp%253A%252F%252Fwww.inrs.fr%252Frisques%252Fbiologiques%252Ffaq-masque-protection-respiratoire.html%26data%3D02%257C01%257Cmanon.duran%2540uni-medias.com%257C2a746d77b2664a8bddbe08d7eb9b3cd9%257C9a98a298588d4ac09c7aba9c553c4f84%257C0%257C0%257C637236924284152396%26sdata%3DnMPS4mSRvgbVfniD9%252FHPkBh5UNNPkm0%252F4IibujMNNeo%253D%26reserved%3D0&amp;source=gmail&amp;ust=1593700208611000&amp;usg=AFQjCNFKoxFghQZlt9WsoKtnA9FvJCgT9g\">dans une foire aux questions<\/a>. Par ailleurs, \u00ab\u00a0elles peuvent \u00eatre retir\u00e9es en minimisant le risque de\u00a0<a href=\"https:\/\/www.santemagazine.fr\/sante\/maladies\/maladies-infectieuses\/maladies-virales\/coronavirus-les-bonnes-astuces-pour-arreter-de-se-toucher-le-visage-433244\" data-saferedirecturl=\"https:\/\/www.google.com\/url?q=https:\/\/www.santemagazine.fr\/sante\/maladies\/maladies-infectieuses\/maladies-virales\/coronavirus-les-bonnes-astuces-pour-arreter-de-se-toucher-le-visage-433244&amp;source=gmail&amp;ust=1593700208611000&amp;usg=AFQjCNFqzrsT4jIEynYqcfurh1qyOlFudg\">se toucher le visage<\/a>\u00ab\u00a0, ajoute l\u2019experte en risques biologiques. Cette derni\u00e8re rappelle que, pour garantir leur efficacit\u00e9, il faut\u00a0<strong>\u00e9viter de les toucher pendant leur utilisation<\/strong>, ou encore de passer ses mains dessous pour se frotter les yeux par exemple.<\/p>\t\t\t\t\t<\/div>\n\t\t\t\t\t\t<\/div>\n\t\t\t\t<\/div>\n\t\t\t\t\t\t<\/div>\n\t\t\t\t\t<\/div>\n\t\t<\/div>\n\t\t\t\t\t\t\t\t<\/div>\n\t\t\t\t\t<\/div>\n\t\t<\/section>\n\t\t\t\t<section class=\"elementor-section elementor-top-section elementor-element elementor-element-343be55 elementor-section-boxed elementor-section-height-default elementor-section-height-default\" data-id=\"343be55\" data-element_type=\"section\">\n\t\t\t\t\t\t<div class=\"elementor-container elementor-column-gap-default\">\n\t\t\t\t\t\t\t<div class=\"elementor-row\">\n\t\t\t\t\t<div class=\"elementor-column elementor-col-100 elementor-top-column elementor-element elementor-element-68a7448\" data-id=\"68a7448\" data-element_type=\"column\">\n\t\t\t<div class=\"elementor-column-wrap elementor-element-populated\">\n\t\t\t\t\t\t\t<div class=\"elementor-widget-wrap\">\n\t\t\t\t\t\t<div class=\"elementor-element elementor-element-4b6a342 elementor-widget elementor-widget-image\" data-id=\"4b6a342\" data-element_type=\"widget\" data-widget_type=\"image.default\">\n\t\t\t\t<div class=\"elementor-widget-container\">\n\t\t\t\t\t\t\t\t<div class=\"elementor-image\">\n\t\t\t\t\t\t\t\t\t\t\t\t<img width=\"626\" height=\"417\" src=\"https:\/\/sissi3sd.fr\/wp-content\/uploads\/2020\/07\/young-woman-medical-mask-protective-shield-her-head-looking-away_130488-3592.jpg\" class=\"attachment-large size-large\" alt=\"\" loading=\"lazy\" srcset=\"https:\/\/sissi3sd.fr\/wp-content\/uploads\/2020\/07\/young-woman-medical-mask-protective-shield-her-head-looking-away_130488-3592.jpg 626w, https:\/\/sissi3sd.fr\/wp-content\/uploads\/2020\/07\/young-woman-medical-mask-protective-shield-her-head-looking-away_130488-3592-300x200.jpg 300w, https:\/\/sissi3sd.fr\/wp-content\/uploads\/2020\/07\/young-woman-medical-mask-protective-shield-her-head-looking-away_130488-3592-219x146.jpg 219w, https:\/\/sissi3sd.fr\/wp-content\/uploads\/2020\/07\/young-woman-medical-mask-protective-shield-her-head-looking-away_130488-3592-50x33.jpg 50w, https:\/\/sissi3sd.fr\/wp-content\/uploads\/2020\/07\/young-woman-medical-mask-protective-shield-her-head-looking-away_130488-3592-113x75.jpg 113w\" sizes=\"(max-width: 626px) 100vw, 626px\" \/>\t\t\t\t\t\t\t\t\t\t\t\t\t\t<\/div>\n\t\t\t\t\t\t<\/div>\n\t\t\t\t<\/div>\n\t\t\t\t\t\t<\/div>\n\t\t\t\t\t<\/div>\n\t\t<\/div>\n\t\t\t\t\t\t\t\t<\/div>\n\t\t\t\t\t<\/div>\n\t\t<\/section>\n\t\t\t\t\t\t\t\t\t<\/div>\n\t\t\t<\/div>\n\t\t\t\t\t<\/div>\n\t\t","protected":false},"excerpt":{"rendered":"<p>Avec le d\u00e9confinement, outre les personnels soignants, les professionnels\u00a0sont de plus en plus nombreux \u00e0 recourir aux\u00a0visi\u00e8res de protection.\u00a0De nombreuses entreprises se lancent dans leur commercialisation,<span class=\"excerpt-hellip\"> [\u2026]<\/span><\/p>\n","protected":false},"author":1,"featured_media":0,"parent":0,"menu_order":0,"comment_status":"closed","ping_status":"closed","template":"","meta":[],"_links":{"self":[{"href":"https:\/\/sissi3sd.fr\/index.php?rest_route=\/wp\/v2\/pages\/615"}],"collection":[{"href":"https:\/\/sissi3sd.fr\/index.php?rest_route=\/wp\/v2\/pages"}],"about":[{"href":"https:\/\/sissi3sd.fr\/index.php?rest_route=\/wp\/v2\/types\/page"}],"author":[{"embeddable":true,"href":"https:\/\/sissi3sd.fr\/index.php?rest_route=\/wp\/v2\/users\/1"}],"replies":[{"embeddable":true,"href":"https:\/\/sissi3sd.fr\/index.php?rest_route=%2Fwp%2Fv2%2Fcomments&post=615"}],"version-history":[{"count":5,"href":"https:\/\/sissi3sd.fr\/index.php?rest_route=\/wp\/v2\/pages\/615\/revisions"}],"predecessor-version":[{"id":1108,"href":"https:\/\/sissi3sd.fr\/index.php?rest_route=\/wp\/v2\/pages\/615\/revisions\/1108"}],"wp:attachment":[{"href":"https:\/\/sissi3sd.fr\/index.php?rest_route=%2Fwp%2Fv2%2Fmedia&parent=615"}],"curies":[{"name":"wp","href":"https:\/\/api.w.org\/{rel}","templated":true}]}}