{"id":642,"date":"2020-06-19T12:50:30","date_gmt":"2020-06-19T12:50:30","guid":{"rendered":"http:\/\/sissi3sd.fr\/?page_id=642"},"modified":"2020-07-03T13:20:42","modified_gmt":"2020-07-03T13:20:42","slug":"fauteuil-roulant","status":"publish","type":"page","link":"https:\/\/sissi3sd.fr\/?page_id=642","title":{"rendered":"Fauteuil roulant"},"content":{"rendered":"\t\t<div data-elementor-type=\"wp-page\" data-elementor-id=\"642\" class=\"elementor elementor-642\">\n\t\t\t\t\t\t<div class=\"elementor-inner\">\n\t\t\t\t<div class=\"elementor-section-wrap\">\n\t\t\t\t\t\t\t\t\t<section class=\"elementor-section elementor-top-section elementor-element elementor-element-a87611a elementor-section-boxed elementor-section-height-default elementor-section-height-default\" data-id=\"a87611a\" data-element_type=\"section\">\n\t\t\t\t\t\t<div class=\"elementor-container elementor-column-gap-default\">\n\t\t\t\t\t\t\t<div class=\"elementor-row\">\n\t\t\t\t\t<div class=\"elementor-column elementor-col-100 elementor-top-column elementor-element elementor-element-0ba6250\" data-id=\"0ba6250\" data-element_type=\"column\">\n\t\t\t<div class=\"elementor-column-wrap elementor-element-populated\">\n\t\t\t\t\t\t\t<div class=\"elementor-widget-wrap\">\n\t\t\t\t\t\t<div class=\"elementor-element elementor-element-d4e6bce elementor-widget elementor-widget-text-editor\" data-id=\"d4e6bce\" data-element_type=\"widget\" data-widget_type=\"text-editor.default\">\n\t\t\t\t<div class=\"elementor-widget-container\">\n\t\t\t\t\t\t\t\t<div class=\"elementor-text-editor elementor-clearfix\">\n\t\t\t\t<p>Pour vous garantir toujours plus de mobilit\u00e9,SISSI 3SD a s\u00e9lectionn\u00e9 pour vous divers mod\u00e8les de chaises roulantes : <strong>fauteuil roulant<\/strong>\u00a0manuel, pliable, \u00e0 dossier inclinable, fauteuils de transferts&#8230; Nous proposons aussi divers accessoires pour fauteuil roulant, afin de simplifier la vie de leurs utilisateurs. Parmi ceux-ci, retrouvez sacs et sacoches, appui-t\u00eate, ceintures, portes cannes, portes bouteilles, tablettes et autres parapluies.<\/p><p><strong>A savoir<\/strong>\u00a0:<\/p><ul><li>Pour plus de confort dans votre fauteuil, pensez \u00e0 vous \u00e9quiper d&rsquo;un coussin anti-escarre.<\/li><li>Prot\u00e9gez vos mains des frottements contre les roues de votre fauteuil en portant des mitaines ou des gants sp\u00e9cifiques.<\/li><li>Pour votre s\u00e9curit\u00e9 lors de vos d\u00e9placements nocturnes, optez pour des \u00e9clairages \u00e0 accrocher \u00e0 l&rsquo;avant et \u00e0 l&rsquo;arri\u00e8re de votre fauteuil.<\/li><li>Pour \u00eatre conseill\u00e9 dans le choix de votre fauteuil roulant ou de vos accessoires, contactez nous.<\/li><\/ul>\t\t\t\t\t<\/div>\n\t\t\t\t\t\t<\/div>\n\t\t\t\t<\/div>\n\t\t\t\t\t\t<\/div>\n\t\t\t\t\t<\/div>\n\t\t<\/div>\n\t\t\t\t\t\t\t\t<\/div>\n\t\t\t\t\t<\/div>\n\t\t<\/section>\n\t\t\t\t<section class=\"elementor-section elementor-top-section elementor-element elementor-element-e8ae01f elementor-section-boxed elementor-section-height-default elementor-section-height-default\" data-id=\"e8ae01f\" data-element_type=\"section\">\n\t\t\t\t\t\t<div class=\"elementor-container elementor-column-gap-default\">\n\t\t\t\t\t\t\t<div class=\"elementor-row\">\n\t\t\t\t\t<div class=\"elementor-column elementor-col-100 elementor-top-column elementor-element elementor-element-58eec1d\" data-id=\"58eec1d\" data-element_type=\"column\">\n\t\t\t<div class=\"elementor-column-wrap elementor-element-populated\">\n\t\t\t\t\t\t\t<div class=\"elementor-widget-wrap\">\n\t\t\t\t\t\t<div class=\"elementor-element elementor-element-d0f13ec elementor-widget elementor-widget-image\" data-id=\"d0f13ec\" data-element_type=\"widget\" data-widget_type=\"image.default\">\n\t\t\t\t<div class=\"elementor-widget-container\">\n\t\t\t\t\t\t\t\t<div class=\"elementor-image\">\n\t\t\t\t\t\t\t\t\t\t\t\t<img width=\"626\" height=\"417\" src=\"https:\/\/sissi3sd.fr\/wp-content\/uploads\/2020\/07\/close-up-senior-woman-hand-wheel-wheelchair-during-walk-hospital_1150-4308-1.jpg\" class=\"attachment-large size-large\" alt=\"\" loading=\"lazy\" srcset=\"https:\/\/sissi3sd.fr\/wp-content\/uploads\/2020\/07\/close-up-senior-woman-hand-wheel-wheelchair-during-walk-hospital_1150-4308-1.jpg 626w, https:\/\/sissi3sd.fr\/wp-content\/uploads\/2020\/07\/close-up-senior-woman-hand-wheel-wheelchair-during-walk-hospital_1150-4308-1-300x200.jpg 300w, https:\/\/sissi3sd.fr\/wp-content\/uploads\/2020\/07\/close-up-senior-woman-hand-wheel-wheelchair-during-walk-hospital_1150-4308-1-219x146.jpg 219w, https:\/\/sissi3sd.fr\/wp-content\/uploads\/2020\/07\/close-up-senior-woman-hand-wheel-wheelchair-during-walk-hospital_1150-4308-1-50x33.jpg 50w, https:\/\/sissi3sd.fr\/wp-content\/uploads\/2020\/07\/close-up-senior-woman-hand-wheel-wheelchair-during-walk-hospital_1150-4308-1-113x75.jpg 113w\" sizes=\"(max-width: 626px) 100vw, 626px\" \/>\t\t\t\t\t\t\t\t\t\t\t\t\t\t<\/div>\n\t\t\t\t\t\t<\/div>\n\t\t\t\t<\/div>\n\t\t\t\t\t\t<\/div>\n\t\t\t\t\t<\/div>\n\t\t<\/div>\n\t\t\t\t\t\t\t\t<\/div>\n\t\t\t\t\t<\/div>\n\t\t<\/section>\n\t\t\t\t<section class=\"elementor-section elementor-top-section elementor-element elementor-element-e58a29f elementor-section-boxed elementor-section-height-default elementor-section-height-default\" data-id=\"e58a29f\" data-element_type=\"section\">\n\t\t\t\t\t\t<div class=\"elementor-container elementor-column-gap-default\">\n\t\t\t\t\t\t\t<div class=\"elementor-row\">\n\t\t\t\t\t<div class=\"elementor-column elementor-col-100 elementor-top-column elementor-element elementor-element-4f4a16e\" data-id=\"4f4a16e\" data-element_type=\"column\">\n\t\t\t<div class=\"elementor-column-wrap elementor-element-populated\">\n\t\t\t\t\t\t\t<div class=\"elementor-widget-wrap\">\n\t\t\t\t\t\t<div class=\"elementor-element elementor-element-2119631 elementor-widget elementor-widget-image\" data-id=\"2119631\" data-element_type=\"widget\" data-widget_type=\"image.default\">\n\t\t\t\t<div class=\"elementor-widget-container\">\n\t\t\t\t\t\t\t\t<div class=\"elementor-image\">\n\t\t\t\t\t\t\t\t\t\t\t\t<img width=\"626\" height=\"417\" src=\"https:\/\/sissi3sd.fr\/wp-content\/uploads\/2020\/07\/active-wheelchair-room_23-2148127427-1.jpg\" class=\"attachment-large size-large\" alt=\"\" loading=\"lazy\" srcset=\"https:\/\/sissi3sd.fr\/wp-content\/uploads\/2020\/07\/active-wheelchair-room_23-2148127427-1.jpg 626w, https:\/\/sissi3sd.fr\/wp-content\/uploads\/2020\/07\/active-wheelchair-room_23-2148127427-1-300x200.jpg 300w, https:\/\/sissi3sd.fr\/wp-content\/uploads\/2020\/07\/active-wheelchair-room_23-2148127427-1-219x146.jpg 219w, https:\/\/sissi3sd.fr\/wp-content\/uploads\/2020\/07\/active-wheelchair-room_23-2148127427-1-50x33.jpg 50w, https:\/\/sissi3sd.fr\/wp-content\/uploads\/2020\/07\/active-wheelchair-room_23-2148127427-1-113x75.jpg 113w\" sizes=\"(max-width: 626px) 100vw, 626px\" \/>\t\t\t\t\t\t\t\t\t\t\t\t\t\t<\/div>\n\t\t\t\t\t\t<\/div>\n\t\t\t\t<\/div>\n\t\t\t\t\t\t<\/div>\n\t\t\t\t\t<\/div>\n\t\t<\/div>\n\t\t\t\t\t\t\t\t<\/div>\n\t\t\t\t\t<\/div>\n\t\t<\/section>\n\t\t\t\t\t\t\t\t\t<\/div>\n\t\t\t<\/div>\n\t\t\t\t\t<\/div>\n\t\t","protected":false},"excerpt":{"rendered":"<p>Pour vous garantir toujours plus de mobilit\u00e9,SISSI 3SD a s\u00e9lectionn\u00e9 pour vous divers mod\u00e8les de chaises roulantes : fauteuil roulant\u00a0manuel, pliable, \u00e0 dossier inclinable, fauteuils de<span class=\"excerpt-hellip\"> [\u2026]<\/span><\/p>\n","protected":false},"author":1,"featured_media":0,"parent":0,"menu_order":0,"comment_status":"closed","ping_status":"closed","template":"","meta":[],"_links":{"self":[{"href":"https:\/\/sissi3sd.fr\/index.php?rest_route=\/wp\/v2\/pages\/642"}],"collection":[{"href":"https:\/\/sissi3sd.fr\/index.php?rest_route=\/wp\/v2\/pages"}],"about":[{"href":"https:\/\/sissi3sd.fr\/index.php?rest_route=\/wp\/v2\/types\/page"}],"author":[{"embeddable":true,"href":"https:\/\/sissi3sd.fr\/index.php?rest_route=\/wp\/v2\/users\/1"}],"replies":[{"embeddable":true,"href":"https:\/\/sissi3sd.fr\/index.php?rest_route=%2Fwp%2Fv2%2Fcomments&post=642"}],"version-history":[{"count":5,"href":"https:\/\/sissi3sd.fr\/index.php?rest_route=\/wp\/v2\/pages\/642\/revisions"}],"predecessor-version":[{"id":1096,"href":"https:\/\/sissi3sd.fr\/index.php?rest_route=\/wp\/v2\/pages\/642\/revisions\/1096"}],"wp:attachment":[{"href":"https:\/\/sissi3sd.fr\/index.php?rest_route=%2Fwp%2Fv2%2Fmedia&parent=642"}],"curies":[{"name":"wp","href":"https:\/\/api.w.org\/{rel}","templated":true}]}}