{"id":763,"date":"2020-06-29T19:57:47","date_gmt":"2020-06-29T19:57:47","guid":{"rendered":"https:\/\/sissi3sd.fr\/?page_id=763"},"modified":"2020-07-13T14:40:43","modified_gmt":"2020-07-13T14:40:43","slug":"ventilateur","status":"publish","type":"page","link":"https:\/\/sissi3sd.fr\/?page_id=763","title":{"rendered":"Ventilateur"},"content":{"rendered":"\t\t<div data-elementor-type=\"wp-page\" data-elementor-id=\"763\" class=\"elementor elementor-763\">\n\t\t\t\t\t\t<div class=\"elementor-inner\">\n\t\t\t\t<div class=\"elementor-section-wrap\">\n\t\t\t\t\t\t\t\t\t<section class=\"elementor-section elementor-top-section elementor-element elementor-element-9ff31cd elementor-section-boxed elementor-section-height-default elementor-section-height-default\" data-id=\"9ff31cd\" data-element_type=\"section\">\n\t\t\t\t\t\t<div class=\"elementor-container elementor-column-gap-default\">\n\t\t\t\t\t\t\t<div class=\"elementor-row\">\n\t\t\t\t\t<div class=\"elementor-column elementor-col-100 elementor-top-column elementor-element elementor-element-ca97729\" data-id=\"ca97729\" data-element_type=\"column\">\n\t\t\t<div class=\"elementor-column-wrap elementor-element-populated\">\n\t\t\t\t\t\t\t<div class=\"elementor-widget-wrap\">\n\t\t\t\t\t\t<div class=\"elementor-element elementor-element-0acffcb elementor-widget elementor-widget-text-editor\" data-id=\"0acffcb\" data-element_type=\"widget\" data-widget_type=\"text-editor.default\">\n\t\t\t\t<div class=\"elementor-widget-container\">\n\t\t\t\t\t\t\t\t<div class=\"elementor-text-editor elementor-clearfix\">\n\t\t\t\t<p>Les ventilateurs peuvent \u00eatre utilis\u00e9s pour tous les fluides compressibles\u00a0; ils sont utilis\u00e9s tant pour le confort que dans l&rsquo;industrie.<\/p><p>L&rsquo;\u00e9t\u00e9 un ventilateur fournit une sensation de fra\u00eecheur \u00e0 un \u00eatre humain en facilitant l&rsquo;\u00e9vaporation de la\u00a0<a title=\"Transpiration animale\" href=\"https:\/\/fr.wikipedia.org\/wiki\/Transpiration_animale\">transpiration<\/a>\u00a0et en homog\u00e9n\u00e9isant la temp\u00e9rature d&rsquo;une pi\u00e8ce, mais ne permet pas de faire baisser la temp\u00e9rature car les \u00e9l\u00e9ments moteurs d\u00e9gagent un peu de chaleur. La\u00a0<i>\u00ab\u00a0<a title=\"Temp\u00e9rature ressentie\" href=\"https:\/\/fr.wikipedia.org\/wiki\/Temp%C3%A9rature_ressentie\">temp\u00e9rature ressentie<\/a>\u00a0\u00bb<\/i>\u00a0est fonction de la temp\u00e9rature mais elle diminue avec la vitesse de l&rsquo;air, ce qui explique que l&rsquo;\u00e9t\u00e9, le d\u00e9placement d&rsquo;air provoqu\u00e9 par un ventilateur va rafra\u00eechir les personnes en acc\u00e9l\u00e9rant l&rsquo;\u00e9vaporation de la transpiration<sup id=\"cite_ref-5\" class=\"reference\"><\/sup> alors que si le temps est froid et humide il va les frigorifier.<sup id=\"cite_ref-6\" class=\"reference\"><\/sup><\/p><ul><li>Les ventilateurs permettent la\u00a0<a title=\"Ventilation\" href=\"https:\/\/fr.wikipedia.org\/wiki\/Ventilation\">ventilation<\/a>\u00a0des b\u00e2timents, des ouvrages routiers,\u00a0<abbr class=\"abbr\" title=\"et cetera\">etc.<\/abbr><\/li><li>Dans une\u00a0<a title=\"Forge (m\u00e9tallurgie)\" href=\"https:\/\/fr.wikipedia.org\/wiki\/Forge_(m%C3%A9tallurgie)\">forge portative<\/a>, le\u00a0<a title=\"Ventilateur centrifuge\" href=\"https:\/\/fr.wikipedia.org\/wiki\/Ventilateur_centrifuge\">ventilateur centrifuge<\/a>\u00a0est, ou \u00e9tait, souvent actionn\u00e9 par une manivelle.<\/li><\/ul><p>On utilise les ventilateurs dans divers domaines en cr\u00e9ant un flux d&rsquo;air permettant de maintenir une temp\u00e9rature acceptable dans certains environnements, notamment en informatique<sup id=\"cite_ref-7\" class=\"reference\"><\/sup>.<\/p>\t\t\t\t\t<\/div>\n\t\t\t\t\t\t<\/div>\n\t\t\t\t<\/div>\n\t\t\t\t\t\t<\/div>\n\t\t\t\t\t<\/div>\n\t\t<\/div>\n\t\t\t\t\t\t\t\t<\/div>\n\t\t\t\t\t<\/div>\n\t\t<\/section>\n\t\t\t\t<section class=\"elementor-section elementor-top-section elementor-element elementor-element-8f8a5cc elementor-section-boxed elementor-section-height-default elementor-section-height-default\" data-id=\"8f8a5cc\" data-element_type=\"section\">\n\t\t\t\t\t\t<div class=\"elementor-container elementor-column-gap-default\">\n\t\t\t\t\t\t\t<div class=\"elementor-row\">\n\t\t\t\t\t<div class=\"elementor-column elementor-col-25 elementor-top-column elementor-element elementor-element-e072316\" data-id=\"e072316\" data-element_type=\"column\">\n\t\t\t<div class=\"elementor-column-wrap elementor-element-populated\">\n\t\t\t\t\t\t\t<div class=\"elementor-widget-wrap\">\n\t\t\t\t\t\t<div class=\"elementor-element elementor-element-1e29dbf elementor-widget elementor-widget-image\" data-id=\"1e29dbf\" data-element_type=\"widget\" data-widget_type=\"image.default\">\n\t\t\t\t<div class=\"elementor-widget-container\">\n\t\t\t\t\t\t\t\t<div class=\"elementor-image\">\n\t\t\t\t\t\t\t\t\t\t\t\t<img width=\"626\" height=\"626\" src=\"https:\/\/sissi3sd.fr\/wp-content\/uploads\/2020\/07\/white-electric-fan-three-dimensional-model-white-background_101266-1062.jpg\" class=\"attachment-large size-large\" alt=\"\" loading=\"lazy\" srcset=\"https:\/\/sissi3sd.fr\/wp-content\/uploads\/2020\/07\/white-electric-fan-three-dimensional-model-white-background_101266-1062.jpg 626w, https:\/\/sissi3sd.fr\/wp-content\/uploads\/2020\/07\/white-electric-fan-three-dimensional-model-white-background_101266-1062-300x300.jpg 300w, https:\/\/sissi3sd.fr\/wp-content\/uploads\/2020\/07\/white-electric-fan-three-dimensional-model-white-background_101266-1062-150x150.jpg 150w, https:\/\/sissi3sd.fr\/wp-content\/uploads\/2020\/07\/white-electric-fan-three-dimensional-model-white-background_101266-1062-146x146.jpg 146w, https:\/\/sissi3sd.fr\/wp-content\/uploads\/2020\/07\/white-electric-fan-three-dimensional-model-white-background_101266-1062-50x50.jpg 50w, https:\/\/sissi3sd.fr\/wp-content\/uploads\/2020\/07\/white-electric-fan-three-dimensional-model-white-background_101266-1062-75x75.jpg 75w, https:\/\/sissi3sd.fr\/wp-content\/uploads\/2020\/07\/white-electric-fan-three-dimensional-model-white-background_101266-1062-85x85.jpg 85w, https:\/\/sissi3sd.fr\/wp-content\/uploads\/2020\/07\/white-electric-fan-three-dimensional-model-white-background_101266-1062-80x80.jpg 80w\" sizes=\"(max-width: 626px) 100vw, 626px\" \/>\t\t\t\t\t\t\t\t\t\t\t\t\t\t<\/div>\n\t\t\t\t\t\t<\/div>\n\t\t\t\t<\/div>\n\t\t\t\t\t\t<\/div>\n\t\t\t\t\t<\/div>\n\t\t<\/div>\n\t\t\t\t<div class=\"elementor-column elementor-col-25 elementor-top-column elementor-element elementor-element-8cf8a7c\" data-id=\"8cf8a7c\" data-element_type=\"column\">\n\t\t\t<div class=\"elementor-column-wrap elementor-element-populated\">\n\t\t\t\t\t\t\t<div class=\"elementor-widget-wrap\">\n\t\t\t\t\t\t<div class=\"elementor-element elementor-element-5732ffc elementor-widget elementor-widget-image\" data-id=\"5732ffc\" data-element_type=\"widget\" data-widget_type=\"image.default\">\n\t\t\t\t<div class=\"elementor-widget-container\">\n\t\t\t\t\t\t\t\t<div class=\"elementor-image\">\n\t\t\t\t\t\t\t\t\t\t\t\t<img width=\"626\" height=\"939\" src=\"https:\/\/sissi3sd.fr\/wp-content\/uploads\/2020\/07\/tall-electric-fan-isolated-white_158023-359.jpg\" class=\"attachment-large size-large\" alt=\"\" loading=\"lazy\" srcset=\"https:\/\/sissi3sd.fr\/wp-content\/uploads\/2020\/07\/tall-electric-fan-isolated-white_158023-359.jpg 626w, https:\/\/sissi3sd.fr\/wp-content\/uploads\/2020\/07\/tall-electric-fan-isolated-white_158023-359-200x300.jpg 200w, https:\/\/sissi3sd.fr\/wp-content\/uploads\/2020\/07\/tall-electric-fan-isolated-white_158023-359-97x146.jpg 97w, https:\/\/sissi3sd.fr\/wp-content\/uploads\/2020\/07\/tall-electric-fan-isolated-white_158023-359-33x50.jpg 33w, https:\/\/sissi3sd.fr\/wp-content\/uploads\/2020\/07\/tall-electric-fan-isolated-white_158023-359-50x75.jpg 50w\" sizes=\"(max-width: 626px) 100vw, 626px\" \/>\t\t\t\t\t\t\t\t\t\t\t\t\t\t<\/div>\n\t\t\t\t\t\t<\/div>\n\t\t\t\t<\/div>\n\t\t\t\t\t\t<\/div>\n\t\t\t\t\t<\/div>\n\t\t<\/div>\n\t\t\t\t<div class=\"elementor-column elementor-col-25 elementor-top-column elementor-element elementor-element-41b4c25\" data-id=\"41b4c25\" data-element_type=\"column\">\n\t\t\t<div class=\"elementor-column-wrap elementor-element-populated\">\n\t\t\t\t\t\t\t<div class=\"elementor-widget-wrap\">\n\t\t\t\t\t\t<div class=\"elementor-element elementor-element-b3fd636 elementor-widget elementor-widget-image\" data-id=\"b3fd636\" data-element_type=\"widget\" data-widget_type=\"image.default\">\n\t\t\t\t<div class=\"elementor-widget-container\">\n\t\t\t\t\t\t\t\t<div class=\"elementor-image\">\n\t\t\t\t\t\t\t\t\t\t\t\t<img width=\"626\" height=\"938\" src=\"https:\/\/sissi3sd.fr\/wp-content\/uploads\/2020\/07\/electric-fan_87557-13529.jpg\" class=\"attachment-large size-large\" alt=\"\" loading=\"lazy\" srcset=\"https:\/\/sissi3sd.fr\/wp-content\/uploads\/2020\/07\/electric-fan_87557-13529.jpg 626w, https:\/\/sissi3sd.fr\/wp-content\/uploads\/2020\/07\/electric-fan_87557-13529-200x300.jpg 200w, https:\/\/sissi3sd.fr\/wp-content\/uploads\/2020\/07\/electric-fan_87557-13529-97x146.jpg 97w, https:\/\/sissi3sd.fr\/wp-content\/uploads\/2020\/07\/electric-fan_87557-13529-33x50.jpg 33w, https:\/\/sissi3sd.fr\/wp-content\/uploads\/2020\/07\/electric-fan_87557-13529-50x75.jpg 50w\" sizes=\"(max-width: 626px) 100vw, 626px\" \/>\t\t\t\t\t\t\t\t\t\t\t\t\t\t<\/div>\n\t\t\t\t\t\t<\/div>\n\t\t\t\t<\/div>\n\t\t\t\t\t\t<\/div>\n\t\t\t\t\t<\/div>\n\t\t<\/div>\n\t\t\t\t<div class=\"elementor-column elementor-col-25 elementor-top-column elementor-element elementor-element-a7af0ed\" data-id=\"a7af0ed\" data-element_type=\"column\">\n\t\t\t<div class=\"elementor-column-wrap elementor-element-populated\">\n\t\t\t\t\t\t\t<div class=\"elementor-widget-wrap\">\n\t\t\t\t\t\t<div class=\"elementor-element elementor-element-102643f elementor-widget elementor-widget-image\" data-id=\"102643f\" data-element_type=\"widget\" data-widget_type=\"image.default\">\n\t\t\t\t<div class=\"elementor-widget-container\">\n\t\t\t\t\t\t\t\t<div class=\"elementor-image\">\n\t\t\t\t\t\t\t\t\t\t\t\t<img width=\"626\" height=\"626\" src=\"https:\/\/sissi3sd.fr\/wp-content\/uploads\/2020\/07\/black-electric-fan-three-dimensional-model-white-surface-fan-with-control-buttons-stand-simple-device-air-ventilation_101266-1430.jpg\" class=\"attachment-large size-large\" alt=\"\" loading=\"lazy\" srcset=\"https:\/\/sissi3sd.fr\/wp-content\/uploads\/2020\/07\/black-electric-fan-three-dimensional-model-white-surface-fan-with-control-buttons-stand-simple-device-air-ventilation_101266-1430.jpg 626w, https:\/\/sissi3sd.fr\/wp-content\/uploads\/2020\/07\/black-electric-fan-three-dimensional-model-white-surface-fan-with-control-buttons-stand-simple-device-air-ventilation_101266-1430-300x300.jpg 300w, https:\/\/sissi3sd.fr\/wp-content\/uploads\/2020\/07\/black-electric-fan-three-dimensional-model-white-surface-fan-with-control-buttons-stand-simple-device-air-ventilation_101266-1430-150x150.jpg 150w, https:\/\/sissi3sd.fr\/wp-content\/uploads\/2020\/07\/black-electric-fan-three-dimensional-model-white-surface-fan-with-control-buttons-stand-simple-device-air-ventilation_101266-1430-146x146.jpg 146w, https:\/\/sissi3sd.fr\/wp-content\/uploads\/2020\/07\/black-electric-fan-three-dimensional-model-white-surface-fan-with-control-buttons-stand-simple-device-air-ventilation_101266-1430-50x50.jpg 50w, https:\/\/sissi3sd.fr\/wp-content\/uploads\/2020\/07\/black-electric-fan-three-dimensional-model-white-surface-fan-with-control-buttons-stand-simple-device-air-ventilation_101266-1430-75x75.jpg 75w, https:\/\/sissi3sd.fr\/wp-content\/uploads\/2020\/07\/black-electric-fan-three-dimensional-model-white-surface-fan-with-control-buttons-stand-simple-device-air-ventilation_101266-1430-85x85.jpg 85w, https:\/\/sissi3sd.fr\/wp-content\/uploads\/2020\/07\/black-electric-fan-three-dimensional-model-white-surface-fan-with-control-buttons-stand-simple-device-air-ventilation_101266-1430-80x80.jpg 80w\" sizes=\"(max-width: 626px) 100vw, 626px\" \/>\t\t\t\t\t\t\t\t\t\t\t\t\t\t<\/div>\n\t\t\t\t\t\t<\/div>\n\t\t\t\t<\/div>\n\t\t\t\t\t\t<\/div>\n\t\t\t\t\t<\/div>\n\t\t<\/div>\n\t\t\t\t\t\t\t\t<\/div>\n\t\t\t\t\t<\/div>\n\t\t<\/section>\n\t\t\t\t\t\t\t\t\t<\/div>\n\t\t\t<\/div>\n\t\t\t\t\t<\/div>\n\t\t","protected":false},"excerpt":{"rendered":"<p>Les ventilateurs peuvent \u00eatre utilis\u00e9s pour tous les fluides compressibles\u00a0; ils sont utilis\u00e9s tant pour le confort que dans l&rsquo;industrie. L&rsquo;\u00e9t\u00e9 un ventilateur fournit une sensation<span class=\"excerpt-hellip\"> [\u2026]<\/span><\/p>\n","protected":false},"author":1,"featured_media":0,"parent":0,"menu_order":0,"comment_status":"closed","ping_status":"closed","template":"","meta":[],"_links":{"self":[{"href":"https:\/\/sissi3sd.fr\/index.php?rest_route=\/wp\/v2\/pages\/763"}],"collection":[{"href":"https:\/\/sissi3sd.fr\/index.php?rest_route=\/wp\/v2\/pages"}],"about":[{"href":"https:\/\/sissi3sd.fr\/index.php?rest_route=\/wp\/v2\/types\/page"}],"author":[{"embeddable":true,"href":"https:\/\/sissi3sd.fr\/index.php?rest_route=\/wp\/v2\/users\/1"}],"replies":[{"embeddable":true,"href":"https:\/\/sissi3sd.fr\/index.php?rest_route=%2Fwp%2Fv2%2Fcomments&post=763"}],"version-history":[{"count":3,"href":"https:\/\/sissi3sd.fr\/index.php?rest_route=\/wp\/v2\/pages\/763\/revisions"}],"predecessor-version":[{"id":1178,"href":"https:\/\/sissi3sd.fr\/index.php?rest_route=\/wp\/v2\/pages\/763\/revisions\/1178"}],"wp:attachment":[{"href":"https:\/\/sissi3sd.fr\/index.php?rest_route=%2Fwp%2Fv2%2Fmedia&parent=763"}],"curies":[{"name":"wp","href":"https:\/\/api.w.org\/{rel}","templated":true}]}}