{"id":810,"date":"2020-06-29T20:24:38","date_gmt":"2020-06-29T20:24:38","guid":{"rendered":"https:\/\/sissi3sd.fr\/?page_id=810"},"modified":"2020-07-03T13:31:18","modified_gmt":"2020-07-03T13:31:18","slug":"lit-medicalise","status":"publish","type":"page","link":"https:\/\/sissi3sd.fr\/?page_id=810","title":{"rendered":"Lit m\u00e9dicalis\u00e9"},"content":{"rendered":"\t\t<div data-elementor-type=\"wp-page\" data-elementor-id=\"810\" class=\"elementor elementor-810\">\n\t\t\t\t\t\t<div class=\"elementor-inner\">\n\t\t\t\t<div class=\"elementor-section-wrap\">\n\t\t\t\t\t\t\t\t\t<section class=\"elementor-section elementor-top-section elementor-element elementor-element-dc03fff elementor-section-boxed elementor-section-height-default elementor-section-height-default\" data-id=\"dc03fff\" data-element_type=\"section\">\n\t\t\t\t\t\t<div class=\"elementor-container elementor-column-gap-default\">\n\t\t\t\t\t\t\t<div class=\"elementor-row\">\n\t\t\t\t\t<div class=\"elementor-column elementor-col-100 elementor-top-column elementor-element elementor-element-4626c5b\" data-id=\"4626c5b\" data-element_type=\"column\">\n\t\t\t<div class=\"elementor-column-wrap elementor-element-populated\">\n\t\t\t\t\t\t\t<div class=\"elementor-widget-wrap\">\n\t\t\t\t\t\t<div class=\"elementor-element elementor-element-e8d816e elementor-widget elementor-widget-text-editor\" data-id=\"e8d816e\" data-element_type=\"widget\" data-widget_type=\"text-editor.default\">\n\t\t\t\t<div class=\"elementor-widget-container\">\n\t\t\t\t\t\t\t\t<div class=\"elementor-text-editor elementor-clearfix\">\n\t\t\t\t<p>SISSI 3SD vous propose une gamme de lits m\u00e9dicalis\u00e9s s\u00e9lectionn\u00e9e aupr\u00e8s de fabricants fran\u00e7ais et europ\u00e9ens. Ces lits m\u00e9dicaux ont pour objectif de faciliter la vie des patients et des aidants \u00e0 travers des fonctions \u00e9lectriques ainsi que de leur apporter plus de s\u00e9curit\u00e9 gr\u00e2ce notamment aux barri\u00e8res anti-chute (optionnelles). Tous nos mod\u00e8les r\u00e9pondent aux normes les plus exigeantes de la communaut\u00e9 europ\u00e9enne et \u00e0 ce titre re\u00e7oivent le marquage CE.<\/p><p>CONTACTEZ-NOUS<\/p>\t\t\t\t\t<\/div>\n\t\t\t\t\t\t<\/div>\n\t\t\t\t<\/div>\n\t\t\t\t\t\t<\/div>\n\t\t\t\t\t<\/div>\n\t\t<\/div>\n\t\t\t\t\t\t\t\t<\/div>\n\t\t\t\t\t<\/div>\n\t\t<\/section>\n\t\t\t\t<section class=\"elementor-section elementor-top-section elementor-element elementor-element-dc29294 elementor-section-boxed elementor-section-height-default elementor-section-height-default\" data-id=\"dc29294\" data-element_type=\"section\">\n\t\t\t\t\t\t<div class=\"elementor-container elementor-column-gap-default\">\n\t\t\t\t\t\t\t<div class=\"elementor-row\">\n\t\t\t\t\t<div class=\"elementor-column elementor-col-33 elementor-top-column elementor-element elementor-element-02abd82\" data-id=\"02abd82\" data-element_type=\"column\">\n\t\t\t<div class=\"elementor-column-wrap elementor-element-populated\">\n\t\t\t\t\t\t\t<div class=\"elementor-widget-wrap\">\n\t\t\t\t\t\t<div class=\"elementor-element elementor-element-57a3115 elementor-widget elementor-widget-image\" data-id=\"57a3115\" data-element_type=\"widget\" data-widget_type=\"image.default\">\n\t\t\t\t<div class=\"elementor-widget-container\">\n\t\t\t\t\t\t\t\t<div class=\"elementor-image\">\n\t\t\t\t\t\t\t\t\t\t\t\t<img width=\"626\" height=\"408\" src=\"https:\/\/sissi3sd.fr\/wp-content\/uploads\/2020\/07\/hospital-ward-with-beds-medical-equipment_46527-119.jpg\" class=\"attachment-large size-large\" alt=\"\" loading=\"lazy\" srcset=\"https:\/\/sissi3sd.fr\/wp-content\/uploads\/2020\/07\/hospital-ward-with-beds-medical-equipment_46527-119.jpg 626w, https:\/\/sissi3sd.fr\/wp-content\/uploads\/2020\/07\/hospital-ward-with-beds-medical-equipment_46527-119-300x196.jpg 300w, https:\/\/sissi3sd.fr\/wp-content\/uploads\/2020\/07\/hospital-ward-with-beds-medical-equipment_46527-119-224x146.jpg 224w, https:\/\/sissi3sd.fr\/wp-content\/uploads\/2020\/07\/hospital-ward-with-beds-medical-equipment_46527-119-50x33.jpg 50w, https:\/\/sissi3sd.fr\/wp-content\/uploads\/2020\/07\/hospital-ward-with-beds-medical-equipment_46527-119-115x75.jpg 115w\" sizes=\"(max-width: 626px) 100vw, 626px\" \/>\t\t\t\t\t\t\t\t\t\t\t\t\t\t<\/div>\n\t\t\t\t\t\t<\/div>\n\t\t\t\t<\/div>\n\t\t\t\t\t\t<\/div>\n\t\t\t\t\t<\/div>\n\t\t<\/div>\n\t\t\t\t<div class=\"elementor-column elementor-col-33 elementor-top-column elementor-element elementor-element-cd3a122\" data-id=\"cd3a122\" data-element_type=\"column\">\n\t\t\t<div class=\"elementor-column-wrap elementor-element-populated\">\n\t\t\t\t\t\t\t<div class=\"elementor-widget-wrap\">\n\t\t\t\t\t\t<div class=\"elementor-element elementor-element-4c079c1 elementor-widget elementor-widget-image\" data-id=\"4c079c1\" data-element_type=\"widget\" data-widget_type=\"image.default\">\n\t\t\t\t<div class=\"elementor-widget-container\">\n\t\t\t\t\t\t\t\t<div class=\"elementor-image\">\n\t\t\t\t\t\t\t\t\t\t\t\t<img width=\"626\" height=\"939\" src=\"https:\/\/sissi3sd.fr\/wp-content\/uploads\/2020\/07\/couple-with-their-new-born-baby-ward_107420-73847.jpg\" class=\"attachment-large size-large\" alt=\"\" loading=\"lazy\" srcset=\"https:\/\/sissi3sd.fr\/wp-content\/uploads\/2020\/07\/couple-with-their-new-born-baby-ward_107420-73847.jpg 626w, https:\/\/sissi3sd.fr\/wp-content\/uploads\/2020\/07\/couple-with-their-new-born-baby-ward_107420-73847-200x300.jpg 200w, https:\/\/sissi3sd.fr\/wp-content\/uploads\/2020\/07\/couple-with-their-new-born-baby-ward_107420-73847-97x146.jpg 97w, https:\/\/sissi3sd.fr\/wp-content\/uploads\/2020\/07\/couple-with-their-new-born-baby-ward_107420-73847-33x50.jpg 33w, https:\/\/sissi3sd.fr\/wp-content\/uploads\/2020\/07\/couple-with-their-new-born-baby-ward_107420-73847-50x75.jpg 50w\" sizes=\"(max-width: 626px) 100vw, 626px\" \/>\t\t\t\t\t\t\t\t\t\t\t\t\t\t<\/div>\n\t\t\t\t\t\t<\/div>\n\t\t\t\t<\/div>\n\t\t\t\t\t\t<\/div>\n\t\t\t\t\t<\/div>\n\t\t<\/div>\n\t\t\t\t<div class=\"elementor-column elementor-col-33 elementor-top-column elementor-element elementor-element-311d6ff\" data-id=\"311d6ff\" data-element_type=\"column\">\n\t\t\t<div class=\"elementor-column-wrap elementor-element-populated\">\n\t\t\t\t\t\t\t<div class=\"elementor-widget-wrap\">\n\t\t\t\t\t\t<div class=\"elementor-element elementor-element-8e9cd9f elementor-widget elementor-widget-image\" data-id=\"8e9cd9f\" data-element_type=\"widget\" data-widget_type=\"image.default\">\n\t\t\t\t<div class=\"elementor-widget-container\">\n\t\t\t\t\t\t\t\t<div class=\"elementor-image\">\n\t\t\t\t\t\t\t\t\t\t\t\t<img width=\"626\" height=\"417\" src=\"https:\/\/sissi3sd.fr\/wp-content\/uploads\/2020\/07\/patient-woman-sleep-bed_31963-115.jpg\" class=\"attachment-large size-large\" alt=\"\" loading=\"lazy\" srcset=\"https:\/\/sissi3sd.fr\/wp-content\/uploads\/2020\/07\/patient-woman-sleep-bed_31963-115.jpg 626w, https:\/\/sissi3sd.fr\/wp-content\/uploads\/2020\/07\/patient-woman-sleep-bed_31963-115-300x200.jpg 300w, https:\/\/sissi3sd.fr\/wp-content\/uploads\/2020\/07\/patient-woman-sleep-bed_31963-115-219x146.jpg 219w, https:\/\/sissi3sd.fr\/wp-content\/uploads\/2020\/07\/patient-woman-sleep-bed_31963-115-50x33.jpg 50w, https:\/\/sissi3sd.fr\/wp-content\/uploads\/2020\/07\/patient-woman-sleep-bed_31963-115-113x75.jpg 113w\" sizes=\"(max-width: 626px) 100vw, 626px\" \/>\t\t\t\t\t\t\t\t\t\t\t\t\t\t<\/div>\n\t\t\t\t\t\t<\/div>\n\t\t\t\t<\/div>\n\t\t\t\t\t\t<\/div>\n\t\t\t\t\t<\/div>\n\t\t<\/div>\n\t\t\t\t\t\t\t\t<\/div>\n\t\t\t\t\t<\/div>\n\t\t<\/section>\n\t\t\t\t\t\t\t\t\t<\/div>\n\t\t\t<\/div>\n\t\t\t\t\t<\/div>\n\t\t","protected":false},"excerpt":{"rendered":"<p>SISSI 3SD vous propose une gamme de lits m\u00e9dicalis\u00e9s s\u00e9lectionn\u00e9e aupr\u00e8s de fabricants fran\u00e7ais et europ\u00e9ens. Ces lits m\u00e9dicaux ont pour objectif de faciliter la vie<span class=\"excerpt-hellip\"> [\u2026]<\/span><\/p>\n","protected":false},"author":1,"featured_media":0,"parent":0,"menu_order":0,"comment_status":"closed","ping_status":"closed","template":"","meta":[],"_links":{"self":[{"href":"https:\/\/sissi3sd.fr\/index.php?rest_route=\/wp\/v2\/pages\/810"}],"collection":[{"href":"https:\/\/sissi3sd.fr\/index.php?rest_route=\/wp\/v2\/pages"}],"about":[{"href":"https:\/\/sissi3sd.fr\/index.php?rest_route=\/wp\/v2\/types\/page"}],"author":[{"embeddable":true,"href":"https:\/\/sissi3sd.fr\/index.php?rest_route=\/wp\/v2\/users\/1"}],"replies":[{"embeddable":true,"href":"https:\/\/sissi3sd.fr\/index.php?rest_route=%2Fwp%2Fv2%2Fcomments&post=810"}],"version-history":[{"count":3,"href":"https:\/\/sissi3sd.fr\/index.php?rest_route=\/wp\/v2\/pages\/810\/revisions"}],"predecessor-version":[{"id":1116,"href":"https:\/\/sissi3sd.fr\/index.php?rest_route=\/wp\/v2\/pages\/810\/revisions\/1116"}],"wp:attachment":[{"href":"https:\/\/sissi3sd.fr\/index.php?rest_route=%2Fwp%2Fv2%2Fmedia&parent=810"}],"curies":[{"name":"wp","href":"https:\/\/api.w.org\/{rel}","templated":true}]}}