{"id":812,"date":"2020-06-29T20:24:59","date_gmt":"2020-06-29T20:24:59","guid":{"rendered":"https:\/\/sissi3sd.fr\/?page_id=812"},"modified":"2020-07-13T14:49:00","modified_gmt":"2020-07-13T14:49:00","slug":"deambulateur","status":"publish","type":"page","link":"https:\/\/sissi3sd.fr\/?page_id=812","title":{"rendered":"D\u00e9ambulateur"},"content":{"rendered":"\t\t<div data-elementor-type=\"wp-page\" data-elementor-id=\"812\" class=\"elementor elementor-812\">\n\t\t\t\t\t\t<div class=\"elementor-inner\">\n\t\t\t\t<div class=\"elementor-section-wrap\">\n\t\t\t\t\t\t\t\t\t<section class=\"elementor-section elementor-top-section elementor-element elementor-element-24aa224 elementor-section-boxed elementor-section-height-default elementor-section-height-default\" data-id=\"24aa224\" data-element_type=\"section\">\n\t\t\t\t\t\t<div class=\"elementor-container elementor-column-gap-default\">\n\t\t\t\t\t\t\t<div class=\"elementor-row\">\n\t\t\t\t\t<div class=\"elementor-column elementor-col-100 elementor-top-column elementor-element elementor-element-66cbd54\" data-id=\"66cbd54\" data-element_type=\"column\">\n\t\t\t<div class=\"elementor-column-wrap elementor-element-populated\">\n\t\t\t\t\t\t\t<div class=\"elementor-widget-wrap\">\n\t\t\t\t\t\t<div class=\"elementor-element elementor-element-970cb5a elementor-widget elementor-widget-text-editor\" data-id=\"970cb5a\" data-element_type=\"widget\" data-widget_type=\"text-editor.default\">\n\t\t\t\t<div class=\"elementor-widget-container\">\n\t\t\t\t\t\t\t\t<div class=\"elementor-text-editor elementor-clearfix\">\n\t\t\t\t<p>D\u00e9couvrez notre gamme\u00a0compl\u00e8te de d\u00e9ambulateurs pour r\u00e9pondre \u00e0 tous vos besoins de mobilit\u00e9.<\/p><p>Id\u00e9al\u00a0pour les personnes rencontrant des troubles de l&rsquo;\u00e9quilibre ou chutant fr\u00e9quemment, le\u00a0<strong>d\u00e9ambulateur<\/strong> est une aide \u00e0 la marche permettant de rester autonome. SISSI 3SD a s\u00e9lectionn\u00e9 pour vous plus de 50 mod\u00e8les : d\u00e9ambulateur \u00e0 roulettes, d\u00e9ambulateur 2, 3 ou 4 roues (rollator), pliable, avec assise, panier et\/ou appui ante brachial&#8230; Vous trouverez aussi dans cette s\u00e9lection cadres de marche et des d\u00e9ambulateurs chariot de courses. Nous proposons \u00e9galement des accessoires pour d\u00e9ambulateurs : sac, plateau, panier, portes-canne, assise&#8230;<\/p>\t\t\t\t\t<\/div>\n\t\t\t\t\t\t<\/div>\n\t\t\t\t<\/div>\n\t\t\t\t\t\t<\/div>\n\t\t\t\t\t<\/div>\n\t\t<\/div>\n\t\t\t\t\t\t\t\t<\/div>\n\t\t\t\t\t<\/div>\n\t\t<\/section>\n\t\t\t\t<section class=\"elementor-section elementor-top-section elementor-element elementor-element-3bcd5cd elementor-section-boxed elementor-section-height-default elementor-section-height-default\" data-id=\"3bcd5cd\" data-element_type=\"section\">\n\t\t\t\t\t\t<div class=\"elementor-container elementor-column-gap-default\">\n\t\t\t\t\t\t\t<div class=\"elementor-row\">\n\t\t\t\t\t<div class=\"elementor-column elementor-col-33 elementor-top-column elementor-element elementor-element-500f122\" data-id=\"500f122\" data-element_type=\"column\">\n\t\t\t<div class=\"elementor-column-wrap elementor-element-populated\">\n\t\t\t\t\t\t\t<div class=\"elementor-widget-wrap\">\n\t\t\t\t\t\t<div class=\"elementor-element elementor-element-9e7ca29 elementor-widget elementor-widget-image\" data-id=\"9e7ca29\" data-element_type=\"widget\" data-widget_type=\"image.default\">\n\t\t\t\t<div class=\"elementor-widget-container\">\n\t\t\t\t\t\t\t\t<div class=\"elementor-image\">\n\t\t\t\t\t\t\t\t\t\t\t\t<img width=\"626\" height=\"417\" src=\"https:\/\/sissi3sd.fr\/wp-content\/uploads\/2020\/07\/elderly-woman-with-walker-park_1098-3095-1.jpg\" class=\"attachment-large size-large\" alt=\"\" loading=\"lazy\" srcset=\"https:\/\/sissi3sd.fr\/wp-content\/uploads\/2020\/07\/elderly-woman-with-walker-park_1098-3095-1.jpg 626w, https:\/\/sissi3sd.fr\/wp-content\/uploads\/2020\/07\/elderly-woman-with-walker-park_1098-3095-1-300x200.jpg 300w, https:\/\/sissi3sd.fr\/wp-content\/uploads\/2020\/07\/elderly-woman-with-walker-park_1098-3095-1-219x146.jpg 219w, https:\/\/sissi3sd.fr\/wp-content\/uploads\/2020\/07\/elderly-woman-with-walker-park_1098-3095-1-50x33.jpg 50w, https:\/\/sissi3sd.fr\/wp-content\/uploads\/2020\/07\/elderly-woman-with-walker-park_1098-3095-1-113x75.jpg 113w\" sizes=\"(max-width: 626px) 100vw, 626px\" \/>\t\t\t\t\t\t\t\t\t\t\t\t\t\t<\/div>\n\t\t\t\t\t\t<\/div>\n\t\t\t\t<\/div>\n\t\t\t\t\t\t<\/div>\n\t\t\t\t\t<\/div>\n\t\t<\/div>\n\t\t\t\t<div class=\"elementor-column elementor-col-33 elementor-top-column elementor-element elementor-element-cce5bd4\" data-id=\"cce5bd4\" data-element_type=\"column\">\n\t\t\t<div class=\"elementor-column-wrap elementor-element-populated\">\n\t\t\t\t\t\t\t<div class=\"elementor-widget-wrap\">\n\t\t\t\t\t\t<div class=\"elementor-element elementor-element-fbca302 elementor-widget elementor-widget-image\" data-id=\"fbca302\" data-element_type=\"widget\" data-widget_type=\"image.default\">\n\t\t\t\t<div class=\"elementor-widget-container\">\n\t\t\t\t\t\t\t\t<div class=\"elementor-image\">\n\t\t\t\t\t\t\t\t\t\t\t\t<img width=\"626\" height=\"417\" src=\"https:\/\/sissi3sd.fr\/wp-content\/uploads\/2020\/07\/family-meeting-park-relatives-happy-together_85574-9829.jpg\" class=\"attachment-large size-large\" alt=\"\" loading=\"lazy\" srcset=\"https:\/\/sissi3sd.fr\/wp-content\/uploads\/2020\/07\/family-meeting-park-relatives-happy-together_85574-9829.jpg 626w, https:\/\/sissi3sd.fr\/wp-content\/uploads\/2020\/07\/family-meeting-park-relatives-happy-together_85574-9829-300x200.jpg 300w, https:\/\/sissi3sd.fr\/wp-content\/uploads\/2020\/07\/family-meeting-park-relatives-happy-together_85574-9829-219x146.jpg 219w, https:\/\/sissi3sd.fr\/wp-content\/uploads\/2020\/07\/family-meeting-park-relatives-happy-together_85574-9829-50x33.jpg 50w, https:\/\/sissi3sd.fr\/wp-content\/uploads\/2020\/07\/family-meeting-park-relatives-happy-together_85574-9829-113x75.jpg 113w\" sizes=\"(max-width: 626px) 100vw, 626px\" \/>\t\t\t\t\t\t\t\t\t\t\t\t\t\t<\/div>\n\t\t\t\t\t\t<\/div>\n\t\t\t\t<\/div>\n\t\t\t\t\t\t<\/div>\n\t\t\t\t\t<\/div>\n\t\t<\/div>\n\t\t\t\t<div class=\"elementor-column elementor-col-33 elementor-top-column elementor-element elementor-element-1a60910\" data-id=\"1a60910\" data-element_type=\"column\">\n\t\t\t<div class=\"elementor-column-wrap elementor-element-populated\">\n\t\t\t\t\t\t\t<div class=\"elementor-widget-wrap\">\n\t\t\t\t\t\t<div class=\"elementor-element elementor-element-24a1414 elementor-widget elementor-widget-image\" data-id=\"24a1414\" data-element_type=\"widget\" data-widget_type=\"image.default\">\n\t\t\t\t<div class=\"elementor-widget-container\">\n\t\t\t\t\t\t\t\t<div class=\"elementor-image\">\n\t\t\t\t\t\t\t\t\t\t\t\t<img width=\"626\" height=\"417\" src=\"https:\/\/sissi3sd.fr\/wp-content\/uploads\/2020\/07\/nurse-helps-pensioner-walk-park-adult-stilts_85574-1805.jpg\" class=\"attachment-large size-large\" alt=\"\" loading=\"lazy\" srcset=\"https:\/\/sissi3sd.fr\/wp-content\/uploads\/2020\/07\/nurse-helps-pensioner-walk-park-adult-stilts_85574-1805.jpg 626w, https:\/\/sissi3sd.fr\/wp-content\/uploads\/2020\/07\/nurse-helps-pensioner-walk-park-adult-stilts_85574-1805-300x200.jpg 300w, https:\/\/sissi3sd.fr\/wp-content\/uploads\/2020\/07\/nurse-helps-pensioner-walk-park-adult-stilts_85574-1805-219x146.jpg 219w, https:\/\/sissi3sd.fr\/wp-content\/uploads\/2020\/07\/nurse-helps-pensioner-walk-park-adult-stilts_85574-1805-50x33.jpg 50w, https:\/\/sissi3sd.fr\/wp-content\/uploads\/2020\/07\/nurse-helps-pensioner-walk-park-adult-stilts_85574-1805-113x75.jpg 113w\" sizes=\"(max-width: 626px) 100vw, 626px\" \/>\t\t\t\t\t\t\t\t\t\t\t\t\t\t<\/div>\n\t\t\t\t\t\t<\/div>\n\t\t\t\t<\/div>\n\t\t\t\t\t\t<\/div>\n\t\t\t\t\t<\/div>\n\t\t<\/div>\n\t\t\t\t\t\t\t\t<\/div>\n\t\t\t\t\t<\/div>\n\t\t<\/section>\n\t\t\t\t<section class=\"elementor-section elementor-top-section elementor-element elementor-element-bf20e5d elementor-section-boxed elementor-section-height-default elementor-section-height-default\" data-id=\"bf20e5d\" data-element_type=\"section\">\n\t\t\t\t\t\t<div class=\"elementor-container elementor-column-gap-default\">\n\t\t\t\t\t\t\t<div class=\"elementor-row\">\n\t\t\t\t\t<div class=\"elementor-column elementor-col-100 elementor-top-column elementor-element elementor-element-f1ca4f0\" data-id=\"f1ca4f0\" data-element_type=\"column\">\n\t\t\t<div class=\"elementor-column-wrap elementor-element-populated\">\n\t\t\t\t\t\t\t<div class=\"elementor-widget-wrap\">\n\t\t\t\t\t\t<div class=\"elementor-element elementor-element-a748dfd elementor-widget elementor-widget-image\" data-id=\"a748dfd\" data-element_type=\"widget\" data-widget_type=\"image.default\">\n\t\t\t\t<div class=\"elementor-widget-container\">\n\t\t\t\t\t\t\t\t<div class=\"elementor-image\">\n\t\t\t\t\t\t\t\t\t\t\t\t<img width=\"626\" height=\"370\" src=\"https:\/\/sissi3sd.fr\/wp-content\/uploads\/2020\/07\/patient-rollator-with-hand-brakes-moving-hospital_179755-877.jpg\" class=\"attachment-large size-large\" alt=\"\" loading=\"lazy\" srcset=\"https:\/\/sissi3sd.fr\/wp-content\/uploads\/2020\/07\/patient-rollator-with-hand-brakes-moving-hospital_179755-877.jpg 626w, https:\/\/sissi3sd.fr\/wp-content\/uploads\/2020\/07\/patient-rollator-with-hand-brakes-moving-hospital_179755-877-300x177.jpg 300w, https:\/\/sissi3sd.fr\/wp-content\/uploads\/2020\/07\/patient-rollator-with-hand-brakes-moving-hospital_179755-877-247x146.jpg 247w, https:\/\/sissi3sd.fr\/wp-content\/uploads\/2020\/07\/patient-rollator-with-hand-brakes-moving-hospital_179755-877-50x30.jpg 50w, https:\/\/sissi3sd.fr\/wp-content\/uploads\/2020\/07\/patient-rollator-with-hand-brakes-moving-hospital_179755-877-127x75.jpg 127w\" sizes=\"(max-width: 626px) 100vw, 626px\" \/>\t\t\t\t\t\t\t\t\t\t\t\t\t\t<\/div>\n\t\t\t\t\t\t<\/div>\n\t\t\t\t<\/div>\n\t\t\t\t\t\t<\/div>\n\t\t\t\t\t<\/div>\n\t\t<\/div>\n\t\t\t\t\t\t\t\t<\/div>\n\t\t\t\t\t<\/div>\n\t\t<\/section>\n\t\t\t\t\t\t\t\t\t<\/div>\n\t\t\t<\/div>\n\t\t\t\t\t<\/div>\n\t\t","protected":false},"excerpt":{"rendered":"<p>D\u00e9couvrez notre gamme\u00a0compl\u00e8te de d\u00e9ambulateurs pour r\u00e9pondre \u00e0 tous vos besoins de mobilit\u00e9. Id\u00e9al\u00a0pour les personnes rencontrant des troubles de l&rsquo;\u00e9quilibre ou chutant fr\u00e9quemment, le\u00a0d\u00e9ambulateur est<span class=\"excerpt-hellip\"> [\u2026]<\/span><\/p>\n","protected":false},"author":1,"featured_media":0,"parent":0,"menu_order":0,"comment_status":"closed","ping_status":"closed","template":"","meta":[],"_links":{"self":[{"href":"https:\/\/sissi3sd.fr\/index.php?rest_route=\/wp\/v2\/pages\/812"}],"collection":[{"href":"https:\/\/sissi3sd.fr\/index.php?rest_route=\/wp\/v2\/pages"}],"about":[{"href":"https:\/\/sissi3sd.fr\/index.php?rest_route=\/wp\/v2\/types\/page"}],"author":[{"embeddable":true,"href":"https:\/\/sissi3sd.fr\/index.php?rest_route=\/wp\/v2\/users\/1"}],"replies":[{"embeddable":true,"href":"https:\/\/sissi3sd.fr\/index.php?rest_route=%2Fwp%2Fv2%2Fcomments&post=812"}],"version-history":[{"count":4,"href":"https:\/\/sissi3sd.fr\/index.php?rest_route=\/wp\/v2\/pages\/812\/revisions"}],"predecessor-version":[{"id":1194,"href":"https:\/\/sissi3sd.fr\/index.php?rest_route=\/wp\/v2\/pages\/812\/revisions\/1194"}],"wp:attachment":[{"href":"https:\/\/sissi3sd.fr\/index.php?rest_route=%2Fwp%2Fv2%2Fmedia&parent=812"}],"curies":[{"name":"wp","href":"https:\/\/api.w.org\/{rel}","templated":true}]}}