{"id":814,"date":"2020-06-29T20:25:24","date_gmt":"2020-06-29T20:25:24","guid":{"rendered":"https:\/\/sissi3sd.fr\/?page_id=814"},"modified":"2020-07-13T14:55:18","modified_gmt":"2020-07-13T14:55:18","slug":"canne-anglaise","status":"publish","type":"page","link":"https:\/\/sissi3sd.fr\/?page_id=814","title":{"rendered":"Canne anglaise"},"content":{"rendered":"\t\t<div data-elementor-type=\"wp-page\" data-elementor-id=\"814\" class=\"elementor elementor-814\">\n\t\t\t\t\t\t<div class=\"elementor-inner\">\n\t\t\t\t<div class=\"elementor-section-wrap\">\n\t\t\t\t\t\t\t\t\t<section class=\"elementor-section elementor-top-section elementor-element elementor-element-220ac4c elementor-section-boxed elementor-section-height-default elementor-section-height-default\" data-id=\"220ac4c\" data-element_type=\"section\">\n\t\t\t\t\t\t<div class=\"elementor-container elementor-column-gap-default\">\n\t\t\t\t\t\t\t<div class=\"elementor-row\">\n\t\t\t\t\t<div class=\"elementor-column elementor-col-100 elementor-top-column elementor-element elementor-element-c612082\" data-id=\"c612082\" data-element_type=\"column\">\n\t\t\t<div class=\"elementor-column-wrap elementor-element-populated\">\n\t\t\t\t\t\t\t<div class=\"elementor-widget-wrap\">\n\t\t\t\t\t\t<div class=\"elementor-element elementor-element-c5a6604 elementor-widget elementor-widget-text-editor\" data-id=\"c5a6604\" data-element_type=\"widget\" data-widget_type=\"text-editor.default\">\n\t\t\t\t<div class=\"elementor-widget-container\">\n\t\t\t\t\t\t\t\t<div class=\"elementor-text-editor elementor-clearfix\">\n\t\t\t\t<p>SISSI 3SD vous propose des b\u00e9quilles (aussi appel\u00e9es cannes anglaises) pour vous aider \u00e0 vous d\u00e9placer lorsqu&rsquo;un de vos membres inf\u00e9rieur est immobilis\u00e9. Nos b\u00e9quilles sont g\u00e9n\u00e9ralement compos\u00e9es d&rsquo;un tube d&rsquo;aluminium sur lequel est fix\u00e9 des poign\u00e9es ergonomiques qui permettent \u00e0 l&rsquo;utilisateur de prendre appui.<\/p>\t\t\t\t\t<\/div>\n\t\t\t\t\t\t<\/div>\n\t\t\t\t<\/div>\n\t\t\t\t\t\t<\/div>\n\t\t\t\t\t<\/div>\n\t\t<\/div>\n\t\t\t\t\t\t\t\t<\/div>\n\t\t\t\t\t<\/div>\n\t\t<\/section>\n\t\t\t\t<section class=\"elementor-section elementor-top-section elementor-element elementor-element-669f32b elementor-section-boxed elementor-section-height-default elementor-section-height-default\" data-id=\"669f32b\" data-element_type=\"section\">\n\t\t\t\t\t\t<div class=\"elementor-container elementor-column-gap-default\">\n\t\t\t\t\t\t\t<div class=\"elementor-row\">\n\t\t\t\t\t<div class=\"elementor-column elementor-col-33 elementor-top-column elementor-element elementor-element-7dc1ce8\" data-id=\"7dc1ce8\" data-element_type=\"column\">\n\t\t\t<div class=\"elementor-column-wrap elementor-element-populated\">\n\t\t\t\t\t\t\t<div class=\"elementor-widget-wrap\">\n\t\t\t\t\t\t<div class=\"elementor-element elementor-element-895fd53 elementor-widget elementor-widget-image\" data-id=\"895fd53\" data-element_type=\"widget\" data-widget_type=\"image.default\">\n\t\t\t\t<div class=\"elementor-widget-container\">\n\t\t\t\t\t\t\t\t<div class=\"elementor-image\">\n\t\t\t\t\t\t\t\t\t\t\t\t<img width=\"626\" height=\"939\" src=\"https:\/\/sissi3sd.fr\/wp-content\/uploads\/2020\/07\/woman-standing-with-crutch-smiling-camera_13339-248022.jpg\" class=\"attachment-large size-large\" alt=\"\" loading=\"lazy\" srcset=\"https:\/\/sissi3sd.fr\/wp-content\/uploads\/2020\/07\/woman-standing-with-crutch-smiling-camera_13339-248022.jpg 626w, https:\/\/sissi3sd.fr\/wp-content\/uploads\/2020\/07\/woman-standing-with-crutch-smiling-camera_13339-248022-200x300.jpg 200w, https:\/\/sissi3sd.fr\/wp-content\/uploads\/2020\/07\/woman-standing-with-crutch-smiling-camera_13339-248022-97x146.jpg 97w, https:\/\/sissi3sd.fr\/wp-content\/uploads\/2020\/07\/woman-standing-with-crutch-smiling-camera_13339-248022-33x50.jpg 33w, https:\/\/sissi3sd.fr\/wp-content\/uploads\/2020\/07\/woman-standing-with-crutch-smiling-camera_13339-248022-50x75.jpg 50w\" sizes=\"(max-width: 626px) 100vw, 626px\" \/>\t\t\t\t\t\t\t\t\t\t\t\t\t\t<\/div>\n\t\t\t\t\t\t<\/div>\n\t\t\t\t<\/div>\n\t\t\t\t\t\t<\/div>\n\t\t\t\t\t<\/div>\n\t\t<\/div>\n\t\t\t\t<div class=\"elementor-column elementor-col-33 elementor-top-column elementor-element elementor-element-34d0165\" data-id=\"34d0165\" data-element_type=\"column\">\n\t\t\t<div class=\"elementor-column-wrap elementor-element-populated\">\n\t\t\t\t\t\t\t<div class=\"elementor-widget-wrap\">\n\t\t\t\t\t\t<div class=\"elementor-element elementor-element-50ec5d3 elementor-widget elementor-widget-image\" data-id=\"50ec5d3\" data-element_type=\"widget\" data-widget_type=\"image.default\">\n\t\t\t\t<div class=\"elementor-widget-container\">\n\t\t\t\t\t\t\t\t<div class=\"elementor-image\">\n\t\t\t\t\t\t\t\t\t\t\t\t<img width=\"626\" height=\"939\" src=\"https:\/\/sissi3sd.fr\/wp-content\/uploads\/2020\/07\/therapist-gesturing-thumbs-up-with-disabled-patient_13339-140212.jpg\" class=\"attachment-large size-large\" alt=\"\" loading=\"lazy\" srcset=\"https:\/\/sissi3sd.fr\/wp-content\/uploads\/2020\/07\/therapist-gesturing-thumbs-up-with-disabled-patient_13339-140212.jpg 626w, https:\/\/sissi3sd.fr\/wp-content\/uploads\/2020\/07\/therapist-gesturing-thumbs-up-with-disabled-patient_13339-140212-200x300.jpg 200w, https:\/\/sissi3sd.fr\/wp-content\/uploads\/2020\/07\/therapist-gesturing-thumbs-up-with-disabled-patient_13339-140212-97x146.jpg 97w, https:\/\/sissi3sd.fr\/wp-content\/uploads\/2020\/07\/therapist-gesturing-thumbs-up-with-disabled-patient_13339-140212-33x50.jpg 33w, https:\/\/sissi3sd.fr\/wp-content\/uploads\/2020\/07\/therapist-gesturing-thumbs-up-with-disabled-patient_13339-140212-50x75.jpg 50w\" sizes=\"(max-width: 626px) 100vw, 626px\" \/>\t\t\t\t\t\t\t\t\t\t\t\t\t\t<\/div>\n\t\t\t\t\t\t<\/div>\n\t\t\t\t<\/div>\n\t\t\t\t\t\t<\/div>\n\t\t\t\t\t<\/div>\n\t\t<\/div>\n\t\t\t\t<div class=\"elementor-column elementor-col-33 elementor-top-column elementor-element elementor-element-217c32d\" data-id=\"217c32d\" data-element_type=\"column\">\n\t\t\t<div class=\"elementor-column-wrap elementor-element-populated\">\n\t\t\t\t\t\t\t<div class=\"elementor-widget-wrap\">\n\t\t\t\t\t\t<div class=\"elementor-element elementor-element-ac33cac elementor-widget elementor-widget-image\" data-id=\"ac33cac\" data-element_type=\"widget\" data-widget_type=\"image.default\">\n\t\t\t\t<div class=\"elementor-widget-container\">\n\t\t\t\t\t\t\t\t<div class=\"elementor-image\">\n\t\t\t\t\t\t\t\t\t\t\t\t<img width=\"626\" height=\"417\" src=\"https:\/\/sissi3sd.fr\/wp-content\/uploads\/2020\/07\/rehabilitation-handicapped-man-outdoor_85574-1671.jpg\" class=\"attachment-large size-large\" alt=\"\" loading=\"lazy\" srcset=\"https:\/\/sissi3sd.fr\/wp-content\/uploads\/2020\/07\/rehabilitation-handicapped-man-outdoor_85574-1671.jpg 626w, https:\/\/sissi3sd.fr\/wp-content\/uploads\/2020\/07\/rehabilitation-handicapped-man-outdoor_85574-1671-300x200.jpg 300w, https:\/\/sissi3sd.fr\/wp-content\/uploads\/2020\/07\/rehabilitation-handicapped-man-outdoor_85574-1671-219x146.jpg 219w, https:\/\/sissi3sd.fr\/wp-content\/uploads\/2020\/07\/rehabilitation-handicapped-man-outdoor_85574-1671-50x33.jpg 50w, https:\/\/sissi3sd.fr\/wp-content\/uploads\/2020\/07\/rehabilitation-handicapped-man-outdoor_85574-1671-113x75.jpg 113w\" sizes=\"(max-width: 626px) 100vw, 626px\" \/>\t\t\t\t\t\t\t\t\t\t\t\t\t\t<\/div>\n\t\t\t\t\t\t<\/div>\n\t\t\t\t<\/div>\n\t\t\t\t\t\t<\/div>\n\t\t\t\t\t<\/div>\n\t\t<\/div>\n\t\t\t\t\t\t\t\t<\/div>\n\t\t\t\t\t<\/div>\n\t\t<\/section>\n\t\t\t\t\t\t\t\t\t<\/div>\n\t\t\t<\/div>\n\t\t\t\t\t<\/div>\n\t\t","protected":false},"excerpt":{"rendered":"<p>SISSI 3SD vous propose des b\u00e9quilles (aussi appel\u00e9es cannes anglaises) pour vous aider \u00e0 vous d\u00e9placer lorsqu&rsquo;un de vos membres inf\u00e9rieur est immobilis\u00e9. Nos b\u00e9quilles sont<span class=\"excerpt-hellip\"> [\u2026]<\/span><\/p>\n","protected":false},"author":1,"featured_media":0,"parent":0,"menu_order":0,"comment_status":"closed","ping_status":"closed","template":"","meta":[],"_links":{"self":[{"href":"https:\/\/sissi3sd.fr\/index.php?rest_route=\/wp\/v2\/pages\/814"}],"collection":[{"href":"https:\/\/sissi3sd.fr\/index.php?rest_route=\/wp\/v2\/pages"}],"about":[{"href":"https:\/\/sissi3sd.fr\/index.php?rest_route=\/wp\/v2\/types\/page"}],"author":[{"embeddable":true,"href":"https:\/\/sissi3sd.fr\/index.php?rest_route=\/wp\/v2\/users\/1"}],"replies":[{"embeddable":true,"href":"https:\/\/sissi3sd.fr\/index.php?rest_route=%2Fwp%2Fv2%2Fcomments&post=814"}],"version-history":[{"count":4,"href":"https:\/\/sissi3sd.fr\/index.php?rest_route=\/wp\/v2\/pages\/814\/revisions"}],"predecessor-version":[{"id":1201,"href":"https:\/\/sissi3sd.fr\/index.php?rest_route=\/wp\/v2\/pages\/814\/revisions\/1201"}],"wp:attachment":[{"href":"https:\/\/sissi3sd.fr\/index.php?rest_route=%2Fwp%2Fv2%2Fmedia&parent=814"}],"curies":[{"name":"wp","href":"https:\/\/api.w.org\/{rel}","templated":true}]}}