{"id":831,"date":"2020-06-29T20:37:47","date_gmt":"2020-06-29T20:37:47","guid":{"rendered":"https:\/\/sissi3sd.fr\/?page_id=831"},"modified":"2020-07-01T14:32:05","modified_gmt":"2020-07-01T14:32:05","slug":"gel-hydro-alcoolique","status":"publish","type":"page","link":"https:\/\/sissi3sd.fr\/?page_id=831","title":{"rendered":"Gel hydro alcoolique"},"content":{"rendered":"\t\t<div data-elementor-type=\"wp-page\" data-elementor-id=\"831\" class=\"elementor elementor-831\">\n\t\t\t\t\t\t<div class=\"elementor-inner\">\n\t\t\t\t<div class=\"elementor-section-wrap\">\n\t\t\t\t\t\t\t\t\t<section class=\"elementor-section elementor-top-section elementor-element elementor-element-fa66805 elementor-section-boxed elementor-section-height-default elementor-section-height-default\" data-id=\"fa66805\" data-element_type=\"section\">\n\t\t\t\t\t\t<div class=\"elementor-container elementor-column-gap-default\">\n\t\t\t\t\t\t\t<div class=\"elementor-row\">\n\t\t\t\t\t<div class=\"elementor-column elementor-col-100 elementor-top-column elementor-element elementor-element-9c098e7\" data-id=\"9c098e7\" data-element_type=\"column\">\n\t\t\t<div class=\"elementor-column-wrap elementor-element-populated\">\n\t\t\t\t\t\t\t<div class=\"elementor-widget-wrap\">\n\t\t\t\t\t\t<div class=\"elementor-element elementor-element-e89dc31 elementor-widget elementor-widget-text-editor\" data-id=\"e89dc31\" data-element_type=\"widget\" data-widget_type=\"text-editor.default\">\n\t\t\t\t<div class=\"elementor-widget-container\">\n\t\t\t\t\t\t\t\t<div class=\"elementor-text-editor elementor-clearfix\">\n\t\t\t\t<h3 style=\"font-weight: 400;\"><strong>Gels hydroalcooliques et accessoires<\/strong><\/h3><p style=\"font-weight: 400;\"><strong>D\u00e9sinfectez-vous les mains en un rien de temps avec notre gamme de solutions hydroalcooliques.<\/strong><\/p><p style=\"font-weight: 400;\">La crise pand\u00e9mique du\u00a0<strong>COVID-19\u00a0<\/strong>implique des\u00a0<strong>gestes barri\u00e8re<\/strong>\u00a0que nous nous devons d&rsquo;adopter. Respecter les r\u00e8gles d\u2019hygi\u00e8ne<strong>\u00a0et de s\u00e9curit\u00e9 au travail<\/strong>\u00a0est essentiel pour se\u00a0<strong>prot\u00e9ger du coronavirus<\/strong>. C&rsquo;est pour cette m\u00eame raison que SISSI 3SD met \u00e0 votre disposition une s\u00e9lection de <strong>produits professionnels<\/strong>\u00a0pour vous accompagner au mieux dans vos prises de pr\u00e9cautions afin de faire face au\u00a0<strong>virus<\/strong>.<br \/><br \/>L&rsquo;utilisation de\u00a0<strong>gels hydroalcooliques<\/strong>\u00a0et autres\u00a0<strong>d\u00e9sinfectants pour les mains<\/strong> est la solution id\u00e9ale pour \u00e9viter la propagation des bact\u00e9ries et virus. SISSI 3SD vous propose donc diff\u00e9rentes <strong>lotions hydroalcooliques<\/strong>, tels\u00a0que le\u00a0<strong>gel pour les mains<\/strong>\u00a0disponible en conditionnement de 75 ml jusqu&rsquo;\u00e0 5 litres. Le\u00a0<strong>gel antibact\u00e9rien<\/strong>\u00a0agit gr\u00e2ce aux effets bact\u00e9ricides de l\u2019alcool, et \u00e0 la friction des mains r\u00e9alis\u00e9e par l\u2019utilisateur.\u00a0 Toutes nos\u00a0<strong>solutions hydroalcooliques<\/strong>\u00a0sont sans parfums ni colorants et \u00e0 utiliser\u00a0<strong>sans rin\u00e7age.<\/strong><\/p>\t\t\t\t\t<\/div>\n\t\t\t\t\t\t<\/div>\n\t\t\t\t<\/div>\n\t\t\t\t\t\t<\/div>\n\t\t\t\t\t<\/div>\n\t\t<\/div>\n\t\t\t\t\t\t\t\t<\/div>\n\t\t\t\t\t<\/div>\n\t\t<\/section>\n\t\t\t\t<section class=\"elementor-section elementor-top-section elementor-element elementor-element-5adf84c elementor-section-boxed elementor-section-height-default elementor-section-height-default\" data-id=\"5adf84c\" data-element_type=\"section\">\n\t\t\t\t\t\t<div class=\"elementor-container elementor-column-gap-default\">\n\t\t\t\t\t\t\t<div class=\"elementor-row\">\n\t\t\t\t\t<div class=\"elementor-column elementor-col-100 elementor-top-column elementor-element elementor-element-97749ef\" data-id=\"97749ef\" data-element_type=\"column\">\n\t\t\t<div class=\"elementor-column-wrap\">\n\t\t\t\t\t\t\t<div class=\"elementor-widget-wrap\">\n\t\t\t\t\t\t\t\t<\/div>\n\t\t\t\t\t<\/div>\n\t\t<\/div>\n\t\t\t\t\t\t\t\t<\/div>\n\t\t\t\t\t<\/div>\n\t\t<\/section>\n\t\t\t\t\t\t\t\t\t<\/div>\n\t\t\t<\/div>\n\t\t\t\t\t<\/div>\n\t\t","protected":false},"excerpt":{"rendered":"<p>Gels hydroalcooliques et accessoires D\u00e9sinfectez-vous les mains en un rien de temps avec notre gamme de solutions hydroalcooliques. La crise pand\u00e9mique du\u00a0COVID-19\u00a0implique des\u00a0gestes barri\u00e8re\u00a0que nous nous<span class=\"excerpt-hellip\"> [\u2026]<\/span><\/p>\n","protected":false},"author":1,"featured_media":0,"parent":0,"menu_order":0,"comment_status":"closed","ping_status":"closed","template":"","meta":[],"_links":{"self":[{"href":"https:\/\/sissi3sd.fr\/index.php?rest_route=\/wp\/v2\/pages\/831"}],"collection":[{"href":"https:\/\/sissi3sd.fr\/index.php?rest_route=\/wp\/v2\/pages"}],"about":[{"href":"https:\/\/sissi3sd.fr\/index.php?rest_route=\/wp\/v2\/types\/page"}],"author":[{"embeddable":true,"href":"https:\/\/sissi3sd.fr\/index.php?rest_route=\/wp\/v2\/users\/1"}],"replies":[{"embeddable":true,"href":"https:\/\/sissi3sd.fr\/index.php?rest_route=%2Fwp%2Fv2%2Fcomments&post=831"}],"version-history":[{"count":4,"href":"https:\/\/sissi3sd.fr\/index.php?rest_route=\/wp\/v2\/pages\/831\/revisions"}],"predecessor-version":[{"id":1080,"href":"https:\/\/sissi3sd.fr\/index.php?rest_route=\/wp\/v2\/pages\/831\/revisions\/1080"}],"wp:attachment":[{"href":"https:\/\/sissi3sd.fr\/index.php?rest_route=%2Fwp%2Fv2%2Fmedia&parent=831"}],"curies":[{"name":"wp","href":"https:\/\/api.w.org\/{rel}","templated":true}]}}