{"id":835,"date":"2020-06-29T20:38:40","date_gmt":"2020-06-29T20:38:40","guid":{"rendered":"https:\/\/sissi3sd.fr\/?page_id=835"},"modified":"2020-07-01T14:01:20","modified_gmt":"2020-07-01T14:01:20","slug":"masque-tissu-dga-coton","status":"publish","type":"page","link":"https:\/\/sissi3sd.fr\/?page_id=835","title":{"rendered":"Masque tissu DGA Coton"},"content":{"rendered":"\t\t<div data-elementor-type=\"wp-page\" data-elementor-id=\"835\" class=\"elementor elementor-835\">\n\t\t\t\t\t\t<div class=\"elementor-inner\">\n\t\t\t\t<div class=\"elementor-section-wrap\">\n\t\t\t\t\t\t\t\t\t<section class=\"elementor-section elementor-top-section elementor-element elementor-element-b9acb53 elementor-section-boxed elementor-section-height-default elementor-section-height-default\" data-id=\"b9acb53\" data-element_type=\"section\">\n\t\t\t\t\t\t<div class=\"elementor-container elementor-column-gap-default\">\n\t\t\t\t\t\t\t<div class=\"elementor-row\">\n\t\t\t\t\t<div class=\"elementor-column elementor-col-100 elementor-top-column elementor-element elementor-element-3f1e302\" data-id=\"3f1e302\" data-element_type=\"column\">\n\t\t\t<div class=\"elementor-column-wrap elementor-element-populated\">\n\t\t\t\t\t\t\t<div class=\"elementor-widget-wrap\">\n\t\t\t\t\t\t<div class=\"elementor-element elementor-element-9ac89c3 elementor-widget elementor-widget-text-editor\" data-id=\"9ac89c3\" data-element_type=\"widget\" data-widget_type=\"text-editor.default\">\n\t\t\t\t<div class=\"elementor-widget-container\">\n\t\t\t\t\t\t\t\t<div class=\"elementor-text-editor elementor-clearfix\">\n\t\t\t\t<p>SISSI3SD propose parmi sa large gamme de\u00a0<b>masques de protection lavables et r\u00e9utilisables<\/b>, des\u00a0<b>masques conformes aux recommandations de l&rsquo;AFNOR\u00a0(SPEC S76 001)\u00a0et dont le nombre de lavage a \u00e9t\u00e9 valid\u00e9 et v\u00e9rifi\u00e9 par la\u00a0DGA<\/b>. Ces masques de haute qualit\u00e9 sont con\u00e7us aupr\u00e8s de\u00a0<b>fabricants de masque<\/b>\u00a0exp\u00e9riment\u00e9s et testant leurs produits conform\u00e9ment aux normes en vigueur. Nos\u00a0<b>masques<\/b>\u00a0sont con\u00e7us en coton 100% naturel OU polyester\/polyamide, ils sont lavables jusqu\u2019\u00e0 minimum 10\u00a0fois \u00e0 60\u00b0c en machine, ils ont une forte capacit\u00e9 de\u00a0<b>filtration bact\u00e9rienne<\/b>. Ces masques lavables sont \u00e9galement disponibles en tailles adolescents \/ enfants, n\u2019h\u00e9sitez pas \u00e0 nous contacter. SISSI3SD propose \u00e9galement diverses options\u00a0: masque 100% personnalis\u00e9, logo de votre entreprise \u00e9tiquette personnalis\u00e9e, double \u00e9lastique\u2026<\/p>\t\t\t\t\t<\/div>\n\t\t\t\t\t\t<\/div>\n\t\t\t\t<\/div>\n\t\t\t\t\t\t<\/div>\n\t\t\t\t\t<\/div>\n\t\t<\/div>\n\t\t\t\t\t\t\t\t<\/div>\n\t\t\t\t\t<\/div>\n\t\t<\/section>\n\t\t\t\t<section class=\"elementor-section elementor-top-section elementor-element elementor-element-3bbbf0a elementor-section-boxed elementor-section-height-default elementor-section-height-default\" data-id=\"3bbbf0a\" data-element_type=\"section\">\n\t\t\t\t\t\t<div class=\"elementor-container elementor-column-gap-default\">\n\t\t\t\t\t\t\t<div class=\"elementor-row\">\n\t\t\t\t\t<div class=\"elementor-column elementor-col-100 elementor-top-column elementor-element elementor-element-706e1d5\" data-id=\"706e1d5\" data-element_type=\"column\">\n\t\t\t<div class=\"elementor-column-wrap elementor-element-populated\">\n\t\t\t\t\t\t\t<div class=\"elementor-widget-wrap\">\n\t\t\t\t\t\t<div class=\"elementor-element elementor-element-ee188b4 elementor-widget elementor-widget-image\" data-id=\"ee188b4\" data-element_type=\"widget\" data-widget_type=\"image.default\">\n\t\t\t\t<div class=\"elementor-widget-container\">\n\t\t\t\t\t\t\t\t<div class=\"elementor-image\">\n\t\t\t\t\t\t\t\t\t\t\t\t<img width=\"1024\" height=\"154\" src=\"https:\/\/sissi3sd.fr\/wp-content\/uploads\/2020\/07\/masque-tissus-1024x154.jpg\" class=\"attachment-large size-large\" alt=\"\" loading=\"lazy\" srcset=\"https:\/\/sissi3sd.fr\/wp-content\/uploads\/2020\/07\/masque-tissus-1024x154.jpg 1024w, https:\/\/sissi3sd.fr\/wp-content\/uploads\/2020\/07\/masque-tissus-300x45.jpg 300w, https:\/\/sissi3sd.fr\/wp-content\/uploads\/2020\/07\/masque-tissus-768x115.jpg 768w, https:\/\/sissi3sd.fr\/wp-content\/uploads\/2020\/07\/masque-tissus-260x39.jpg 260w, https:\/\/sissi3sd.fr\/wp-content\/uploads\/2020\/07\/masque-tissus-50x8.jpg 50w, https:\/\/sissi3sd.fr\/wp-content\/uploads\/2020\/07\/masque-tissus-150x23.jpg 150w, https:\/\/sissi3sd.fr\/wp-content\/uploads\/2020\/07\/masque-tissus.jpg 1200w\" sizes=\"(max-width: 1024px) 100vw, 1024px\" \/>\t\t\t\t\t\t\t\t\t\t\t\t\t\t<\/div>\n\t\t\t\t\t\t<\/div>\n\t\t\t\t<\/div>\n\t\t\t\t\t\t<\/div>\n\t\t\t\t\t<\/div>\n\t\t<\/div>\n\t\t\t\t\t\t\t\t<\/div>\n\t\t\t\t\t<\/div>\n\t\t<\/section>\n\t\t\t\t\t\t\t\t\t<\/div>\n\t\t\t<\/div>\n\t\t\t\t\t<\/div>\n\t\t","protected":false},"excerpt":{"rendered":"<p>SISSI3SD propose parmi sa large gamme de\u00a0masques de protection lavables et r\u00e9utilisables, des\u00a0masques conformes aux recommandations de l&rsquo;AFNOR\u00a0(SPEC S76 001)\u00a0et dont le nombre de lavage a<span class=\"excerpt-hellip\"> [\u2026]<\/span><\/p>\n","protected":false},"author":1,"featured_media":0,"parent":0,"menu_order":0,"comment_status":"closed","ping_status":"closed","template":"","meta":[],"_links":{"self":[{"href":"https:\/\/sissi3sd.fr\/index.php?rest_route=\/wp\/v2\/pages\/835"}],"collection":[{"href":"https:\/\/sissi3sd.fr\/index.php?rest_route=\/wp\/v2\/pages"}],"about":[{"href":"https:\/\/sissi3sd.fr\/index.php?rest_route=\/wp\/v2\/types\/page"}],"author":[{"embeddable":true,"href":"https:\/\/sissi3sd.fr\/index.php?rest_route=\/wp\/v2\/users\/1"}],"replies":[{"embeddable":true,"href":"https:\/\/sissi3sd.fr\/index.php?rest_route=%2Fwp%2Fv2%2Fcomments&post=835"}],"version-history":[{"count":4,"href":"https:\/\/sissi3sd.fr\/index.php?rest_route=\/wp\/v2\/pages\/835\/revisions"}],"predecessor-version":[{"id":1072,"href":"https:\/\/sissi3sd.fr\/index.php?rest_route=\/wp\/v2\/pages\/835\/revisions\/1072"}],"wp:attachment":[{"href":"https:\/\/sissi3sd.fr\/index.php?rest_route=%2Fwp%2Fv2%2Fmedia&parent=835"}],"curies":[{"name":"wp","href":"https:\/\/api.w.org\/{rel}","templated":true}]}}