{"id":858,"date":"2020-06-29T21:01:44","date_gmt":"2020-06-29T21:01:44","guid":{"rendered":"https:\/\/sissi3sd.fr\/?page_id=858"},"modified":"2020-07-13T14:48:09","modified_gmt":"2020-07-13T14:48:09","slug":"defibrillateurs","status":"publish","type":"page","link":"https:\/\/sissi3sd.fr\/?page_id=858","title":{"rendered":"D\u00e9fibrillateurs"},"content":{"rendered":"\t\t<div data-elementor-type=\"wp-page\" data-elementor-id=\"858\" class=\"elementor elementor-858\">\n\t\t\t\t\t\t<div class=\"elementor-inner\">\n\t\t\t\t<div class=\"elementor-section-wrap\">\n\t\t\t\t\t\t\t\t\t<section class=\"elementor-section elementor-top-section elementor-element elementor-element-00e1e80 elementor-section-boxed elementor-section-height-default elementor-section-height-default\" data-id=\"00e1e80\" data-element_type=\"section\">\n\t\t\t\t\t\t<div class=\"elementor-container elementor-column-gap-default\">\n\t\t\t\t\t\t\t<div class=\"elementor-row\">\n\t\t\t\t\t<div class=\"elementor-column elementor-col-100 elementor-top-column elementor-element elementor-element-76d2024\" data-id=\"76d2024\" data-element_type=\"column\">\n\t\t\t<div class=\"elementor-column-wrap elementor-element-populated\">\n\t\t\t\t\t\t\t<div class=\"elementor-widget-wrap\">\n\t\t\t\t\t\t<div class=\"elementor-element elementor-element-4c28667 elementor-widget elementor-widget-text-editor\" data-id=\"4c28667\" data-element_type=\"widget\" data-widget_type=\"text-editor.default\">\n\t\t\t\t<div class=\"elementor-widget-container\">\n\t\t\t\t\t\t\t\t<div class=\"elementor-text-editor elementor-clearfix\">\n\t\t\t\t<p>Le d\u00e9fibrillateur SISSI3SD r\u00e9pond aux normes Europ\u00e9ennes et Internationale. Il est l\u00e9ger complet et r\u00e9siste aux chocs.<\/p><p>Il vous guide pendant toutes les op\u00e9rations et vous aide \u00e0 la r\u00e9alisation du massage cardiaque gr\u00e2ce \u00e0 son m\u00e9tronome int\u00e9gr\u00e9.<\/p><p>Nous proposons diff\u00e9rentes solutions selon votre besoin : vente, location et maintenance de d\u00e9fibrillateurs.<\/p><p>Pour plus d&rsquo;informations concernant nos gammes et tarifs, merci de bien vouloir nous adresser votre demande via le formulaire rubrique contact ou par t\u00e9l\u00e9phone au 06.28.68.93.89\u00a0<\/p>\t\t\t\t\t<\/div>\n\t\t\t\t\t\t<\/div>\n\t\t\t\t<\/div>\n\t\t\t\t\t\t<\/div>\n\t\t\t\t\t<\/div>\n\t\t<\/div>\n\t\t\t\t\t\t\t\t<\/div>\n\t\t\t\t\t<\/div>\n\t\t<\/section>\n\t\t\t\t<section class=\"elementor-section elementor-top-section elementor-element elementor-element-589ddd4 elementor-section-boxed elementor-section-height-default elementor-section-height-default\" data-id=\"589ddd4\" data-element_type=\"section\">\n\t\t\t\t\t\t<div class=\"elementor-container elementor-column-gap-default\">\n\t\t\t\t\t\t\t<div class=\"elementor-row\">\n\t\t\t\t\t<div class=\"elementor-column elementor-col-33 elementor-top-column elementor-element elementor-element-c3f7226\" data-id=\"c3f7226\" data-element_type=\"column\">\n\t\t\t<div class=\"elementor-column-wrap elementor-element-populated\">\n\t\t\t\t\t\t\t<div class=\"elementor-widget-wrap\">\n\t\t\t\t\t\t<div class=\"elementor-element elementor-element-f38228a elementor-widget elementor-widget-image\" data-id=\"f38228a\" data-element_type=\"widget\" data-widget_type=\"image.default\">\n\t\t\t\t<div class=\"elementor-widget-container\">\n\t\t\t\t\t\t\t\t<div class=\"elementor-image\">\n\t\t\t\t\t\t\t\t\t\t\t\t<img width=\"626\" height=\"436\" src=\"https:\/\/sissi3sd.fr\/wp-content\/uploads\/2020\/07\/doctors-give-resuscitation-male-patient-emergency-room_179755-1398-1.jpg\" class=\"attachment-large size-large\" alt=\"\" loading=\"lazy\" srcset=\"https:\/\/sissi3sd.fr\/wp-content\/uploads\/2020\/07\/doctors-give-resuscitation-male-patient-emergency-room_179755-1398-1.jpg 626w, https:\/\/sissi3sd.fr\/wp-content\/uploads\/2020\/07\/doctors-give-resuscitation-male-patient-emergency-room_179755-1398-1-300x209.jpg 300w, https:\/\/sissi3sd.fr\/wp-content\/uploads\/2020\/07\/doctors-give-resuscitation-male-patient-emergency-room_179755-1398-1-210x146.jpg 210w, https:\/\/sissi3sd.fr\/wp-content\/uploads\/2020\/07\/doctors-give-resuscitation-male-patient-emergency-room_179755-1398-1-50x35.jpg 50w, https:\/\/sissi3sd.fr\/wp-content\/uploads\/2020\/07\/doctors-give-resuscitation-male-patient-emergency-room_179755-1398-1-108x75.jpg 108w\" sizes=\"(max-width: 626px) 100vw, 626px\" \/>\t\t\t\t\t\t\t\t\t\t\t\t\t\t<\/div>\n\t\t\t\t\t\t<\/div>\n\t\t\t\t<\/div>\n\t\t\t\t\t\t<\/div>\n\t\t\t\t\t<\/div>\n\t\t<\/div>\n\t\t\t\t<div class=\"elementor-column elementor-col-33 elementor-top-column elementor-element elementor-element-71f9b7d\" data-id=\"71f9b7d\" data-element_type=\"column\">\n\t\t\t<div class=\"elementor-column-wrap elementor-element-populated\">\n\t\t\t\t\t\t\t<div class=\"elementor-widget-wrap\">\n\t\t\t\t\t\t<div class=\"elementor-element elementor-element-09162bf elementor-widget elementor-widget-image\" data-id=\"09162bf\" data-element_type=\"widget\" data-widget_type=\"image.default\">\n\t\t\t\t<div class=\"elementor-widget-container\">\n\t\t\t\t\t\t\t\t<div class=\"elementor-image\">\n\t\t\t\t\t\t\t\t\t\t\t\t<img width=\"626\" height=\"417\" src=\"https:\/\/sissi3sd.fr\/wp-content\/uploads\/2020\/07\/paramedic-practicing-resuscitation-dummy_107420-77975-1.jpg\" class=\"attachment-large size-large\" alt=\"\" loading=\"lazy\" srcset=\"https:\/\/sissi3sd.fr\/wp-content\/uploads\/2020\/07\/paramedic-practicing-resuscitation-dummy_107420-77975-1.jpg 626w, https:\/\/sissi3sd.fr\/wp-content\/uploads\/2020\/07\/paramedic-practicing-resuscitation-dummy_107420-77975-1-300x200.jpg 300w, https:\/\/sissi3sd.fr\/wp-content\/uploads\/2020\/07\/paramedic-practicing-resuscitation-dummy_107420-77975-1-219x146.jpg 219w, https:\/\/sissi3sd.fr\/wp-content\/uploads\/2020\/07\/paramedic-practicing-resuscitation-dummy_107420-77975-1-50x33.jpg 50w, https:\/\/sissi3sd.fr\/wp-content\/uploads\/2020\/07\/paramedic-practicing-resuscitation-dummy_107420-77975-1-113x75.jpg 113w\" sizes=\"(max-width: 626px) 100vw, 626px\" \/>\t\t\t\t\t\t\t\t\t\t\t\t\t\t<\/div>\n\t\t\t\t\t\t<\/div>\n\t\t\t\t<\/div>\n\t\t\t\t\t\t<\/div>\n\t\t\t\t\t<\/div>\n\t\t<\/div>\n\t\t\t\t<div class=\"elementor-column elementor-col-33 elementor-top-column elementor-element elementor-element-d17cfcc\" data-id=\"d17cfcc\" data-element_type=\"column\">\n\t\t\t<div class=\"elementor-column-wrap elementor-element-populated\">\n\t\t\t\t\t\t\t<div class=\"elementor-widget-wrap\">\n\t\t\t\t\t\t<div class=\"elementor-element elementor-element-fa98e46 elementor-widget elementor-widget-image\" data-id=\"fa98e46\" data-element_type=\"widget\" data-widget_type=\"image.default\">\n\t\t\t\t<div class=\"elementor-widget-container\">\n\t\t\t\t\t\t\t\t<div class=\"elementor-image\">\n\t\t\t\t\t\t\t\t\t\t\t\t<img width=\"626\" height=\"417\" src=\"https:\/\/sissi3sd.fr\/wp-content\/uploads\/2020\/07\/paramedic-using-external-defibrillator-during-cardiopulmonary-resuscitation_107420-34960-1.jpg\" class=\"attachment-large size-large\" alt=\"\" loading=\"lazy\" srcset=\"https:\/\/sissi3sd.fr\/wp-content\/uploads\/2020\/07\/paramedic-using-external-defibrillator-during-cardiopulmonary-resuscitation_107420-34960-1.jpg 626w, https:\/\/sissi3sd.fr\/wp-content\/uploads\/2020\/07\/paramedic-using-external-defibrillator-during-cardiopulmonary-resuscitation_107420-34960-1-300x200.jpg 300w, https:\/\/sissi3sd.fr\/wp-content\/uploads\/2020\/07\/paramedic-using-external-defibrillator-during-cardiopulmonary-resuscitation_107420-34960-1-219x146.jpg 219w, https:\/\/sissi3sd.fr\/wp-content\/uploads\/2020\/07\/paramedic-using-external-defibrillator-during-cardiopulmonary-resuscitation_107420-34960-1-50x33.jpg 50w, https:\/\/sissi3sd.fr\/wp-content\/uploads\/2020\/07\/paramedic-using-external-defibrillator-during-cardiopulmonary-resuscitation_107420-34960-1-113x75.jpg 113w\" sizes=\"(max-width: 626px) 100vw, 626px\" \/>\t\t\t\t\t\t\t\t\t\t\t\t\t\t<\/div>\n\t\t\t\t\t\t<\/div>\n\t\t\t\t<\/div>\n\t\t\t\t\t\t<\/div>\n\t\t\t\t\t<\/div>\n\t\t<\/div>\n\t\t\t\t\t\t\t\t<\/div>\n\t\t\t\t\t<\/div>\n\t\t<\/section>\n\t\t\t\t\t\t\t\t\t<\/div>\n\t\t\t<\/div>\n\t\t\t\t\t<\/div>\n\t\t","protected":false},"excerpt":{"rendered":"<p>Le d\u00e9fibrillateur SISSI3SD r\u00e9pond aux normes Europ\u00e9ennes et Internationale. Il est l\u00e9ger complet et r\u00e9siste aux chocs. Il vous guide pendant toutes les op\u00e9rations et vous<span class=\"excerpt-hellip\"> [\u2026]<\/span><\/p>\n","protected":false},"author":1,"featured_media":0,"parent":0,"menu_order":0,"comment_status":"closed","ping_status":"closed","template":"","meta":[],"_links":{"self":[{"href":"https:\/\/sissi3sd.fr\/index.php?rest_route=\/wp\/v2\/pages\/858"}],"collection":[{"href":"https:\/\/sissi3sd.fr\/index.php?rest_route=\/wp\/v2\/pages"}],"about":[{"href":"https:\/\/sissi3sd.fr\/index.php?rest_route=\/wp\/v2\/types\/page"}],"author":[{"embeddable":true,"href":"https:\/\/sissi3sd.fr\/index.php?rest_route=\/wp\/v2\/users\/1"}],"replies":[{"embeddable":true,"href":"https:\/\/sissi3sd.fr\/index.php?rest_route=%2Fwp%2Fv2%2Fcomments&post=858"}],"version-history":[{"count":4,"href":"https:\/\/sissi3sd.fr\/index.php?rest_route=\/wp\/v2\/pages\/858\/revisions"}],"predecessor-version":[{"id":1193,"href":"https:\/\/sissi3sd.fr\/index.php?rest_route=\/wp\/v2\/pages\/858\/revisions\/1193"}],"wp:attachment":[{"href":"https:\/\/sissi3sd.fr\/index.php?rest_route=%2Fwp%2Fv2%2Fmedia&parent=858"}],"curies":[{"name":"wp","href":"https:\/\/api.w.org\/{rel}","templated":true}]}}